{"id":1121,"date":"2015-12-08T10:36:05","date_gmt":"2015-12-08T10:36:05","guid":{"rendered":"https:\/\/combotech.gr\/de\/?page_id=1121"},"modified":"2020-01-29T12:20:09","modified_gmt":"2020-01-29T10:20:09","slug":"firma","status":"publish","type":"page","link":"https:\/\/combotech.gr\/de\/firma\/","title":{"rendered":"Firma"},"content":{"rendered":"<h3>Firma<\/h3>\n<p><strong>ComboTech<\/strong> bietet spezialisierte technische Dienstleistungen in Bezug auf moderne Technologien f\u00fcr die Kommunikation, Internet und Satelliten-TV, sowie die entsprechende Installation, Unterst\u00fctzung und Wartung.<\/p>\n<p>Durch den Einsatz von gut ausgebildetem und zertifiziertem Personal, modernsten technischen Mitteln und einer umfassenden Ausr\u00fcstung, bieten wir technische Dienstleistungen in den Bereichen Faseroptik, Gesch\u00e4fts- und Haushaltskommunikation und Unterhaltung, Internetzugang, sowie auch Installation und Wartung von Telekommunikationsknotenpunkten und Netzwerken. Derzeit ist unser Unternehmen griechenlandweit der gr\u00f6\u00dfte Anbieter solcher Dienstleistungen mit lokaler Pr\u00e4senz und signifikanten Projekten in allen gro\u00dfen St\u00e4dten Griechenlands.<\/p>\n<p><strong>ComboTech ist der zuverl\u00e4ssige Gesch\u00e4ftspartner, den Sie brauchen.<\/strong><\/p>\n<p><strong>ComboTech<\/strong> bietet sowohl an <a href=\"http:\/\/www.linguee.de\/deutsch-englisch\/uebersetzung\/Gesch%C3%A4ftskunde.html\">Gesch\u00e4ftskunde<\/a>n als auch an Endnutzer spezialisierte Dienstleistungen, die sich \u00fcber das gesamte Spektrum der modernen Kommunikationstechnologien und technischen Unterst\u00fctzung erstrecken.<\/p>\n<p>Unser gut ausgebildetes Personal und die uns zur Verf\u00fcgung stehenden modernsten technischen Mittel erm\u00f6glichen uns, alle unmittelbar mit der Lichtwellenleitertechnologie, Gesch\u00e4fts- und Haushaltskommunikation und Unterhaltung, Internetzugang und Wartung von Telekommunikationsknotenpunkten in Verbindung stehenden Dienstleistungen zu bieten. Im Augenblick ist ComboTech der gr\u00f6\u00dfte Dienstleistungsunternehmer in Griechenland mit einer Pr\u00e4senz und Ausf\u00fchrung signifikanter Projekte in allen gro\u00dfen griechischen St\u00e4dten.<\/p>\n<p>Unsere eigene Fachkr\u00e4fte und Telekommunikationstechniker \u00fcber ganz Griechenland \u2013 jeder davon besitzt eine bew\u00e4hrte Erfahrung von mindestens f\u00fcnf Jahren \u2013 sowie unser starkes Unterst\u00fctzungsteam arbeitet ganz eng mit:<\/p>\n<ul>\n<li>einem vollautomatischen &#8222;Hot-Line&#8220; Unterst\u00fctzungssystem<\/li>\n<li>einer komplett parametrisierten CRM-Software f\u00fcr den Umgang mit Kunden, die Vereinbarung von Terminen zur Ausf\u00fchrung von Projekten, sowie die Materiallager<\/li>\n<li>einer erweiterten Datenbank mit einer vollst\u00e4ndigen Darstellung der Besonderheiten jedes Kunden, bei dem wir unsere Dienste geleistet haben.<\/li>\n<\/ul>\n<p><strong>ComboTech<\/strong> f\u00fchrt auch die anspruchsvollsten Business-Projekte durch, von den einfachsten Bed\u00fcrfnissen der Endnutzer bis zu den anspruchsvollsten Projekten der Gesch\u00e4ftskunden.<\/p>\n","protected":false},"excerpt":{"rendered":"<p>Firma ComboTech bietet spezialisierte technische Dienstleistungen in Bezug auf moderne Technologien f\u00fcr die Kommunikation, Internet und Satelliten-TV, sowie die entsprechende Installation, Unterst\u00fctzung und Wartung. Durch&#8230;<\/p>\n","protected":false},"author":1,"featured_media":0,"parent":0,"menu_order":0,"comment_status":"closed","ping_status":"closed","template":"","meta":[],"yoast_head":"<!-- This site is optimized with the Yoast SEO plugin v20.7 - https:\/\/yoast.com\/wordpress\/plugins\/seo\/ -->\n<title>Firma - Combotech<\/title>\n<meta name=\"robots\" content=\"index, follow, max-snippet:-1, max-image-preview:large, max-video-preview:-1\" \/>\n<link rel=\"canonical\" href=\"https:\/\/combotech.gr\/de\/firma\/\" \/>\n<meta property=\"og:locale\" content=\"de_DE\" \/>\n<meta property=\"og:type\" content=\"article\" \/>\n<meta property=\"og:title\" content=\"Firma - Combotech\" \/>\n<meta property=\"og:description\" content=\"Firma ComboTech bietet spezialisierte technische Dienstleistungen in Bezug auf moderne Technologien f\u00fcr die Kommunikation, Internet und Satelliten-TV, sowie die entsprechende Installation, Unterst\u00fctzung und Wartung. Durch...\" \/>\n<meta property=\"og:url\" content=\"https:\/\/combotech.gr\/de\/firma\/\" \/>\n<meta property=\"og:site_name\" content=\"Combotech\" \/>\n<meta property=\"article:modified_time\" content=\"2020-01-29T10:20:09+00:00\" \/>\n<meta name=\"twitter:label1\" content=\"Gesch\u00e4tzte Lesezeit\" \/>\n\t<meta name=\"twitter:data1\" content=\"1 Minute\" \/>\n<script type=\"application\/ld+json\" class=\"yoast-schema-graph\">{\"@context\":\"https:\/\/schema.org\",\"@graph\":[{\"@type\":\"WebPage\",\"@id\":\"https:\/\/combotech.gr\/de\/firma\/\",\"url\":\"https:\/\/combotech.gr\/de\/firma\/\",\"name\":\"Firma - Combotech\",\"isPartOf\":{\"@id\":\"https:\/\/combotech.gr\/#website\"},\"datePublished\":\"2015-12-08T10:36:05+00:00\",\"dateModified\":\"2020-01-29T10:20:09+00:00\",\"breadcrumb\":{\"@id\":\"https:\/\/combotech.gr\/de\/firma\/#breadcrumb\"},\"inLanguage\":\"de-DE\",\"potentialAction\":[{\"@type\":\"ReadAction\",\"target\":[\"https:\/\/combotech.gr\/de\/firma\/\"]}]},{\"@type\":\"BreadcrumbList\",\"@id\":\"https:\/\/combotech.gr\/de\/firma\/#breadcrumb\",\"itemListElement\":[{\"@type\":\"ListItem\",\"position\":1,\"name\":\"Home\",\"item\":\"https:\/\/combotech.gr\/\"},{\"@type\":\"ListItem\",\"position\":2,\"name\":\"Firma\"}]},{\"@type\":\"WebSite\",\"@id\":\"https:\/\/combotech.gr\/#website\",\"url\":\"https:\/\/combotech.gr\/\",\"name\":\"Combotech\",\"description\":\"\u03c4\u03b7\u03bb\u03ad\u03c6\u03c9\u03bd\u03bf | \u03b4\u03b9\u03b1\u03b4\u03af\u03ba\u03c4\u03c5\u03bf |\u03b4\u03bf\u03c1\u03c5\u03c6\u03bf\u03c1\u03b9\u03ba\u03ac | \u03bf\u03c0\u03c4\u03b9\u03ba\u03ad\u03c2 \u03af\u03bd\u03b5\u03c2\",\"publisher\":{\"@id\":\"https:\/\/combotech.gr\/#organization\"},\"potentialAction\":[{\"@type\":\"SearchAction\",\"target\":{\"@type\":\"EntryPoint\",\"urlTemplate\":\"https:\/\/combotech.gr\/?s={search_term_string}\"},\"query-input\":\"required name=search_term_string\"}],\"inLanguage\":\"de-DE\"},{\"@type\":\"Organization\",\"@id\":\"https:\/\/combotech.gr\/#organization\",\"name\":\"Combotech\",\"url\":\"https:\/\/combotech.gr\/\",\"logo\":{\"@type\":\"ImageObject\",\"inLanguage\":\"de-DE\",\"@id\":\"https:\/\/combotech.gr\/#\/schema\/logo\/image\/\",\"url\":\"https:\/\/combotech.gr\/wp-content\/uploads\/2014\/11\/favicon.png\",\"contentUrl\":\"https:\/\/combotech.gr\/wp-content\/uploads\/2014\/11\/favicon.png\",\"width\":150,\"height\":150,\"caption\":\"Combotech\"},\"image\":{\"@id\":\"https:\/\/combotech.gr\/#\/schema\/logo\/image\/\"}}]}<\/script>\n<!-- \/ Yoast SEO plugin. -->","yoast_head_json":{"title":"Firma - Combotech","robots":{"index":"index","follow":"follow","max-snippet":"max-snippet:-1","max-image-preview":"max-image-preview:large","max-video-preview":"max-video-preview:-1"},"canonical":"https:\/\/combotech.gr\/de\/firma\/","og_locale":"de_DE","og_type":"article","og_title":"Firma - Combotech","og_description":"Firma ComboTech bietet spezialisierte technische Dienstleistungen in Bezug auf moderne Technologien f\u00fcr die Kommunikation, Internet und Satelliten-TV, sowie die entsprechende Installation, Unterst\u00fctzung und Wartung. Durch...","og_url":"https:\/\/combotech.gr\/de\/firma\/","og_site_name":"Combotech","article_modified_time":"2020-01-29T10:20:09+00:00","twitter_misc":{"Gesch\u00e4tzte Lesezeit":"1 Minute"},"schema":{"@context":"https:\/\/schema.org","@graph":[{"@type":"WebPage","@id":"https:\/\/combotech.gr\/de\/firma\/","url":"https:\/\/combotech.gr\/de\/firma\/","name":"Firma - Combotech","isPartOf":{"@id":"https:\/\/combotech.gr\/#website"},"datePublished":"2015-12-08T10:36:05+00:00","dateModified":"2020-01-29T10:20:09+00:00","breadcrumb":{"@id":"https:\/\/combotech.gr\/de\/firma\/#breadcrumb"},"inLanguage":"de-DE","potentialAction":[{"@type":"ReadAction","target":["https:\/\/combotech.gr\/de\/firma\/"]}]},{"@type":"BreadcrumbList","@id":"https:\/\/combotech.gr\/de\/firma\/#breadcrumb","itemListElement":[{"@type":"ListItem","position":1,"name":"Home","item":"https:\/\/combotech.gr\/"},{"@type":"ListItem","position":2,"name":"Firma"}]},{"@type":"WebSite","@id":"https:\/\/combotech.gr\/#website","url":"https:\/\/combotech.gr\/","name":"Combotech","description":"\u03c4\u03b7\u03bb\u03ad\u03c6\u03c9\u03bd\u03bf | \u03b4\u03b9\u03b1\u03b4\u03af\u03ba\u03c4\u03c5\u03bf |\u03b4\u03bf\u03c1\u03c5\u03c6\u03bf\u03c1\u03b9\u03ba\u03ac | \u03bf\u03c0\u03c4\u03b9\u03ba\u03ad\u03c2 \u03af\u03bd\u03b5\u03c2","publisher":{"@id":"https:\/\/combotech.gr\/#organization"},"potentialAction":[{"@type":"SearchAction","target":{"@type":"EntryPoint","urlTemplate":"https:\/\/combotech.gr\/?s={search_term_string}"},"query-input":"required name=search_term_string"}],"inLanguage":"de-DE"},{"@type":"Organization","@id":"https:\/\/combotech.gr\/#organization","name":"Combotech","url":"https:\/\/combotech.gr\/","logo":{"@type":"ImageObject","inLanguage":"de-DE","@id":"https:\/\/combotech.gr\/#\/schema\/logo\/image\/","url":"https:\/\/combotech.gr\/wp-content\/uploads\/2014\/11\/favicon.png","contentUrl":"https:\/\/combotech.gr\/wp-content\/uploads\/2014\/11\/favicon.png","width":150,"height":150,"caption":"Combotech"},"image":{"@id":"https:\/\/combotech.gr\/#\/schema\/logo\/image\/"}}]}},"_links":{"self":[{"href":"https:\/\/combotech.gr\/de\/wp-json\/wp\/v2\/pages\/1121"}],"collection":[{"href":"https:\/\/combotech.gr\/de\/wp-json\/wp\/v2\/pages"}],"about":[{"href":"https:\/\/combotech.gr\/de\/wp-json\/wp\/v2\/types\/page"}],"author":[{"embeddable":true,"href":"https:\/\/combotech.gr\/de\/wp-json\/wp\/v2\/users\/1"}],"replies":[{"embeddable":true,"href":"https:\/\/combotech.gr\/de\/wp-json\/wp\/v2\/comments?post=1121"}],"version-history":[{"count":1,"href":"https:\/\/combotech.gr\/de\/wp-json\/wp\/v2\/pages\/1121\/revisions"}],"predecessor-version":[{"id":6758,"href":"https:\/\/combotech.gr\/de\/wp-json\/wp\/v2\/pages\/1121\/revisions\/6758"}],"wp:attachment":[{"href":"https:\/\/combotech.gr\/de\/wp-json\/wp\/v2\/media?parent=1121"}],"curies":[{"name":"wp","href":"https:\/\/api.w.org\/{rel}","templated":true}]}}