{"id":1123,"date":"2015-12-08T10:37:36","date_gmt":"2015-12-08T10:37:36","guid":{"rendered":"https:\/\/combotech.gr\/de\/?page_id=1123"},"modified":"2015-12-11T09:39:13","modified_gmt":"2015-12-11T09:39:13","slug":"infrastruktur","status":"publish","type":"page","link":"https:\/\/combotech.gr\/de\/infrastruktur\/","title":{"rendered":"Infrastruktur"},"content":{"rendered":"[av_heading heading=&#8217;Infrastruktur&#8216; tag=&#8217;h3&#8242; style=&#8217;blockquote modern-quote&#8216; size=&#8217;20&#8216; subheading_active=&#8220; subheading_size=&#8217;15&#8216; padding=&#8217;15&#8216; color=&#8217;custom-color-heading&#8216; custom_font=&#8217;#f47e20&#8242;][\/av_heading]\n[av_textblock size=&#8220; font_color=&#8220; color=&#8220;]\n<p style=\"text-align: justify;\"><strong>ComboTech<\/strong> ist spezialisiert auf Anlagen, Wartung und Schadensmanagement in den Bereichen Faseroptik, Telekommunikation, Elektroinstallationen und Telekommunikationsknoten . Es hat auch die F\u00e4higkeit, seinen Kunden entweder unter Wartungsvertr\u00e4ge bieten technischen Support, oder gegebenenfalls.<\/p>\n<p>Unser Zusammengehen mit dem neuen technologischen Stand f\u00fchrte uns zu einem st\u00e4ndigen Versuch, unsere Infrastruktur zu verbessern.<\/p>\n<p>So, sind wir heute stolz auf:<\/p>\n[\/av_textblock]\n[av_one_half first]\n[av_slideshow size=&#8217;no scaling&#8216; animation=&#8217;slide&#8216; autoplay=&#8217;true&#8216; interval=&#8217;4&#8242; control_layout=&#8220;]\n[av_slide id=&#8217;154&#8242; slide_type=&#8220; video=&#8217;http:\/\/&#8216; mobile_image=&#8220; video_ratio=&#8217;16:9&#8242; video_controls=&#8220; video_mute=&#8220; video_loop=&#8220; video_autoplay=&#8220; title=&#8220; link_apply=&#8220; link=&#8220; link_target=&#8220;][\/av_slide]\n[av_slide id=&#8217;153&#8242; slide_type=&#8220; video=&#8217;http:\/\/&#8216; mobile_image=&#8220; video_ratio=&#8217;16:9&#8242; video_controls=&#8220; video_mute=&#8220; video_loop=&#8220; video_autoplay=&#8220; title=&#8220; link_apply=&#8220; link=&#8220; link_target=&#8220;][\/av_slide]\n[av_slide id=&#8217;152&#8242; slide_type=&#8220; video=&#8217;http:\/\/&#8216; mobile_image=&#8220; video_ratio=&#8217;16:9&#8242; video_controls=&#8220; video_mute=&#8220; video_loop=&#8220; video_autoplay=&#8220; title=&#8220; link_apply=&#8220; link=&#8220; link_target=&#8220;][\/av_slide]\n[av_slide id=&#8217;150&#8242; slide_type=&#8220; video=&#8217;http:\/\/&#8216; mobile_image=&#8220; video_ratio=&#8217;16:9&#8242; video_controls=&#8220; video_mute=&#8220; video_loop=&#8220; video_autoplay=&#8220; title=&#8220; link_apply=&#8220; link=&#8220; link_target=&#8220;][\/av_slide]\n[\/av_slideshow]\n[av_textblock size=&#8220; font_color=&#8220; color=&#8220;]\n[su_button url=&#8220;https:\/\/combotech.gr\/de\/lichtwellenleiter\/&#8220; background=&#8220;#F4821F&#8220; color=&#8220;#ffffff&#8220; size=&#8220;5&#8243; wide=&#8220;yes&#8220; icon_color=&#8220;#8f4949&#8243;]Lichtwellenleiter[\/su_button][su_button url=&#8220;https:\/\/combotech.gr\/de\/wartung-von-netzwerken-und-infrastruktur\/&#8220; background=&#8220;#F4821F&#8220; color=&#8220;#ffffff&#8220; size=&#8220;5&#8243; wide=&#8220;yes&#8220; icon_color=&#8220;#8f4949&#8243;]Wartung von Netzwerken und Infrastruktur[\/su_button][su_button url=&#8220;https:\/\/combotech.gr\/de\/einrichtungen-technische-unterstuetzung\/&#8220; background=&#8220;#F4821F&#8220; color=&#8220;#ffffff&#8220; size=&#8220;5&#8243; wide=&#8220;yes&#8220; icon_color=&#8220;#8f4949&#8243;]Einrichtungen &amp; technische Unterst\u00fctzung[\/su_button][su_button url=&#8220;https:\/\/combotech.gr\/de\/telefon-internet\/&#8220; background=&#8220;#F4821F&#8220; color=&#8220;#ffffff&#8220; size=&#8220;5&#8243; wide=&#8220;yes&#8220; icon_color=&#8220;#8f4949&#8243;]Telefon &amp; Internet[\/su_button][su_button url=&#8220;https:\/\/combotech.gr\/de\/telefon-broadband-satellitensysteme\/&#8220; background=&#8220;#F4821F&#8220; color=&#8220;#ffffff&#8220; size=&#8220;5&#8243; wide=&#8220;yes&#8220; icon_color=&#8220;#8f4949&#8243;]Telefon &amp; Broadband Satellitensysteme[\/su_button]\n[su_button url=&#8220;https:\/\/combotech.gr\/de\/kontakt\/&#8220; background=&#8220;#939598&#8243; color=&#8220;#ffffff&#8220; size=&#8220;7&#8243; wide=&#8220;no&#8220; icon_color=&#8220;#8f4949&#8243;]Expression of Interest[\/su_button]\n[\/av_textblock]\n[\/av_one_half]\n[av_one_half min_height=&#8220; vertical_alignment=&#8220; space=&#8220; custom_margin=&#8220; margin=&#8217;0px&#8216; padding=&#8217;0px&#8216; border=&#8220; border_color=&#8220; radius=&#8217;0px&#8216; background_color=&#8220; src=&#8220; background_position=&#8217;top left&#8216; background_repeat=&#8217;no-repeat&#8216;]\n[av_iconlist position=&#8217;left&#8216; font_color=&#8220; custom_title=&#8220; custom_content=&#8220; color=&#8217;custom&#8216; custom_bg=&#8217;#f4821f&#8216; custom_font=&#8220; custom_border=&#8220;]\n[av_iconlist_item title=&#8220; link=&#8220; linktarget=&#8220; linkelement=&#8220; icon=&#8217;ue842&#8242; font=&#8217;entypo-fontello&#8216;]\n[su_accordion]\n[su_spoiler title=&#8220;<strong>Ein Netzwerk von Technikern in ganz Griechenland<\/strong>&#8222;]<strong>Ein Griechenlandweites hoch ausgebildetes und qualifiziertes Technikernetzwerk<\/strong> (unter Arbeitsvertrag, also keine externe Mitarbeiter), eigene technische Mittel und Fahrzeuge, voll ausgestattete Werkst\u00e4tten und die M\u00f6glichkeit, uns \u00fcberall in Griechenland schnellstens einzuschalten.<\/p>\n[\/su_spoiler]\n[\/su_accordion]\n[\/av_iconlist_item]\n[av_iconlist_item title=&#8220; link=&#8220; linktarget=&#8220; linkelement=&#8220; icon=&#8217;ue851&#8242; font=&#8217;entypo-fontello&#8216;]\n[su_accordion]\n[su_spoiler title=&#8220;<strong>CT Support Software<\/strong>&#8222;]<strong>Unsere exklusive, vollst\u00e4ndig konfigurierte CRM-Software<\/strong>. Die &#8222;<strong>CT Support\u2122<\/strong>&#8222;-Plattform wurde im WAHRSTEN Sinne von Grund auf neu erstellt und regelt alle Phasen unserer t\u00e4glichen Arbeit: Zuweisung von Aufgaben an Techniker, die \u00dcberwachung unser Lager und unser Abrechnungsverfahren. Das Anwendungsprogramm ist v\u00f6llig webbasiert und erlaubt uns somit, es auch au\u00dferhalb des B\u00fcros zu verwenden, immer wenn dringende Erfordernisse es verlangen.[\/su_spoiler]\n[\/su_accordion]\n[\/av_iconlist_item]\n[av_iconlist_item title=&#8220; link=&#8220; linktarget=&#8220; linkelement=&#8220; icon=&#8217;ue844&#8242; font=&#8217;entypo-fontello&#8216;]\n[su_accordion]\n[su_spoiler title=&#8220;<strong>Eine praktische Job-Scheduling-System<\/strong>&#8222;]Eine <strong>GPS-basierte<\/strong> Projektplanungsplattform und das <strong>Flottenmanagementsystem<\/strong>, um die Reaktionszeit beim Kunden zu minimieren, die Projekte ortsspezifisch zu gruppieren, den gegebenenfalls ergebenden au\u00dfergew\u00f6hnlichen Projekten unmittelbar nachzukommen und die volle Kontrolle \u00fcber Qualit\u00e4t und Reaktionszeit zu bewahren.[\/su_spoiler]\n[\/su_accordion]\n[\/av_iconlist_item]\n[av_iconlist_item title=&#8220; link=&#8220; linktarget=&#8220; linkelement=&#8220; icon=&#8217;ue857&#8242; font=&#8217;entypo-fontello&#8216;]\n[su_accordion]\n[su_spoiler title=&#8220;<strong>Eine komplette Telekommunikationseinrichtung<\/strong>&#8222;]<strong>Ein komplettes Telefonie und Internet-Zugangssystem<\/strong>: von Mietleitungen f\u00fcr Internet, \u00a0Email-Server, Datensicherung, Datenbank und ein digitales &#8222;Asterisk\u201c-basiertes Call-Center bis zu einem GSM-Telefonsystem f\u00fcr Notf\u00e4lle. Und all dies in unseren eigenen R\u00e4umlichkeiten untergebracht direkt \u00fcberwacht und durch unsere eigenen Haustechniker kontrolliert.<\/p>\n[\/su_spoiler]\n[\/su_accordion]\n[\/av_iconlist_item]\n[\/av_iconlist]\n[\/av_one_half][av_google_map height=&#8217;500px&#8216; zoom=&#8217;auto&#8216; saturation=&#8216;-100&#8242; hue=&#8220;]\n[av_gmap_location address=&#8217;Athen&#8216; city=&#8220; country=&#8220; long=&#8217;23.729359899999963&#8242; lat=&#8217;37.983917&#8242; tooltip_display=&#8217;aviaTBaviaTBtooltip_display&#8216; marker=&#8217;319&#8242; imagesize=&#8217;40&#8216;]\nSarpidonos 24, Athen 10442<br \/>\nTel. +30 21 10 10 7000<br \/>\n[\/av_gmap_location]\n[av_gmap_location address=&#8217;Thessaloniki&#8216; city=&#8217;Thessaloniki&#8216; country=&#8217;\u0395\u03bb\u03bb\u03ac\u03b4\u03b1&#8216; long=&#8217;22.944419100000005&#8242; lat=&#8217;40.6400629&#8242; tooltip_display=&#8217;aviaTBaviaTBtooltip_display&#8216; marker=&#8217;319&#8242; imagesize=&#8217;40&#8216;]\nProektasi Olympiados K6<br \/>\nEvosmos 56224 Thessaloniki, Tel. +30 23 10 68 5318<br \/>\n[\/av_gmap_location]\n[av_gmap_location address=&#8217;Ioannina&#8216; city=&#8220; country=&#8220; long=&#8217;20.853746600000022&#8242; lat=&#8217;39.66502880000001&#8242; marker=&#8217;320&#8242; imagesize=&#8217;30&#8216;][\/av_gmap_location]\n[av_gmap_location address=&#8217;Patras&#8216; city=&#8220; country=&#8220; long=&#8217;21.734574000000066&#8242; lat=&#8217;38.2466395&#8242; marker=&#8217;320&#8242; imagesize=&#8217;30&#8216;][\/av_gmap_location]\n[av_gmap_location address=&#8217;Kavala&#8216; city=&#8220; country=&#8220; long=&#8217;24.412866000000008&#8242; lat=&#8217;40.937607&#8242; marker=&#8217;320&#8242; imagesize=&#8217;30&#8216;][\/av_gmap_location]\n[av_gmap_location address=&#8217;Heraklion&#8216; city=&#8220; country=&#8220; long=&#8217;25.144212599999946&#8242; lat=&#8217;35.3387352&#8242; marker=&#8217;320&#8242; imagesize=&#8217;30&#8216;][\/av_gmap_location]\n[av_gmap_location address=&#8217;Larissa&#8216; city=&#8220; country=&#8220; long=&#8217;22.419125399999984&#8242; lat=&#8217;39.63902239999999&#8242; marker=&#8217;320&#8242; imagesize=&#8217;30&#8216;][\/av_gmap_location]\n[av_gmap_location address=&#8217;Alexandroupolis&#8216; city=&#8220; country=&#8220; long=&#8217;25.873962000000006&#8242; lat=&#8217;40.8457193&#8242; marker=&#8217;320&#8242; imagesize=&#8217;30&#8216;][\/av_gmap_location]\n[\/av_google_map]\n","protected":false},"excerpt":{"rendered":"<p>[av_heading heading=&#8217;Infrastruktur&#8216; tag=&#8217;h3&#8242; style=&#8217;blockquote modern-quote&#8216; size=&#8217;20&#8216; subheading_active=&#8220; subheading_size=&#8217;15&#8216; padding=&#8217;15&#8216; color=&#8217;custom-color-heading&#8216; custom_font=&#8217;#f47e20&#8242;][\/av_heading] [av_textblock size=&#8220; font_color=&#8220; color=&#8220;] ComboTech ist spezialisiert auf Anlagen, Wartung und Schadensmanagement in den&#8230;<\/p>\n","protected":false},"author":1,"featured_media":0,"parent":0,"menu_order":0,"comment_status":"closed","ping_status":"closed","template":"","meta":[],"yoast_head":"<!-- This site is optimized with the Yoast SEO plugin v20.7 - https:\/\/yoast.com\/wordpress\/plugins\/seo\/ -->\n<title>Infrastruktur - Combotech<\/title>\n<meta name=\"robots\" content=\"index, follow, max-snippet:-1, max-image-preview:large, max-video-preview:-1\" \/>\n<link rel=\"canonical\" href=\"https:\/\/combotech.gr\/de\/infrastruktur\/\" \/>\n<meta property=\"og:locale\" content=\"de_DE\" \/>\n<meta property=\"og:type\" content=\"article\" \/>\n<meta property=\"og:title\" content=\"Infrastruktur - Combotech\" \/>\n<meta property=\"og:description\" content=\"[av_heading heading=&#8217;Infrastruktur&#8216; tag=&#8217;h3&#8242; style=&#8217;blockquote modern-quote&#8216; size=&#8217;20&#8216; subheading_active=&#8220; subheading_size=&#8217;15&#8216; padding=&#8217;15&#8216; color=&#8217;custom-color-heading&#8216; custom_font=&#8217;#f47e20&#8242;][\/av_heading] [av_textblock size=&#8220; font_color=&#8220; color=&#8220;] ComboTech ist spezialisiert auf Anlagen, Wartung und Schadensmanagement in den...\" \/>\n<meta property=\"og:url\" content=\"https:\/\/combotech.gr\/de\/infrastruktur\/\" \/>\n<meta property=\"og:site_name\" content=\"Combotech\" \/>\n<meta property=\"article:modified_time\" content=\"2015-12-11T09:39:13+00:00\" \/>\n<meta name=\"twitter:label1\" content=\"Gesch\u00e4tzte Lesezeit\" \/>\n\t<meta name=\"twitter:data1\" content=\"5 Minuten\" \/>\n<script type=\"application\/ld+json\" class=\"yoast-schema-graph\">{\"@context\":\"https:\/\/schema.org\",\"@graph\":[{\"@type\":\"WebPage\",\"@id\":\"https:\/\/combotech.gr\/de\/infrastruktur\/\",\"url\":\"https:\/\/combotech.gr\/de\/infrastruktur\/\",\"name\":\"Infrastruktur - Combotech\",\"isPartOf\":{\"@id\":\"https:\/\/combotech.gr\/#website\"},\"datePublished\":\"2015-12-08T10:37:36+00:00\",\"dateModified\":\"2015-12-11T09:39:13+00:00\",\"breadcrumb\":{\"@id\":\"https:\/\/combotech.gr\/de\/infrastruktur\/#breadcrumb\"},\"inLanguage\":\"de-DE\",\"potentialAction\":[{\"@type\":\"ReadAction\",\"target\":[\"https:\/\/combotech.gr\/de\/infrastruktur\/\"]}]},{\"@type\":\"BreadcrumbList\",\"@id\":\"https:\/\/combotech.gr\/de\/infrastruktur\/#breadcrumb\",\"itemListElement\":[{\"@type\":\"ListItem\",\"position\":1,\"name\":\"Home\",\"item\":\"https:\/\/combotech.gr\/\"},{\"@type\":\"ListItem\",\"position\":2,\"name\":\"Infrastruktur\"}]},{\"@type\":\"WebSite\",\"@id\":\"https:\/\/combotech.gr\/#website\",\"url\":\"https:\/\/combotech.gr\/\",\"name\":\"Combotech\",\"description\":\"\u03c4\u03b7\u03bb\u03ad\u03c6\u03c9\u03bd\u03bf | \u03b4\u03b9\u03b1\u03b4\u03af\u03ba\u03c4\u03c5\u03bf |\u03b4\u03bf\u03c1\u03c5\u03c6\u03bf\u03c1\u03b9\u03ba\u03ac | \u03bf\u03c0\u03c4\u03b9\u03ba\u03ad\u03c2 \u03af\u03bd\u03b5\u03c2\",\"publisher\":{\"@id\":\"https:\/\/combotech.gr\/#organization\"},\"potentialAction\":[{\"@type\":\"SearchAction\",\"target\":{\"@type\":\"EntryPoint\",\"urlTemplate\":\"https:\/\/combotech.gr\/?s={search_term_string}\"},\"query-input\":\"required name=search_term_string\"}],\"inLanguage\":\"de-DE\"},{\"@type\":\"Organization\",\"@id\":\"https:\/\/combotech.gr\/#organization\",\"name\":\"Combotech\",\"url\":\"https:\/\/combotech.gr\/\",\"logo\":{\"@type\":\"ImageObject\",\"inLanguage\":\"de-DE\",\"@id\":\"https:\/\/combotech.gr\/#\/schema\/logo\/image\/\",\"url\":\"https:\/\/combotech.gr\/wp-content\/uploads\/2014\/11\/favicon.png\",\"contentUrl\":\"https:\/\/combotech.gr\/wp-content\/uploads\/2014\/11\/favicon.png\",\"width\":150,\"height\":150,\"caption\":\"Combotech\"},\"image\":{\"@id\":\"https:\/\/combotech.gr\/#\/schema\/logo\/image\/\"}}]}<\/script>\n<!-- \/ Yoast SEO plugin. -->","yoast_head_json":{"title":"Infrastruktur - Combotech","robots":{"index":"index","follow":"follow","max-snippet":"max-snippet:-1","max-image-preview":"max-image-preview:large","max-video-preview":"max-video-preview:-1"},"canonical":"https:\/\/combotech.gr\/de\/infrastruktur\/","og_locale":"de_DE","og_type":"article","og_title":"Infrastruktur - Combotech","og_description":"[av_heading heading=&#8217;Infrastruktur&#8216; tag=&#8217;h3&#8242; style=&#8217;blockquote modern-quote&#8216; size=&#8217;20&#8216; subheading_active=&#8220; subheading_size=&#8217;15&#8216; padding=&#8217;15&#8216; color=&#8217;custom-color-heading&#8216; custom_font=&#8217;#f47e20&#8242;][\/av_heading] [av_textblock size=&#8220; font_color=&#8220; color=&#8220;] ComboTech ist spezialisiert auf Anlagen, Wartung und Schadensmanagement in den...","og_url":"https:\/\/combotech.gr\/de\/infrastruktur\/","og_site_name":"Combotech","article_modified_time":"2015-12-11T09:39:13+00:00","twitter_misc":{"Gesch\u00e4tzte Lesezeit":"5 Minuten"},"schema":{"@context":"https:\/\/schema.org","@graph":[{"@type":"WebPage","@id":"https:\/\/combotech.gr\/de\/infrastruktur\/","url":"https:\/\/combotech.gr\/de\/infrastruktur\/","name":"Infrastruktur - Combotech","isPartOf":{"@id":"https:\/\/combotech.gr\/#website"},"datePublished":"2015-12-08T10:37:36+00:00","dateModified":"2015-12-11T09:39:13+00:00","breadcrumb":{"@id":"https:\/\/combotech.gr\/de\/infrastruktur\/#breadcrumb"},"inLanguage":"de-DE","potentialAction":[{"@type":"ReadAction","target":["https:\/\/combotech.gr\/de\/infrastruktur\/"]}]},{"@type":"BreadcrumbList","@id":"https:\/\/combotech.gr\/de\/infrastruktur\/#breadcrumb","itemListElement":[{"@type":"ListItem","position":1,"name":"Home","item":"https:\/\/combotech.gr\/"},{"@type":"ListItem","position":2,"name":"Infrastruktur"}]},{"@type":"WebSite","@id":"https:\/\/combotech.gr\/#website","url":"https:\/\/combotech.gr\/","name":"Combotech","description":"\u03c4\u03b7\u03bb\u03ad\u03c6\u03c9\u03bd\u03bf | \u03b4\u03b9\u03b1\u03b4\u03af\u03ba\u03c4\u03c5\u03bf |\u03b4\u03bf\u03c1\u03c5\u03c6\u03bf\u03c1\u03b9\u03ba\u03ac | \u03bf\u03c0\u03c4\u03b9\u03ba\u03ad\u03c2 \u03af\u03bd\u03b5\u03c2","publisher":{"@id":"https:\/\/combotech.gr\/#organization"},"potentialAction":[{"@type":"SearchAction","target":{"@type":"EntryPoint","urlTemplate":"https:\/\/combotech.gr\/?s={search_term_string}"},"query-input":"required name=search_term_string"}],"inLanguage":"de-DE"},{"@type":"Organization","@id":"https:\/\/combotech.gr\/#organization","name":"Combotech","url":"https:\/\/combotech.gr\/","logo":{"@type":"ImageObject","inLanguage":"de-DE","@id":"https:\/\/combotech.gr\/#\/schema\/logo\/image\/","url":"https:\/\/combotech.gr\/wp-content\/uploads\/2014\/11\/favicon.png","contentUrl":"https:\/\/combotech.gr\/wp-content\/uploads\/2014\/11\/favicon.png","width":150,"height":150,"caption":"Combotech"},"image":{"@id":"https:\/\/combotech.gr\/#\/schema\/logo\/image\/"}}]}},"_links":{"self":[{"href":"https:\/\/combotech.gr\/de\/wp-json\/wp\/v2\/pages\/1123"}],"collection":[{"href":"https:\/\/combotech.gr\/de\/wp-json\/wp\/v2\/pages"}],"about":[{"href":"https:\/\/combotech.gr\/de\/wp-json\/wp\/v2\/types\/page"}],"author":[{"embeddable":true,"href":"https:\/\/combotech.gr\/de\/wp-json\/wp\/v2\/users\/1"}],"replies":[{"embeddable":true,"href":"https:\/\/combotech.gr\/de\/wp-json\/wp\/v2\/comments?post=1123"}],"version-history":[{"count":0,"href":"https:\/\/combotech.gr\/de\/wp-json\/wp\/v2\/pages\/1123\/revisions"}],"wp:attachment":[{"href":"https:\/\/combotech.gr\/de\/wp-json\/wp\/v2\/media?parent=1123"}],"curies":[{"name":"wp","href":"https:\/\/api.w.org\/{rel}","templated":true}]}}