{"id":1125,"date":"2015-12-08T10:39:09","date_gmt":"2015-12-08T10:39:09","guid":{"rendered":"https:\/\/combotech.gr\/de\/?page_id=1125"},"modified":"2020-01-29T12:33:17","modified_gmt":"2020-01-29T10:33:17","slug":"kontakt-2","status":"publish","type":"page","link":"https:\/\/combotech.gr\/de\/kontakt-2\/","title":{"rendered":"Kontakt"},"content":{"rendered":"<p>Bei allem, wobei wir Ihnen helfen k\u00f6nnen, aber auch f\u00fcr alles, was wir Ihrer Meinung nach f\u00fcr Sie machen k\u00f6nnen, kontaktieren Sie uns unter (+30) 21 10 10 7000 oder schicken Sie uns eine E-Mail an <a href=\"mailto:info@combotech.gr\">info@combotech.gr<\/a>.<\/p>\n<p>Alternativ k\u00f6nnen Sie Ihre Fragen an unseren B\u00fcros in <a href=\"https:\/\/www.google.com\/maps\/place\/Koromila+7,+Peristeri+121+33\/@38.0121794,23.7066757,17z\/data=!3m1!4b1!4m5!3m4!1s0x14a1a3240fdbc001:0xa5fb799fb64079d0!8m2!3d38.0121794!4d23.7088644\" target=\"_blank\" rel=\"noopener noreferrer\">Koromila Str. 7, Athen 12133 , Griechenland<\/a> senden.<\/p>\n<h4><\/h4>\n<p>&nbsp;<\/p>\n","protected":false},"excerpt":{"rendered":"<p>Bei allem, wobei wir Ihnen helfen k\u00f6nnen, aber auch f\u00fcr alles, was wir Ihrer Meinung nach f\u00fcr Sie machen k\u00f6nnen, kontaktieren Sie uns unter (+30)&#8230;<\/p>\n","protected":false},"author":1,"featured_media":0,"parent":0,"menu_order":0,"comment_status":"closed","ping_status":"closed","template":"","meta":[],"yoast_head":"<!-- This site is optimized with the Yoast SEO plugin v20.7 - https:\/\/yoast.com\/wordpress\/plugins\/seo\/ -->\n<title>Kontakt - Combotech<\/title>\n<meta name=\"robots\" content=\"index, follow, max-snippet:-1, max-image-preview:large, max-video-preview:-1\" \/>\n<link rel=\"canonical\" href=\"https:\/\/combotech.gr\/de\/kontakt-2\/\" \/>\n<meta property=\"og:locale\" content=\"de_DE\" \/>\n<meta property=\"og:type\" content=\"article\" \/>\n<meta property=\"og:title\" content=\"Kontakt - Combotech\" \/>\n<meta property=\"og:description\" content=\"Bei allem, wobei wir Ihnen helfen k\u00f6nnen, aber auch f\u00fcr alles, was wir Ihrer Meinung nach f\u00fcr Sie machen k\u00f6nnen, kontaktieren Sie uns unter (+30)...\" \/>\n<meta property=\"og:url\" content=\"https:\/\/combotech.gr\/de\/kontakt-2\/\" \/>\n<meta property=\"og:site_name\" content=\"Combotech\" \/>\n<meta property=\"article:modified_time\" content=\"2020-01-29T10:33:17+00:00\" \/>\n<script type=\"application\/ld+json\" class=\"yoast-schema-graph\">{\"@context\":\"https:\/\/schema.org\",\"@graph\":[{\"@type\":\"WebPage\",\"@id\":\"https:\/\/combotech.gr\/de\/kontakt-2\/\",\"url\":\"https:\/\/combotech.gr\/de\/kontakt-2\/\",\"name\":\"Kontakt - Combotech\",\"isPartOf\":{\"@id\":\"https:\/\/combotech.gr\/#website\"},\"datePublished\":\"2015-12-08T10:39:09+00:00\",\"dateModified\":\"2020-01-29T10:33:17+00:00\",\"breadcrumb\":{\"@id\":\"https:\/\/combotech.gr\/de\/kontakt-2\/#breadcrumb\"},\"inLanguage\":\"de-DE\",\"potentialAction\":[{\"@type\":\"ReadAction\",\"target\":[\"https:\/\/combotech.gr\/de\/kontakt-2\/\"]}]},{\"@type\":\"BreadcrumbList\",\"@id\":\"https:\/\/combotech.gr\/de\/kontakt-2\/#breadcrumb\",\"itemListElement\":[{\"@type\":\"ListItem\",\"position\":1,\"name\":\"Home\",\"item\":\"https:\/\/combotech.gr\/\"},{\"@type\":\"ListItem\",\"position\":2,\"name\":\"Kontakt\"}]},{\"@type\":\"WebSite\",\"@id\":\"https:\/\/combotech.gr\/#website\",\"url\":\"https:\/\/combotech.gr\/\",\"name\":\"Combotech\",\"description\":\"\u03c4\u03b7\u03bb\u03ad\u03c6\u03c9\u03bd\u03bf | \u03b4\u03b9\u03b1\u03b4\u03af\u03ba\u03c4\u03c5\u03bf |\u03b4\u03bf\u03c1\u03c5\u03c6\u03bf\u03c1\u03b9\u03ba\u03ac | \u03bf\u03c0\u03c4\u03b9\u03ba\u03ad\u03c2 \u03af\u03bd\u03b5\u03c2\",\"publisher\":{\"@id\":\"https:\/\/combotech.gr\/#organization\"},\"potentialAction\":[{\"@type\":\"SearchAction\",\"target\":{\"@type\":\"EntryPoint\",\"urlTemplate\":\"https:\/\/combotech.gr\/?s={search_term_string}\"},\"query-input\":\"required name=search_term_string\"}],\"inLanguage\":\"de-DE\"},{\"@type\":\"Organization\",\"@id\":\"https:\/\/combotech.gr\/#organization\",\"name\":\"Combotech\",\"url\":\"https:\/\/combotech.gr\/\",\"logo\":{\"@type\":\"ImageObject\",\"inLanguage\":\"de-DE\",\"@id\":\"https:\/\/combotech.gr\/#\/schema\/logo\/image\/\",\"url\":\"https:\/\/combotech.gr\/wp-content\/uploads\/2014\/11\/favicon.png\",\"contentUrl\":\"https:\/\/combotech.gr\/wp-content\/uploads\/2014\/11\/favicon.png\",\"width\":150,\"height\":150,\"caption\":\"Combotech\"},\"image\":{\"@id\":\"https:\/\/combotech.gr\/#\/schema\/logo\/image\/\"}}]}<\/script>\n<!-- \/ Yoast SEO plugin. -->","yoast_head_json":{"title":"Kontakt - Combotech","robots":{"index":"index","follow":"follow","max-snippet":"max-snippet:-1","max-image-preview":"max-image-preview:large","max-video-preview":"max-video-preview:-1"},"canonical":"https:\/\/combotech.gr\/de\/kontakt-2\/","og_locale":"de_DE","og_type":"article","og_title":"Kontakt - Combotech","og_description":"Bei allem, wobei wir Ihnen helfen k\u00f6nnen, aber auch f\u00fcr alles, was wir Ihrer Meinung nach f\u00fcr Sie machen k\u00f6nnen, kontaktieren Sie uns unter (+30)...","og_url":"https:\/\/combotech.gr\/de\/kontakt-2\/","og_site_name":"Combotech","article_modified_time":"2020-01-29T10:33:17+00:00","schema":{"@context":"https:\/\/schema.org","@graph":[{"@type":"WebPage","@id":"https:\/\/combotech.gr\/de\/kontakt-2\/","url":"https:\/\/combotech.gr\/de\/kontakt-2\/","name":"Kontakt - Combotech","isPartOf":{"@id":"https:\/\/combotech.gr\/#website"},"datePublished":"2015-12-08T10:39:09+00:00","dateModified":"2020-01-29T10:33:17+00:00","breadcrumb":{"@id":"https:\/\/combotech.gr\/de\/kontakt-2\/#breadcrumb"},"inLanguage":"de-DE","potentialAction":[{"@type":"ReadAction","target":["https:\/\/combotech.gr\/de\/kontakt-2\/"]}]},{"@type":"BreadcrumbList","@id":"https:\/\/combotech.gr\/de\/kontakt-2\/#breadcrumb","itemListElement":[{"@type":"ListItem","position":1,"name":"Home","item":"https:\/\/combotech.gr\/"},{"@type":"ListItem","position":2,"name":"Kontakt"}]},{"@type":"WebSite","@id":"https:\/\/combotech.gr\/#website","url":"https:\/\/combotech.gr\/","name":"Combotech","description":"\u03c4\u03b7\u03bb\u03ad\u03c6\u03c9\u03bd\u03bf | \u03b4\u03b9\u03b1\u03b4\u03af\u03ba\u03c4\u03c5\u03bf |\u03b4\u03bf\u03c1\u03c5\u03c6\u03bf\u03c1\u03b9\u03ba\u03ac | \u03bf\u03c0\u03c4\u03b9\u03ba\u03ad\u03c2 \u03af\u03bd\u03b5\u03c2","publisher":{"@id":"https:\/\/combotech.gr\/#organization"},"potentialAction":[{"@type":"SearchAction","target":{"@type":"EntryPoint","urlTemplate":"https:\/\/combotech.gr\/?s={search_term_string}"},"query-input":"required name=search_term_string"}],"inLanguage":"de-DE"},{"@type":"Organization","@id":"https:\/\/combotech.gr\/#organization","name":"Combotech","url":"https:\/\/combotech.gr\/","logo":{"@type":"ImageObject","inLanguage":"de-DE","@id":"https:\/\/combotech.gr\/#\/schema\/logo\/image\/","url":"https:\/\/combotech.gr\/wp-content\/uploads\/2014\/11\/favicon.png","contentUrl":"https:\/\/combotech.gr\/wp-content\/uploads\/2014\/11\/favicon.png","width":150,"height":150,"caption":"Combotech"},"image":{"@id":"https:\/\/combotech.gr\/#\/schema\/logo\/image\/"}}]}},"_links":{"self":[{"href":"https:\/\/combotech.gr\/de\/wp-json\/wp\/v2\/pages\/1125"}],"collection":[{"href":"https:\/\/combotech.gr\/de\/wp-json\/wp\/v2\/pages"}],"about":[{"href":"https:\/\/combotech.gr\/de\/wp-json\/wp\/v2\/types\/page"}],"author":[{"embeddable":true,"href":"https:\/\/combotech.gr\/de\/wp-json\/wp\/v2\/users\/1"}],"replies":[{"embeddable":true,"href":"https:\/\/combotech.gr\/de\/wp-json\/wp\/v2\/comments?post=1125"}],"version-history":[{"count":2,"href":"https:\/\/combotech.gr\/de\/wp-json\/wp\/v2\/pages\/1125\/revisions"}],"predecessor-version":[{"id":6766,"href":"https:\/\/combotech.gr\/de\/wp-json\/wp\/v2\/pages\/1125\/revisions\/6766"}],"wp:attachment":[{"href":"https:\/\/combotech.gr\/de\/wp-json\/wp\/v2\/media?parent=1125"}],"curies":[{"name":"wp","href":"https:\/\/api.w.org\/{rel}","templated":true}]}}