{"id":1127,"date":"2015-12-08T10:45:41","date_gmt":"2015-12-08T10:45:41","guid":{"rendered":"https:\/\/combotech.gr\/de\/?page_id=1127"},"modified":"2020-01-29T12:43:22","modified_gmt":"2020-01-29T10:43:22","slug":"lichtwellenleiter","status":"publish","type":"page","link":"https:\/\/combotech.gr\/de\/lichtwellenleiter\/","title":{"rendered":"Lichtwellenleiter"},"content":{"rendered":"<p>Die Anwendung der LWL-Technik im Bereich der Telekommunikationsprojekte und Gesch\u00e4ftskonnektivit\u00e4tsl\u00f6sungen nimmt zu und w\u00e4chst mit rasantem Tempo. Die Verbindungsgeschwindigkeiten steigen, w\u00e4hrend gleichzeitig die Unternehmen neue Wege brauchen, um alle ihre Kommunikationssysteme vereinheitlicht auf einer direkt steuerbaren Plattform zu sammeln.<\/p>\n<p>In Hinsicht auf dieses Bed\u00fcrfnis er\u00f6ffnete <strong>ComboTech<\/strong> bereits fr\u00fchzeitig eine spezielle Faseroptikabteilung aus erfahrenen Fachleuten, die jetzt den Grundstein unseres Hauses bilden.<\/p>\n<p>Heute f\u00fchren wir auf monatlicher Basis mehr als 10 Projekte gleichzeitig durch:<\/p>\n<ul>\n<li>f\u00fcr die gr\u00f6\u00dften Telekommunikationsanbieter und Unternehmen,<\/li>\n<li>durch den Einsatz hochspezialisierter und komplett ausgestatteter mobiler Werkst\u00e4tten in den gr\u00f6\u00dften St\u00e4dten Griechenlands,<\/li>\n<li>Aufrechterhaltung von minimalen Reaktionszeiten und<\/li>\n<li>St\u00f6rungsbeseitigung auch in den meist abgelegenen Punkten des Landesnetzes<\/li>\n<\/ul>\n<p>Das Faseroptik-Team von <strong>ComboTech<\/strong> \u00fcbernimmt und f\u00fchrt die Projekte in all seinen Aspekten zu Ende, d.h. von der Vorstudie und Lizenzierung bis zur Zertifizierung des Endergebnisses, immer den Kundenw\u00fcnschen entsprechend.<\/p>\n<p>Insbesondere \u00fcbernimmt die <strong>ComboTech<\/strong> Faseroptik-Abteilung Folgendes:<\/p>\n<ul>\n<li>Projektstudien zu Verlegung von Lichtwellenleitern<\/li>\n<li>Grabungs-, Aushub- und Einebnungsarbeiten unter Anwendung der modernsten Techniken<\/li>\n<li>Aufgrabungsarbeiten von extrem geringer Breite (&#8222;Mini-Gr\u00e4ben&#8220;)<\/li>\n<li>Bereitstellung und Installation von Kabelleitungen unter Anwendung der &#8222;Einblastechnik\u201c, die dadurch die Installationszeit schnell minimiert und zur Erhaltung der hohen Qualit\u00e4t beitr\u00e4gt<\/li>\n<li>Faserabschluss und Anschluss an dem Tr\u00e4ger- bzw. Kundenterminal<\/li>\n<li>Zertifizierung der Infrastruktur durch eine moderne Klebeeinrichtung (splicers) und Messungsinstrumente (OTDR-Power Meters)<\/li>\n<\/ul>\n<p><a href=\"\/?page_id=1125\">Bitte setzen Sie<\/a> sich mit uns in Verbindung und fragen Sie uns, wie die Glasfaseranwendungen Ihr Unternehmen bei der Verbesserung Ihrer Telefonie- und Internet-Systeme verbessern k\u00f6nnen.<\/p>\n<h4 style=\"text-align: center;\"><a title=\"\" href=\"\/?page_id=1127\">Lichtwellenleiter<\/a><\/h4>\n<p>&nbsp;<\/p>\n<h4 style=\"text-align: center;\"><a title=\"\" href=\"\/?page_id=1129\">Wartung von Netzwerken und Infrastruktur<\/a><\/h4>\n<p>&nbsp;<\/p>\n<h4 style=\"text-align: center;\"><a title=\"\" href=\"\/?page_id=1131\">Einrichtungen &amp; Technische Unterst\u00fctzung<\/a><\/h4>\n<p>&nbsp;<\/p>\n<h4 style=\"text-align: center;\"><a title=\"\" href=\"\/?page_id=1133\">Telefon &amp; Internet<\/a><\/h4>\n<p>&nbsp;<\/p>\n<h4 style=\"text-align: center;\"><a title=\"\" href=\"\/?page_id=1134\">Telefon &amp; Broadband Satellitensysteme<\/a><\/h4>\n<p>&nbsp;<\/p>\n","protected":false},"excerpt":{"rendered":"<p>Die Anwendung der LWL-Technik im Bereich der Telekommunikationsprojekte und Gesch\u00e4ftskonnektivit\u00e4tsl\u00f6sungen nimmt zu und w\u00e4chst mit rasantem Tempo. Die Verbindungsgeschwindigkeiten steigen, w\u00e4hrend gleichzeitig die Unternehmen neue&#8230;<\/p>\n","protected":false},"author":1,"featured_media":0,"parent":0,"menu_order":0,"comment_status":"closed","ping_status":"closed","template":"","meta":[],"yoast_head":"<!-- This site is optimized with the Yoast SEO plugin v20.7 - https:\/\/yoast.com\/wordpress\/plugins\/seo\/ -->\n<title>Lichtwellenleiter - Combotech<\/title>\n<meta name=\"robots\" content=\"index, follow, max-snippet:-1, max-image-preview:large, max-video-preview:-1\" \/>\n<link rel=\"canonical\" href=\"https:\/\/combotech.gr\/de\/lichtwellenleiter\/\" \/>\n<meta property=\"og:locale\" content=\"de_DE\" \/>\n<meta property=\"og:type\" content=\"article\" \/>\n<meta property=\"og:title\" content=\"Lichtwellenleiter - Combotech\" \/>\n<meta property=\"og:description\" content=\"Die Anwendung der LWL-Technik im Bereich der Telekommunikationsprojekte und Gesch\u00e4ftskonnektivit\u00e4tsl\u00f6sungen nimmt zu und w\u00e4chst mit rasantem Tempo. Die Verbindungsgeschwindigkeiten steigen, w\u00e4hrend gleichzeitig die Unternehmen neue...\" \/>\n<meta property=\"og:url\" content=\"https:\/\/combotech.gr\/de\/lichtwellenleiter\/\" \/>\n<meta property=\"og:site_name\" content=\"Combotech\" \/>\n<meta property=\"article:modified_time\" content=\"2020-01-29T10:43:22+00:00\" \/>\n<meta name=\"twitter:label1\" content=\"Gesch\u00e4tzte Lesezeit\" \/>\n\t<meta name=\"twitter:data1\" content=\"1 Minute\" \/>\n<script type=\"application\/ld+json\" class=\"yoast-schema-graph\">{\"@context\":\"https:\/\/schema.org\",\"@graph\":[{\"@type\":\"WebPage\",\"@id\":\"https:\/\/combotech.gr\/de\/lichtwellenleiter\/\",\"url\":\"https:\/\/combotech.gr\/de\/lichtwellenleiter\/\",\"name\":\"Lichtwellenleiter - Combotech\",\"isPartOf\":{\"@id\":\"https:\/\/combotech.gr\/#website\"},\"datePublished\":\"2015-12-08T10:45:41+00:00\",\"dateModified\":\"2020-01-29T10:43:22+00:00\",\"breadcrumb\":{\"@id\":\"https:\/\/combotech.gr\/de\/lichtwellenleiter\/#breadcrumb\"},\"inLanguage\":\"de-DE\",\"potentialAction\":[{\"@type\":\"ReadAction\",\"target\":[\"https:\/\/combotech.gr\/de\/lichtwellenleiter\/\"]}]},{\"@type\":\"BreadcrumbList\",\"@id\":\"https:\/\/combotech.gr\/de\/lichtwellenleiter\/#breadcrumb\",\"itemListElement\":[{\"@type\":\"ListItem\",\"position\":1,\"name\":\"Home\",\"item\":\"https:\/\/combotech.gr\/\"},{\"@type\":\"ListItem\",\"position\":2,\"name\":\"Lichtwellenleiter\"}]},{\"@type\":\"WebSite\",\"@id\":\"https:\/\/combotech.gr\/#website\",\"url\":\"https:\/\/combotech.gr\/\",\"name\":\"Combotech\",\"description\":\"\u03c4\u03b7\u03bb\u03ad\u03c6\u03c9\u03bd\u03bf | \u03b4\u03b9\u03b1\u03b4\u03af\u03ba\u03c4\u03c5\u03bf |\u03b4\u03bf\u03c1\u03c5\u03c6\u03bf\u03c1\u03b9\u03ba\u03ac | \u03bf\u03c0\u03c4\u03b9\u03ba\u03ad\u03c2 \u03af\u03bd\u03b5\u03c2\",\"publisher\":{\"@id\":\"https:\/\/combotech.gr\/#organization\"},\"potentialAction\":[{\"@type\":\"SearchAction\",\"target\":{\"@type\":\"EntryPoint\",\"urlTemplate\":\"https:\/\/combotech.gr\/?s={search_term_string}\"},\"query-input\":\"required name=search_term_string\"}],\"inLanguage\":\"de-DE\"},{\"@type\":\"Organization\",\"@id\":\"https:\/\/combotech.gr\/#organization\",\"name\":\"Combotech\",\"url\":\"https:\/\/combotech.gr\/\",\"logo\":{\"@type\":\"ImageObject\",\"inLanguage\":\"de-DE\",\"@id\":\"https:\/\/combotech.gr\/#\/schema\/logo\/image\/\",\"url\":\"https:\/\/combotech.gr\/wp-content\/uploads\/2014\/11\/favicon.png\",\"contentUrl\":\"https:\/\/combotech.gr\/wp-content\/uploads\/2014\/11\/favicon.png\",\"width\":150,\"height\":150,\"caption\":\"Combotech\"},\"image\":{\"@id\":\"https:\/\/combotech.gr\/#\/schema\/logo\/image\/\"}}]}<\/script>\n<!-- \/ Yoast SEO plugin. -->","yoast_head_json":{"title":"Lichtwellenleiter - Combotech","robots":{"index":"index","follow":"follow","max-snippet":"max-snippet:-1","max-image-preview":"max-image-preview:large","max-video-preview":"max-video-preview:-1"},"canonical":"https:\/\/combotech.gr\/de\/lichtwellenleiter\/","og_locale":"de_DE","og_type":"article","og_title":"Lichtwellenleiter - Combotech","og_description":"Die Anwendung der LWL-Technik im Bereich der Telekommunikationsprojekte und Gesch\u00e4ftskonnektivit\u00e4tsl\u00f6sungen nimmt zu und w\u00e4chst mit rasantem Tempo. Die Verbindungsgeschwindigkeiten steigen, w\u00e4hrend gleichzeitig die Unternehmen neue...","og_url":"https:\/\/combotech.gr\/de\/lichtwellenleiter\/","og_site_name":"Combotech","article_modified_time":"2020-01-29T10:43:22+00:00","twitter_misc":{"Gesch\u00e4tzte Lesezeit":"1 Minute"},"schema":{"@context":"https:\/\/schema.org","@graph":[{"@type":"WebPage","@id":"https:\/\/combotech.gr\/de\/lichtwellenleiter\/","url":"https:\/\/combotech.gr\/de\/lichtwellenleiter\/","name":"Lichtwellenleiter - Combotech","isPartOf":{"@id":"https:\/\/combotech.gr\/#website"},"datePublished":"2015-12-08T10:45:41+00:00","dateModified":"2020-01-29T10:43:22+00:00","breadcrumb":{"@id":"https:\/\/combotech.gr\/de\/lichtwellenleiter\/#breadcrumb"},"inLanguage":"de-DE","potentialAction":[{"@type":"ReadAction","target":["https:\/\/combotech.gr\/de\/lichtwellenleiter\/"]}]},{"@type":"BreadcrumbList","@id":"https:\/\/combotech.gr\/de\/lichtwellenleiter\/#breadcrumb","itemListElement":[{"@type":"ListItem","position":1,"name":"Home","item":"https:\/\/combotech.gr\/"},{"@type":"ListItem","position":2,"name":"Lichtwellenleiter"}]},{"@type":"WebSite","@id":"https:\/\/combotech.gr\/#website","url":"https:\/\/combotech.gr\/","name":"Combotech","description":"\u03c4\u03b7\u03bb\u03ad\u03c6\u03c9\u03bd\u03bf | \u03b4\u03b9\u03b1\u03b4\u03af\u03ba\u03c4\u03c5\u03bf |\u03b4\u03bf\u03c1\u03c5\u03c6\u03bf\u03c1\u03b9\u03ba\u03ac | \u03bf\u03c0\u03c4\u03b9\u03ba\u03ad\u03c2 \u03af\u03bd\u03b5\u03c2","publisher":{"@id":"https:\/\/combotech.gr\/#organization"},"potentialAction":[{"@type":"SearchAction","target":{"@type":"EntryPoint","urlTemplate":"https:\/\/combotech.gr\/?s={search_term_string}"},"query-input":"required name=search_term_string"}],"inLanguage":"de-DE"},{"@type":"Organization","@id":"https:\/\/combotech.gr\/#organization","name":"Combotech","url":"https:\/\/combotech.gr\/","logo":{"@type":"ImageObject","inLanguage":"de-DE","@id":"https:\/\/combotech.gr\/#\/schema\/logo\/image\/","url":"https:\/\/combotech.gr\/wp-content\/uploads\/2014\/11\/favicon.png","contentUrl":"https:\/\/combotech.gr\/wp-content\/uploads\/2014\/11\/favicon.png","width":150,"height":150,"caption":"Combotech"},"image":{"@id":"https:\/\/combotech.gr\/#\/schema\/logo\/image\/"}}]}},"_links":{"self":[{"href":"https:\/\/combotech.gr\/de\/wp-json\/wp\/v2\/pages\/1127"}],"collection":[{"href":"https:\/\/combotech.gr\/de\/wp-json\/wp\/v2\/pages"}],"about":[{"href":"https:\/\/combotech.gr\/de\/wp-json\/wp\/v2\/types\/page"}],"author":[{"embeddable":true,"href":"https:\/\/combotech.gr\/de\/wp-json\/wp\/v2\/users\/1"}],"replies":[{"embeddable":true,"href":"https:\/\/combotech.gr\/de\/wp-json\/wp\/v2\/comments?post=1127"}],"version-history":[{"count":1,"href":"https:\/\/combotech.gr\/de\/wp-json\/wp\/v2\/pages\/1127\/revisions"}],"predecessor-version":[{"id":6777,"href":"https:\/\/combotech.gr\/de\/wp-json\/wp\/v2\/pages\/1127\/revisions\/6777"}],"wp:attachment":[{"href":"https:\/\/combotech.gr\/de\/wp-json\/wp\/v2\/media?parent=1127"}],"curies":[{"name":"wp","href":"https:\/\/api.w.org\/{rel}","templated":true}]}}