{"id":1129,"date":"2015-12-08T10:46:39","date_gmt":"2015-12-08T10:46:39","guid":{"rendered":"https:\/\/combotech.gr\/de\/?page_id=1129"},"modified":"2020-01-29T12:48:22","modified_gmt":"2020-01-29T10:48:22","slug":"wartung-von-netzwerken-und-infrastruktur","status":"publish","type":"page","link":"https:\/\/combotech.gr\/de\/wartung-von-netzwerken-und-infrastruktur\/","title":{"rendered":"Wartung von Netzwerken und Infrastruktur"},"content":{"rendered":"<p>Mit Ihrem Team aus Installationstechnikern, Elektrikern und Mechanikern, stellt <strong>ComboTech<\/strong> ihre Dienstleistungen von pr\u00e4ventiver und korrektiver Instandhaltung zu Verf\u00fcgung:<\/p>\n<ul>\n<li>technische Einrichtungen des Unternehmens<\/li>\n<li>abgelegene technische Standorte<\/li>\n<li>jedwede Einrichtungen, die einer regelm\u00e4\u00dfigen Wartung bed\u00fcrfen und sich aus folgenden Komponenten zusammenstellen:<\/li>\n<li>Stromerzeugungsaggregate, Klimaanlagen (z.B. A\/C, Heizungssysteme)<\/li>\n<li>Stromerzeuger<\/li>\n<li>Telekommunikationssysteme (z.B. Leitungsendger\u00e4te)<\/li>\n<li>Netzeinrichtungen (Racks, Server, Glasfasersystemterminals)<\/li>\n<\/ul>\n<p>Vorwiegend auf Vertragsbasis aber auch pro einzelnem Fall t\u00e4tig \u00fcbernimmt <strong>ComboTech<\/strong> sowohl alle Vorabpr\u00fcfungen, indem sie zur Vermeidung k\u00fcnftiger Probleme die optimalen L\u00f6sungen f\u00fcr den Kunden vorschl\u00e4gt, als auch die entsprechenden Korrekturma\u00dfnahmen und behebt die Probleme in den vorher vereinbarten Reaktionszeiten, soweit es von der Natur und T\u00e4tigkeit des Kunden erforderlich ist.<\/p>\n<p>Mit unseren lokal ans\u00e4ssigen Werkst\u00e4ten sind wir in der Lage mobil \u00fcberall in Griechenland zu intervenieren, sogar in den entlegensten Gebieten des Landes.<\/p>\n<p><a href=\"\/?page_id=1125\">Kontaktieren Sie<\/a> uns und stellen Sie fest, wie wir Sie bei der Wartung Ihrer Anlagen unterst\u00fctzen k\u00f6nnen.<\/p>\n<h4 style=\"text-align: center;\"><a title=\"\" href=\"\/?page_id=1127\">Lichtwellenleiter<\/a><\/h4>\n<p>&nbsp;<\/p>\n<h4 style=\"text-align: center;\"><a title=\"\" href=\"\/?page_id=1129\">Wartung von Netzwerken und Infrastruktur<\/a><\/h4>\n<p>&nbsp;<\/p>\n<h4 style=\"text-align: center;\"><a title=\"\" href=\"\/?page_id=1131\">Einrichtungen &amp; Technische Unterst\u00fctzung<\/a><\/h4>\n<p>&nbsp;<\/p>\n<h4 style=\"text-align: center;\"><a title=\"\" href=\"\/?page_id=1133\">Telefon &amp; Internet<\/a><\/h4>\n<p>&nbsp;<\/p>\n<h4 style=\"text-align: center;\"><a title=\"\" href=\"\/?page_id=1134\">Telefon &amp; Broadband Satellitensysteme<\/a><\/h4>\n<p>&nbsp;<\/p>\n","protected":false},"excerpt":{"rendered":"<p>Mit Ihrem Team aus Installationstechnikern, Elektrikern und Mechanikern, stellt ComboTech ihre Dienstleistungen von pr\u00e4ventiver und korrektiver Instandhaltung zu Verf\u00fcgung: technische Einrichtungen des Unternehmens abgelegene technische&#8230;<\/p>\n","protected":false},"author":1,"featured_media":0,"parent":0,"menu_order":0,"comment_status":"closed","ping_status":"closed","template":"","meta":[],"yoast_head":"<!-- This site is optimized with the Yoast SEO plugin v20.7 - https:\/\/yoast.com\/wordpress\/plugins\/seo\/ -->\n<title>Wartung von Netzwerken und Infrastruktur - Combotech<\/title>\n<meta name=\"robots\" content=\"index, follow, max-snippet:-1, max-image-preview:large, max-video-preview:-1\" \/>\n<link rel=\"canonical\" href=\"https:\/\/combotech.gr\/de\/wartung-von-netzwerken-und-infrastruktur\/\" \/>\n<meta property=\"og:locale\" content=\"de_DE\" \/>\n<meta property=\"og:type\" content=\"article\" \/>\n<meta property=\"og:title\" content=\"Wartung von Netzwerken und Infrastruktur - Combotech\" \/>\n<meta property=\"og:description\" content=\"Mit Ihrem Team aus Installationstechnikern, Elektrikern und Mechanikern, stellt ComboTech ihre Dienstleistungen von pr\u00e4ventiver und korrektiver Instandhaltung zu Verf\u00fcgung: technische Einrichtungen des Unternehmens abgelegene technische...\" \/>\n<meta property=\"og:url\" content=\"https:\/\/combotech.gr\/de\/wartung-von-netzwerken-und-infrastruktur\/\" \/>\n<meta property=\"og:site_name\" content=\"Combotech\" \/>\n<meta property=\"article:modified_time\" content=\"2020-01-29T10:48:22+00:00\" \/>\n<meta name=\"twitter:label1\" content=\"Gesch\u00e4tzte Lesezeit\" \/>\n\t<meta name=\"twitter:data1\" content=\"1 Minute\" \/>\n<script type=\"application\/ld+json\" class=\"yoast-schema-graph\">{\"@context\":\"https:\/\/schema.org\",\"@graph\":[{\"@type\":\"WebPage\",\"@id\":\"https:\/\/combotech.gr\/de\/wartung-von-netzwerken-und-infrastruktur\/\",\"url\":\"https:\/\/combotech.gr\/de\/wartung-von-netzwerken-und-infrastruktur\/\",\"name\":\"Wartung von Netzwerken und Infrastruktur - Combotech\",\"isPartOf\":{\"@id\":\"https:\/\/combotech.gr\/#website\"},\"datePublished\":\"2015-12-08T10:46:39+00:00\",\"dateModified\":\"2020-01-29T10:48:22+00:00\",\"breadcrumb\":{\"@id\":\"https:\/\/combotech.gr\/de\/wartung-von-netzwerken-und-infrastruktur\/#breadcrumb\"},\"inLanguage\":\"de-DE\",\"potentialAction\":[{\"@type\":\"ReadAction\",\"target\":[\"https:\/\/combotech.gr\/de\/wartung-von-netzwerken-und-infrastruktur\/\"]}]},{\"@type\":\"BreadcrumbList\",\"@id\":\"https:\/\/combotech.gr\/de\/wartung-von-netzwerken-und-infrastruktur\/#breadcrumb\",\"itemListElement\":[{\"@type\":\"ListItem\",\"position\":1,\"name\":\"Home\",\"item\":\"https:\/\/combotech.gr\/\"},{\"@type\":\"ListItem\",\"position\":2,\"name\":\"Wartung von Netzwerken und Infrastruktur\"}]},{\"@type\":\"WebSite\",\"@id\":\"https:\/\/combotech.gr\/#website\",\"url\":\"https:\/\/combotech.gr\/\",\"name\":\"Combotech\",\"description\":\"\u03c4\u03b7\u03bb\u03ad\u03c6\u03c9\u03bd\u03bf | \u03b4\u03b9\u03b1\u03b4\u03af\u03ba\u03c4\u03c5\u03bf |\u03b4\u03bf\u03c1\u03c5\u03c6\u03bf\u03c1\u03b9\u03ba\u03ac | \u03bf\u03c0\u03c4\u03b9\u03ba\u03ad\u03c2 \u03af\u03bd\u03b5\u03c2\",\"publisher\":{\"@id\":\"https:\/\/combotech.gr\/#organization\"},\"potentialAction\":[{\"@type\":\"SearchAction\",\"target\":{\"@type\":\"EntryPoint\",\"urlTemplate\":\"https:\/\/combotech.gr\/?s={search_term_string}\"},\"query-input\":\"required name=search_term_string\"}],\"inLanguage\":\"de-DE\"},{\"@type\":\"Organization\",\"@id\":\"https:\/\/combotech.gr\/#organization\",\"name\":\"Combotech\",\"url\":\"https:\/\/combotech.gr\/\",\"logo\":{\"@type\":\"ImageObject\",\"inLanguage\":\"de-DE\",\"@id\":\"https:\/\/combotech.gr\/#\/schema\/logo\/image\/\",\"url\":\"https:\/\/combotech.gr\/wp-content\/uploads\/2014\/11\/favicon.png\",\"contentUrl\":\"https:\/\/combotech.gr\/wp-content\/uploads\/2014\/11\/favicon.png\",\"width\":150,\"height\":150,\"caption\":\"Combotech\"},\"image\":{\"@id\":\"https:\/\/combotech.gr\/#\/schema\/logo\/image\/\"}}]}<\/script>\n<!-- \/ Yoast SEO plugin. -->","yoast_head_json":{"title":"Wartung von Netzwerken und Infrastruktur - Combotech","robots":{"index":"index","follow":"follow","max-snippet":"max-snippet:-1","max-image-preview":"max-image-preview:large","max-video-preview":"max-video-preview:-1"},"canonical":"https:\/\/combotech.gr\/de\/wartung-von-netzwerken-und-infrastruktur\/","og_locale":"de_DE","og_type":"article","og_title":"Wartung von Netzwerken und Infrastruktur - Combotech","og_description":"Mit Ihrem Team aus Installationstechnikern, Elektrikern und Mechanikern, stellt ComboTech ihre Dienstleistungen von pr\u00e4ventiver und korrektiver Instandhaltung zu Verf\u00fcgung: technische Einrichtungen des Unternehmens abgelegene technische...","og_url":"https:\/\/combotech.gr\/de\/wartung-von-netzwerken-und-infrastruktur\/","og_site_name":"Combotech","article_modified_time":"2020-01-29T10:48:22+00:00","twitter_misc":{"Gesch\u00e4tzte Lesezeit":"1 Minute"},"schema":{"@context":"https:\/\/schema.org","@graph":[{"@type":"WebPage","@id":"https:\/\/combotech.gr\/de\/wartung-von-netzwerken-und-infrastruktur\/","url":"https:\/\/combotech.gr\/de\/wartung-von-netzwerken-und-infrastruktur\/","name":"Wartung von Netzwerken und Infrastruktur - Combotech","isPartOf":{"@id":"https:\/\/combotech.gr\/#website"},"datePublished":"2015-12-08T10:46:39+00:00","dateModified":"2020-01-29T10:48:22+00:00","breadcrumb":{"@id":"https:\/\/combotech.gr\/de\/wartung-von-netzwerken-und-infrastruktur\/#breadcrumb"},"inLanguage":"de-DE","potentialAction":[{"@type":"ReadAction","target":["https:\/\/combotech.gr\/de\/wartung-von-netzwerken-und-infrastruktur\/"]}]},{"@type":"BreadcrumbList","@id":"https:\/\/combotech.gr\/de\/wartung-von-netzwerken-und-infrastruktur\/#breadcrumb","itemListElement":[{"@type":"ListItem","position":1,"name":"Home","item":"https:\/\/combotech.gr\/"},{"@type":"ListItem","position":2,"name":"Wartung von Netzwerken und Infrastruktur"}]},{"@type":"WebSite","@id":"https:\/\/combotech.gr\/#website","url":"https:\/\/combotech.gr\/","name":"Combotech","description":"\u03c4\u03b7\u03bb\u03ad\u03c6\u03c9\u03bd\u03bf | \u03b4\u03b9\u03b1\u03b4\u03af\u03ba\u03c4\u03c5\u03bf |\u03b4\u03bf\u03c1\u03c5\u03c6\u03bf\u03c1\u03b9\u03ba\u03ac | \u03bf\u03c0\u03c4\u03b9\u03ba\u03ad\u03c2 \u03af\u03bd\u03b5\u03c2","publisher":{"@id":"https:\/\/combotech.gr\/#organization"},"potentialAction":[{"@type":"SearchAction","target":{"@type":"EntryPoint","urlTemplate":"https:\/\/combotech.gr\/?s={search_term_string}"},"query-input":"required name=search_term_string"}],"inLanguage":"de-DE"},{"@type":"Organization","@id":"https:\/\/combotech.gr\/#organization","name":"Combotech","url":"https:\/\/combotech.gr\/","logo":{"@type":"ImageObject","inLanguage":"de-DE","@id":"https:\/\/combotech.gr\/#\/schema\/logo\/image\/","url":"https:\/\/combotech.gr\/wp-content\/uploads\/2014\/11\/favicon.png","contentUrl":"https:\/\/combotech.gr\/wp-content\/uploads\/2014\/11\/favicon.png","width":150,"height":150,"caption":"Combotech"},"image":{"@id":"https:\/\/combotech.gr\/#\/schema\/logo\/image\/"}}]}},"_links":{"self":[{"href":"https:\/\/combotech.gr\/de\/wp-json\/wp\/v2\/pages\/1129"}],"collection":[{"href":"https:\/\/combotech.gr\/de\/wp-json\/wp\/v2\/pages"}],"about":[{"href":"https:\/\/combotech.gr\/de\/wp-json\/wp\/v2\/types\/page"}],"author":[{"embeddable":true,"href":"https:\/\/combotech.gr\/de\/wp-json\/wp\/v2\/users\/1"}],"replies":[{"embeddable":true,"href":"https:\/\/combotech.gr\/de\/wp-json\/wp\/v2\/comments?post=1129"}],"version-history":[{"count":1,"href":"https:\/\/combotech.gr\/de\/wp-json\/wp\/v2\/pages\/1129\/revisions"}],"predecessor-version":[{"id":6781,"href":"https:\/\/combotech.gr\/de\/wp-json\/wp\/v2\/pages\/1129\/revisions\/6781"}],"wp:attachment":[{"href":"https:\/\/combotech.gr\/de\/wp-json\/wp\/v2\/media?parent=1129"}],"curies":[{"name":"wp","href":"https:\/\/api.w.org\/{rel}","templated":true}]}}