{"id":1131,"date":"2015-12-08T10:47:39","date_gmt":"2015-12-08T10:47:39","guid":{"rendered":"https:\/\/combotech.gr\/de\/?page_id=1131"},"modified":"2020-01-29T12:55:00","modified_gmt":"2020-01-29T10:55:00","slug":"einrichtungen-technische-unterstuetzung-2","status":"publish","type":"page","link":"https:\/\/combotech.gr\/de\/einrichtungen-technische-unterstuetzung-2\/","title":{"rendered":"Einrichtungen Und Technische Unterst\u00fctzung"},"content":{"rendered":"<p><strong>ComboTech<\/strong> bietet Dienstleistungen \u00fcber das gesamte Spektrum einer technischen Unterst\u00fctzung von Unternehmen: von der Errichtung einer Logistikinfrastruktur bis zur entsprechenden \u00dcberwachung durch den Abschluss von Wartungsvertr\u00e4gen mit dem Ziel, alle gesch\u00e4ftliche Anforderungen in eine einzige L\u00f6sung zusammenzufassen und weiterhin den reibungslosen Ablauf der t\u00e4glichen Arbeit zu gew\u00e4hrleisten.<\/p>\n<p>Insbesondere nehmen die technischen Werkst\u00e4tten von <strong>ComboTech<\/strong> folgende Ma\u00dfnahmen vor:<\/p>\n<ul>\n<li>Eintreffen beim Kunden und Erstellung einer vorbereitenden Studie \u00fcber die Infrastruktur zwecks Empfehlung einer optimalen L\u00f6sung<\/li>\n<li>Verlegung einer strukturierten Verkabelung in den R\u00e4umlichkeiten des Kunden und Zertifizierung der Installation mithilfe der entsprechenden Messger\u00e4ten<\/li>\n<li>Installierung und Konfiguration der betrieblichen PC-Netzwerke und st\u00e4ndige \u00dcbernahme der Aufsicht mit Wartungsvertr\u00e4ge<\/li>\n<li>Installierung und Wartung von hochmodernen Callcentern und Upgraden &#8211; soweit m\u00f6glich \u2013 der vorhandenen Telefonie-Systeme<\/li>\n<\/ul>\n<p>Zus\u00e4tzlich bietet <strong>ComboTech<\/strong> technische Unterst\u00fctzung f\u00fcr PCs, wie z.B.:<\/p>\n<ul>\n<li>\u00abReinigung\u00bb und Re-Installation (falls erforderlich) des Original-Betriebssystems nach Auftreten von Problemen (Viren, Maleware, Stromausfall etc.)<\/li>\n<li>Datensicherung (Backup) und R\u00fcckgabe im vom Kunden gew\u00fcnschten optischen Datenspeicherungsformat<\/li>\n<li>Einrichten von Haushaltsnetzwerken (gemeinsam genutzte Dateien, Druckerfreigabe, Einrichten von Heimservern etc.)<\/li>\n<li>Installierung und Konfiguration von B\u00fcrosoftware (Office Suite)sowie von Software bzw. Konten f\u00fcr das Cloud-Speichern<\/li>\n<\/ul>\n<p><a href=\"\/?page_id=1125\">Kontaktieren Sie<\/a> uns und stellen Sie fest, wie wir Ihnen bei der Behebung der t\u00e4glichen Probleme helfen, f\u00fcr Sie Zeit sparen und vom Potenzial der technischen Ausr\u00fcstung Ihres Betriebs umfassend Gebrauch machen k\u00f6nnen.<\/p>\n<h4 style=\"text-align: center;\"><a title=\"\" href=\"\/?page_id=1127\">Lichtwellenleiter<\/a><\/h4>\n<p>&nbsp;<\/p>\n<h4 style=\"text-align: center;\"><a title=\"\" href=\"\/?page_id=1129\">Wartung von Netzwerken und Infrastruktur<\/a><\/h4>\n<p>&nbsp;<\/p>\n<h4 style=\"text-align: center;\"><a title=\"\" href=\"\/?page_id=1131\">Einrichtungen &amp; Technische Unterst\u00fctzung<\/a><\/h4>\n<p>&nbsp;<\/p>\n<h4 style=\"text-align: center;\"><a title=\"\" href=\"\/?page_id=1133\">Telefon &amp; Internet<\/a><\/h4>\n<p>&nbsp;<\/p>\n<h4 style=\"text-align: center;\"><a title=\"\" href=\"\/?page_id=1134\">Telefon &amp; Broadband Satellitensysteme<\/a><\/h4>\n<p>&nbsp;<\/p>\n","protected":false},"excerpt":{"rendered":"<p>ComboTech bietet Dienstleistungen \u00fcber das gesamte Spektrum einer technischen Unterst\u00fctzung von Unternehmen: von der Errichtung einer Logistikinfrastruktur bis zur entsprechenden \u00dcberwachung durch den Abschluss von&#8230;<\/p>\n","protected":false},"author":1,"featured_media":0,"parent":0,"menu_order":0,"comment_status":"closed","ping_status":"closed","template":"","meta":[],"yoast_head":"<!-- This site is optimized with the Yoast SEO plugin v20.7 - https:\/\/yoast.com\/wordpress\/plugins\/seo\/ -->\n<title>Einrichtungen Und Technische Unterst\u00fctzung - Combotech<\/title>\n<meta name=\"robots\" content=\"index, follow, max-snippet:-1, max-image-preview:large, max-video-preview:-1\" \/>\n<link rel=\"canonical\" href=\"https:\/\/combotech.gr\/de\/einrichtungen-technische-unterstuetzung-2\/\" \/>\n<meta property=\"og:locale\" content=\"de_DE\" \/>\n<meta property=\"og:type\" content=\"article\" \/>\n<meta property=\"og:title\" content=\"Einrichtungen Und Technische Unterst\u00fctzung - Combotech\" \/>\n<meta property=\"og:description\" content=\"ComboTech bietet Dienstleistungen \u00fcber das gesamte Spektrum einer technischen Unterst\u00fctzung von Unternehmen: von der Errichtung einer Logistikinfrastruktur bis zur entsprechenden \u00dcberwachung durch den Abschluss von...\" \/>\n<meta property=\"og:url\" content=\"https:\/\/combotech.gr\/de\/einrichtungen-technische-unterstuetzung-2\/\" \/>\n<meta property=\"og:site_name\" content=\"Combotech\" \/>\n<meta property=\"article:modified_time\" content=\"2020-01-29T10:55:00+00:00\" \/>\n<meta name=\"twitter:label1\" content=\"Gesch\u00e4tzte Lesezeit\" \/>\n\t<meta name=\"twitter:data1\" content=\"1 Minute\" \/>\n<script type=\"application\/ld+json\" class=\"yoast-schema-graph\">{\"@context\":\"https:\/\/schema.org\",\"@graph\":[{\"@type\":\"WebPage\",\"@id\":\"https:\/\/combotech.gr\/de\/einrichtungen-technische-unterstuetzung-2\/\",\"url\":\"https:\/\/combotech.gr\/de\/einrichtungen-technische-unterstuetzung-2\/\",\"name\":\"Einrichtungen Und Technische Unterst\u00fctzung - Combotech\",\"isPartOf\":{\"@id\":\"https:\/\/combotech.gr\/#website\"},\"datePublished\":\"2015-12-08T10:47:39+00:00\",\"dateModified\":\"2020-01-29T10:55:00+00:00\",\"breadcrumb\":{\"@id\":\"https:\/\/combotech.gr\/de\/einrichtungen-technische-unterstuetzung-2\/#breadcrumb\"},\"inLanguage\":\"de-DE\",\"potentialAction\":[{\"@type\":\"ReadAction\",\"target\":[\"https:\/\/combotech.gr\/de\/einrichtungen-technische-unterstuetzung-2\/\"]}]},{\"@type\":\"BreadcrumbList\",\"@id\":\"https:\/\/combotech.gr\/de\/einrichtungen-technische-unterstuetzung-2\/#breadcrumb\",\"itemListElement\":[{\"@type\":\"ListItem\",\"position\":1,\"name\":\"Home\",\"item\":\"https:\/\/combotech.gr\/\"},{\"@type\":\"ListItem\",\"position\":2,\"name\":\"Einrichtungen Und Technische Unterst\u00fctzung\"}]},{\"@type\":\"WebSite\",\"@id\":\"https:\/\/combotech.gr\/#website\",\"url\":\"https:\/\/combotech.gr\/\",\"name\":\"Combotech\",\"description\":\"\u03c4\u03b7\u03bb\u03ad\u03c6\u03c9\u03bd\u03bf | \u03b4\u03b9\u03b1\u03b4\u03af\u03ba\u03c4\u03c5\u03bf |\u03b4\u03bf\u03c1\u03c5\u03c6\u03bf\u03c1\u03b9\u03ba\u03ac | \u03bf\u03c0\u03c4\u03b9\u03ba\u03ad\u03c2 \u03af\u03bd\u03b5\u03c2\",\"publisher\":{\"@id\":\"https:\/\/combotech.gr\/#organization\"},\"potentialAction\":[{\"@type\":\"SearchAction\",\"target\":{\"@type\":\"EntryPoint\",\"urlTemplate\":\"https:\/\/combotech.gr\/?s={search_term_string}\"},\"query-input\":\"required name=search_term_string\"}],\"inLanguage\":\"de-DE\"},{\"@type\":\"Organization\",\"@id\":\"https:\/\/combotech.gr\/#organization\",\"name\":\"Combotech\",\"url\":\"https:\/\/combotech.gr\/\",\"logo\":{\"@type\":\"ImageObject\",\"inLanguage\":\"de-DE\",\"@id\":\"https:\/\/combotech.gr\/#\/schema\/logo\/image\/\",\"url\":\"https:\/\/combotech.gr\/wp-content\/uploads\/2014\/11\/favicon.png\",\"contentUrl\":\"https:\/\/combotech.gr\/wp-content\/uploads\/2014\/11\/favicon.png\",\"width\":150,\"height\":150,\"caption\":\"Combotech\"},\"image\":{\"@id\":\"https:\/\/combotech.gr\/#\/schema\/logo\/image\/\"}}]}<\/script>\n<!-- \/ Yoast SEO plugin. -->","yoast_head_json":{"title":"Einrichtungen Und Technische Unterst\u00fctzung - Combotech","robots":{"index":"index","follow":"follow","max-snippet":"max-snippet:-1","max-image-preview":"max-image-preview:large","max-video-preview":"max-video-preview:-1"},"canonical":"https:\/\/combotech.gr\/de\/einrichtungen-technische-unterstuetzung-2\/","og_locale":"de_DE","og_type":"article","og_title":"Einrichtungen Und Technische Unterst\u00fctzung - Combotech","og_description":"ComboTech bietet Dienstleistungen \u00fcber das gesamte Spektrum einer technischen Unterst\u00fctzung von Unternehmen: von der Errichtung einer Logistikinfrastruktur bis zur entsprechenden \u00dcberwachung durch den Abschluss von...","og_url":"https:\/\/combotech.gr\/de\/einrichtungen-technische-unterstuetzung-2\/","og_site_name":"Combotech","article_modified_time":"2020-01-29T10:55:00+00:00","twitter_misc":{"Gesch\u00e4tzte Lesezeit":"1 Minute"},"schema":{"@context":"https:\/\/schema.org","@graph":[{"@type":"WebPage","@id":"https:\/\/combotech.gr\/de\/einrichtungen-technische-unterstuetzung-2\/","url":"https:\/\/combotech.gr\/de\/einrichtungen-technische-unterstuetzung-2\/","name":"Einrichtungen Und Technische Unterst\u00fctzung - Combotech","isPartOf":{"@id":"https:\/\/combotech.gr\/#website"},"datePublished":"2015-12-08T10:47:39+00:00","dateModified":"2020-01-29T10:55:00+00:00","breadcrumb":{"@id":"https:\/\/combotech.gr\/de\/einrichtungen-technische-unterstuetzung-2\/#breadcrumb"},"inLanguage":"de-DE","potentialAction":[{"@type":"ReadAction","target":["https:\/\/combotech.gr\/de\/einrichtungen-technische-unterstuetzung-2\/"]}]},{"@type":"BreadcrumbList","@id":"https:\/\/combotech.gr\/de\/einrichtungen-technische-unterstuetzung-2\/#breadcrumb","itemListElement":[{"@type":"ListItem","position":1,"name":"Home","item":"https:\/\/combotech.gr\/"},{"@type":"ListItem","position":2,"name":"Einrichtungen Und Technische Unterst\u00fctzung"}]},{"@type":"WebSite","@id":"https:\/\/combotech.gr\/#website","url":"https:\/\/combotech.gr\/","name":"Combotech","description":"\u03c4\u03b7\u03bb\u03ad\u03c6\u03c9\u03bd\u03bf | \u03b4\u03b9\u03b1\u03b4\u03af\u03ba\u03c4\u03c5\u03bf |\u03b4\u03bf\u03c1\u03c5\u03c6\u03bf\u03c1\u03b9\u03ba\u03ac | \u03bf\u03c0\u03c4\u03b9\u03ba\u03ad\u03c2 \u03af\u03bd\u03b5\u03c2","publisher":{"@id":"https:\/\/combotech.gr\/#organization"},"potentialAction":[{"@type":"SearchAction","target":{"@type":"EntryPoint","urlTemplate":"https:\/\/combotech.gr\/?s={search_term_string}"},"query-input":"required name=search_term_string"}],"inLanguage":"de-DE"},{"@type":"Organization","@id":"https:\/\/combotech.gr\/#organization","name":"Combotech","url":"https:\/\/combotech.gr\/","logo":{"@type":"ImageObject","inLanguage":"de-DE","@id":"https:\/\/combotech.gr\/#\/schema\/logo\/image\/","url":"https:\/\/combotech.gr\/wp-content\/uploads\/2014\/11\/favicon.png","contentUrl":"https:\/\/combotech.gr\/wp-content\/uploads\/2014\/11\/favicon.png","width":150,"height":150,"caption":"Combotech"},"image":{"@id":"https:\/\/combotech.gr\/#\/schema\/logo\/image\/"}}]}},"_links":{"self":[{"href":"https:\/\/combotech.gr\/de\/wp-json\/wp\/v2\/pages\/1131"}],"collection":[{"href":"https:\/\/combotech.gr\/de\/wp-json\/wp\/v2\/pages"}],"about":[{"href":"https:\/\/combotech.gr\/de\/wp-json\/wp\/v2\/types\/page"}],"author":[{"embeddable":true,"href":"https:\/\/combotech.gr\/de\/wp-json\/wp\/v2\/users\/1"}],"replies":[{"embeddable":true,"href":"https:\/\/combotech.gr\/de\/wp-json\/wp\/v2\/comments?post=1131"}],"version-history":[{"count":1,"href":"https:\/\/combotech.gr\/de\/wp-json\/wp\/v2\/pages\/1131\/revisions"}],"predecessor-version":[{"id":6788,"href":"https:\/\/combotech.gr\/de\/wp-json\/wp\/v2\/pages\/1131\/revisions\/6788"}],"wp:attachment":[{"href":"https:\/\/combotech.gr\/de\/wp-json\/wp\/v2\/media?parent=1131"}],"curies":[{"name":"wp","href":"https:\/\/api.w.org\/{rel}","templated":true}]}}