{"id":1133,"date":"2015-12-08T10:49:12","date_gmt":"2015-12-08T10:49:12","guid":{"rendered":"https:\/\/combotech.gr\/de\/?page_id=1133"},"modified":"2020-01-29T13:00:43","modified_gmt":"2020-01-29T11:00:43","slug":"telefon-internet","status":"publish","type":"page","link":"https:\/\/combotech.gr\/de\/telefon-internet\/","title":{"rendered":"Telefon und Internet"},"content":{"rendered":"<p>Die Bereitstellung zuverl\u00e4ssiger Kommunikationsl\u00f6sungen und der ungehinderte Internet-Zugang sind heute mit dem ordnungsgem\u00e4\u00dfen Funktionieren der modernen Unternehmen voll und ganz verbunden.<\/p>\n<p>Es ist jedoch keine Seltenheit, dass die Unternehmen zur Durchf\u00fchrung erforderlicher kommunikationsbezogenen Arbeiten entweder nicht dazu im Stande sind oder zur Erledigung mittels eigenen Ressourcen nicht \u00fcber die geeigneten Mittel oder Zeit verf\u00fcgen. In solchen F\u00e4llen m\u00fcssen Sie einen &#8222;zuverl\u00e4ssigen Partner&#8220; haben.<\/p>\n<p>Das Technikerteam von <strong>ComboTech<\/strong> ist zust\u00e4ndig f\u00fcr:<\/p>\n<ul>\n<li>Einrichtung und Konfiguration von Firmentelefonie-Netzwerken und VPN\u2019s ,<\/li>\n<li>Einrichtung einer WLAN-Verbindung zum Firmennetzwerk f\u00fcr das Personal<\/li>\n<li>Kontrolle bzw. Verlegung einer neuen Telefon- und Stromverkabelung in den Gesch\u00e4ftsr\u00e4umen<\/li>\n<li>Vorschl\u00e4ge zur Verbesserung oder Aktualisierung aller vorhandenen Installationen.<\/li>\n<\/ul>\n<p>Zur gleichen Zeit besucht <strong>ComboTech<\/strong> die Privatkunden in ihren R\u00e4umen und installiert Filter und Splitter, um die Telefonie und den Internet-Zugang im ganzen Haus zu erleichtern. Unsere Techniker k\u00f6nnen auch den Heimrouter einrichten und konfigurieren (z.B. Ports, WLAN, Firewall-Einstellungen), sowie die gemeinsam genutzten Ger\u00e4te und Ordner definieren. <strong>ComboTech<\/strong> bietet von den einfachsten bis zu den komplexesten Aufgaben zuverl\u00e4ssige und bew\u00e4hrte L\u00f6sungen f\u00fcr Gesch\u00e4fts- und Privatkunden.<\/p>\n<p><a href=\"\/?page_id=1125\">Kontaktieren Sie<\/a> uns und stellen Sie fest, wie wir Ihnen beim reibungslosen Funktionieren der Telefonie- und Internetdienstleistungen und bei der ordnungsgem\u00e4\u00dfen Benutzung der Haustelekommunikation helfen k\u00f6nnen.<\/p>\n<h4 style=\"text-align: center;\"><a title=\"\" href=\"\/?page_id=1127\">Lichtwellenleiter<\/a><\/h4>\n<p>&nbsp;<\/p>\n<h4 style=\"text-align: center;\"><a title=\"\" href=\"\/?page_id=1129\">Wartung von Netzwerken und Infrastruktur<\/a><\/h4>\n<p>&nbsp;<\/p>\n<h4 style=\"text-align: center;\"><a title=\"\" href=\"\/?page_id=1131\">Einrichtungen &amp; Technische Unterst\u00fctzung<\/a><\/h4>\n<p>&nbsp;<\/p>\n<h4 style=\"text-align: center;\"><a title=\"\" href=\"\/?page_id=1133\">Telefon &amp; Internet<\/a><\/h4>\n<p>&nbsp;<\/p>\n<h4 style=\"text-align: center;\"><a title=\"\" href=\"\/?page_id=1134\">Telefon &amp; Broadband Satellitensysteme<\/a><\/h4>\n<p>&nbsp;<\/p>\n","protected":false},"excerpt":{"rendered":"<p>Die Bereitstellung zuverl\u00e4ssiger Kommunikationsl\u00f6sungen und der ungehinderte Internet-Zugang sind heute mit dem ordnungsgem\u00e4\u00dfen Funktionieren der modernen Unternehmen voll und ganz verbunden. Es ist jedoch keine&#8230;<\/p>\n","protected":false},"author":1,"featured_media":0,"parent":0,"menu_order":0,"comment_status":"closed","ping_status":"closed","template":"","meta":[],"yoast_head":"<!-- This site is optimized with the Yoast SEO plugin v20.7 - https:\/\/yoast.com\/wordpress\/plugins\/seo\/ -->\n<title>Telefon und Internet - Combotech<\/title>\n<meta name=\"robots\" content=\"index, follow, max-snippet:-1, max-image-preview:large, max-video-preview:-1\" \/>\n<link rel=\"canonical\" href=\"https:\/\/combotech.gr\/de\/telefon-internet\/\" \/>\n<meta property=\"og:locale\" content=\"de_DE\" \/>\n<meta property=\"og:type\" content=\"article\" \/>\n<meta property=\"og:title\" content=\"Telefon und Internet - Combotech\" \/>\n<meta property=\"og:description\" content=\"Die Bereitstellung zuverl\u00e4ssiger Kommunikationsl\u00f6sungen und der ungehinderte Internet-Zugang sind heute mit dem ordnungsgem\u00e4\u00dfen Funktionieren der modernen Unternehmen voll und ganz verbunden. Es ist jedoch keine...\" \/>\n<meta property=\"og:url\" content=\"https:\/\/combotech.gr\/de\/telefon-internet\/\" \/>\n<meta property=\"og:site_name\" content=\"Combotech\" \/>\n<meta property=\"article:modified_time\" content=\"2020-01-29T11:00:43+00:00\" \/>\n<meta name=\"twitter:label1\" content=\"Gesch\u00e4tzte Lesezeit\" \/>\n\t<meta name=\"twitter:data1\" content=\"1 Minute\" \/>\n<script type=\"application\/ld+json\" class=\"yoast-schema-graph\">{\"@context\":\"https:\/\/schema.org\",\"@graph\":[{\"@type\":\"WebPage\",\"@id\":\"https:\/\/combotech.gr\/de\/telefon-internet\/\",\"url\":\"https:\/\/combotech.gr\/de\/telefon-internet\/\",\"name\":\"Telefon und Internet - Combotech\",\"isPartOf\":{\"@id\":\"https:\/\/combotech.gr\/#website\"},\"datePublished\":\"2015-12-08T10:49:12+00:00\",\"dateModified\":\"2020-01-29T11:00:43+00:00\",\"breadcrumb\":{\"@id\":\"https:\/\/combotech.gr\/de\/telefon-internet\/#breadcrumb\"},\"inLanguage\":\"de-DE\",\"potentialAction\":[{\"@type\":\"ReadAction\",\"target\":[\"https:\/\/combotech.gr\/de\/telefon-internet\/\"]}]},{\"@type\":\"BreadcrumbList\",\"@id\":\"https:\/\/combotech.gr\/de\/telefon-internet\/#breadcrumb\",\"itemListElement\":[{\"@type\":\"ListItem\",\"position\":1,\"name\":\"Home\",\"item\":\"https:\/\/combotech.gr\/\"},{\"@type\":\"ListItem\",\"position\":2,\"name\":\"Telefon und Internet\"}]},{\"@type\":\"WebSite\",\"@id\":\"https:\/\/combotech.gr\/#website\",\"url\":\"https:\/\/combotech.gr\/\",\"name\":\"Combotech\",\"description\":\"\u03c4\u03b7\u03bb\u03ad\u03c6\u03c9\u03bd\u03bf | \u03b4\u03b9\u03b1\u03b4\u03af\u03ba\u03c4\u03c5\u03bf |\u03b4\u03bf\u03c1\u03c5\u03c6\u03bf\u03c1\u03b9\u03ba\u03ac | \u03bf\u03c0\u03c4\u03b9\u03ba\u03ad\u03c2 \u03af\u03bd\u03b5\u03c2\",\"publisher\":{\"@id\":\"https:\/\/combotech.gr\/#organization\"},\"potentialAction\":[{\"@type\":\"SearchAction\",\"target\":{\"@type\":\"EntryPoint\",\"urlTemplate\":\"https:\/\/combotech.gr\/?s={search_term_string}\"},\"query-input\":\"required name=search_term_string\"}],\"inLanguage\":\"de-DE\"},{\"@type\":\"Organization\",\"@id\":\"https:\/\/combotech.gr\/#organization\",\"name\":\"Combotech\",\"url\":\"https:\/\/combotech.gr\/\",\"logo\":{\"@type\":\"ImageObject\",\"inLanguage\":\"de-DE\",\"@id\":\"https:\/\/combotech.gr\/#\/schema\/logo\/image\/\",\"url\":\"https:\/\/combotech.gr\/wp-content\/uploads\/2014\/11\/favicon.png\",\"contentUrl\":\"https:\/\/combotech.gr\/wp-content\/uploads\/2014\/11\/favicon.png\",\"width\":150,\"height\":150,\"caption\":\"Combotech\"},\"image\":{\"@id\":\"https:\/\/combotech.gr\/#\/schema\/logo\/image\/\"}}]}<\/script>\n<!-- \/ Yoast SEO plugin. -->","yoast_head_json":{"title":"Telefon und Internet - Combotech","robots":{"index":"index","follow":"follow","max-snippet":"max-snippet:-1","max-image-preview":"max-image-preview:large","max-video-preview":"max-video-preview:-1"},"canonical":"https:\/\/combotech.gr\/de\/telefon-internet\/","og_locale":"de_DE","og_type":"article","og_title":"Telefon und Internet - Combotech","og_description":"Die Bereitstellung zuverl\u00e4ssiger Kommunikationsl\u00f6sungen und der ungehinderte Internet-Zugang sind heute mit dem ordnungsgem\u00e4\u00dfen Funktionieren der modernen Unternehmen voll und ganz verbunden. Es ist jedoch keine...","og_url":"https:\/\/combotech.gr\/de\/telefon-internet\/","og_site_name":"Combotech","article_modified_time":"2020-01-29T11:00:43+00:00","twitter_misc":{"Gesch\u00e4tzte Lesezeit":"1 Minute"},"schema":{"@context":"https:\/\/schema.org","@graph":[{"@type":"WebPage","@id":"https:\/\/combotech.gr\/de\/telefon-internet\/","url":"https:\/\/combotech.gr\/de\/telefon-internet\/","name":"Telefon und Internet - Combotech","isPartOf":{"@id":"https:\/\/combotech.gr\/#website"},"datePublished":"2015-12-08T10:49:12+00:00","dateModified":"2020-01-29T11:00:43+00:00","breadcrumb":{"@id":"https:\/\/combotech.gr\/de\/telefon-internet\/#breadcrumb"},"inLanguage":"de-DE","potentialAction":[{"@type":"ReadAction","target":["https:\/\/combotech.gr\/de\/telefon-internet\/"]}]},{"@type":"BreadcrumbList","@id":"https:\/\/combotech.gr\/de\/telefon-internet\/#breadcrumb","itemListElement":[{"@type":"ListItem","position":1,"name":"Home","item":"https:\/\/combotech.gr\/"},{"@type":"ListItem","position":2,"name":"Telefon und Internet"}]},{"@type":"WebSite","@id":"https:\/\/combotech.gr\/#website","url":"https:\/\/combotech.gr\/","name":"Combotech","description":"\u03c4\u03b7\u03bb\u03ad\u03c6\u03c9\u03bd\u03bf | \u03b4\u03b9\u03b1\u03b4\u03af\u03ba\u03c4\u03c5\u03bf |\u03b4\u03bf\u03c1\u03c5\u03c6\u03bf\u03c1\u03b9\u03ba\u03ac | \u03bf\u03c0\u03c4\u03b9\u03ba\u03ad\u03c2 \u03af\u03bd\u03b5\u03c2","publisher":{"@id":"https:\/\/combotech.gr\/#organization"},"potentialAction":[{"@type":"SearchAction","target":{"@type":"EntryPoint","urlTemplate":"https:\/\/combotech.gr\/?s={search_term_string}"},"query-input":"required name=search_term_string"}],"inLanguage":"de-DE"},{"@type":"Organization","@id":"https:\/\/combotech.gr\/#organization","name":"Combotech","url":"https:\/\/combotech.gr\/","logo":{"@type":"ImageObject","inLanguage":"de-DE","@id":"https:\/\/combotech.gr\/#\/schema\/logo\/image\/","url":"https:\/\/combotech.gr\/wp-content\/uploads\/2014\/11\/favicon.png","contentUrl":"https:\/\/combotech.gr\/wp-content\/uploads\/2014\/11\/favicon.png","width":150,"height":150,"caption":"Combotech"},"image":{"@id":"https:\/\/combotech.gr\/#\/schema\/logo\/image\/"}}]}},"_links":{"self":[{"href":"https:\/\/combotech.gr\/de\/wp-json\/wp\/v2\/pages\/1133"}],"collection":[{"href":"https:\/\/combotech.gr\/de\/wp-json\/wp\/v2\/pages"}],"about":[{"href":"https:\/\/combotech.gr\/de\/wp-json\/wp\/v2\/types\/page"}],"author":[{"embeddable":true,"href":"https:\/\/combotech.gr\/de\/wp-json\/wp\/v2\/users\/1"}],"replies":[{"embeddable":true,"href":"https:\/\/combotech.gr\/de\/wp-json\/wp\/v2\/comments?post=1133"}],"version-history":[{"count":1,"href":"https:\/\/combotech.gr\/de\/wp-json\/wp\/v2\/pages\/1133\/revisions"}],"predecessor-version":[{"id":6793,"href":"https:\/\/combotech.gr\/de\/wp-json\/wp\/v2\/pages\/1133\/revisions\/6793"}],"wp:attachment":[{"href":"https:\/\/combotech.gr\/de\/wp-json\/wp\/v2\/media?parent=1133"}],"curies":[{"name":"wp","href":"https:\/\/api.w.org\/{rel}","templated":true}]}}