{"id":1134,"date":"2015-12-08T10:49:54","date_gmt":"2015-12-08T10:49:54","guid":{"rendered":"https:\/\/combotech.gr\/de\/?page_id=1134"},"modified":"2020-01-29T13:08:04","modified_gmt":"2020-01-29T11:08:04","slug":"telefon-broadband-satellitensysteme","status":"publish","type":"page","link":"https:\/\/combotech.gr\/de\/telefon-broadband-satellitensysteme\/","title":{"rendered":"Telefon und Broadband Satellitensysteme"},"content":{"rendered":"<p>Der Einsatz von Satellitensystemen in den Bereichen Unterhaltung (via Pay-TV) und Internetzugang (\u00fcber den so genannten &#8222;Satellite Broadband&#8220;) gewinnt von Tag zu Tag an Boden und bietet sowohl f\u00fcr die berufliche Kommunikation als auch f\u00fcr die Heimunterhaltung L\u00f6sungen an.<\/p>\n<p><strong>ComboTech<\/strong> \u00fcbernimmt die Durchf\u00fchrung von komplexen Einrichtungen an Satellitenanlagen in Gesch\u00e4ftsr\u00e4umen mit mehreren TV-Ger\u00e4ten und Zugangsm\u00f6glichkeiten in die meisten Satelliten-Bouquets. Solche Anlagen sind h\u00e4ufig in Caf\u00e9s, Hotels, Boote usw. zu finden.<\/p>\n<p>Zus\u00e4tzlich richtet <strong>ComboTech<\/strong> \u00fcber Satellitenempfang Internetverbindungen in mit den vorgenannten Standorten \u00e4hnlichen R\u00e4umen ein und gew\u00e4hrleistet somit den Internet-Zugang auch in den entlegensten Orten, sogar in Gebieten, wo keine Festnetzanschl\u00fcsse vorhanden sind.<\/p>\n<p><strong>ComboTech<\/strong> sorgt daf\u00fcr, dass das moderne Unternehmen \u201e\u00fcberall\u201c verbunden ist.<\/p>\n<p>Anderseits entscheiden sich auf Haushaltsebene immer mehr Familien \u00fcber ein Abo-TV f\u00fcr ihre Unterhaltung und dies schafft an sich neue Bed\u00fcrfnisse. Gleichzeitig Familien in abgelegenen (haupts\u00e4chlich l\u00e4ndlichen) Gebieten entscheiden sich \u00fcber Satelliten-Systeme, f\u00fcr den Internetzugang, sodass der Kontakt zu den Nachrichten, der Zugriff auf die E-Mails, soziale Netzwerke und Online-Eink\u00e4ufe gew\u00e4hrleistet werden k\u00f6nnen.<\/p>\n<p><strong>ComboTech<\/strong> richtet in H\u00e4usern und betrieblichen Anlagen Transponder, aktualisiert die bestehenden Multikanalsysteme (\u201eMulti view\u201c), installiert Verbesserungssysteme f\u00fcr den terrestrischen Empfang (z.B. DVBT-Antenne), indem schlie\u00dflich unsere Techniker Sat-Antennen zum Empfang von mehr als einen Satelliten (z.B. Hotbird &#8211; Astra \u2013 Eutelsat\/ Zugriff auf griechische, italienische, russische, albanische und t\u00fcrkische Anbieter von Satellitenbouquets) installieren.<\/p>\n<p>Kontaktieren Sie uns und lassen Sie sich von uns \u00fcber den besten Weg f\u00fcr ihre Satelliten-TV und Internet in Ihrem Unternehmen vorschlagen.<\/p>\n<p><a href=\"\/?page_id=1125\">Stellen Sie<\/a> somit fest, wie wir die Qualit\u00e4t Ihres TV-Empfanges verbessern und das Signal auf andere Bereiche Ihres Hauses oder Unternehmens \u00fcbertragen k\u00f6nnen.<\/p>\n<h4 style=\"text-align: center;\"><a title=\"\" href=\"\/?page_id=1127\">Lichtwellenleiter<\/a><\/h4>\n<p>&nbsp;<\/p>\n<h4 style=\"text-align: center;\"><a title=\"\" href=\"\/?page_id=1129\">Wartung von Netzwerken und Infrastruktur<\/a><\/h4>\n<p>&nbsp;<\/p>\n<h4 style=\"text-align: center;\"><a title=\"\" href=\"\/?page_id=1131\">Einrichtungen &amp; Technische Unterst\u00fctzung<\/a><\/h4>\n<p>&nbsp;<\/p>\n<h4 style=\"text-align: center;\"><a title=\"\" href=\"\/?page_id=1133\">Telefon &amp; Internet<\/a><\/h4>\n<p>&nbsp;<\/p>\n<h4 style=\"text-align: center;\"><a title=\"\" href=\"\/?page_id=1134\">Telefon &amp; Broadband Satellitensysteme<\/a><\/h4>\n<p>&nbsp;<\/p>\n","protected":false},"excerpt":{"rendered":"<p>Der Einsatz von Satellitensystemen in den Bereichen Unterhaltung (via Pay-TV) und Internetzugang (\u00fcber den so genannten &#8222;Satellite Broadband&#8220;) gewinnt von Tag zu Tag an Boden&#8230;<\/p>\n","protected":false},"author":1,"featured_media":0,"parent":0,"menu_order":0,"comment_status":"closed","ping_status":"closed","template":"","meta":[],"yoast_head":"<!-- This site is optimized with the Yoast SEO plugin v20.7 - https:\/\/yoast.com\/wordpress\/plugins\/seo\/ -->\n<title>Telefon und Broadband Satellitensysteme - Combotech<\/title>\n<meta name=\"robots\" content=\"index, follow, max-snippet:-1, max-image-preview:large, max-video-preview:-1\" \/>\n<link rel=\"canonical\" href=\"https:\/\/combotech.gr\/de\/telefon-broadband-satellitensysteme\/\" \/>\n<meta property=\"og:locale\" content=\"de_DE\" \/>\n<meta property=\"og:type\" content=\"article\" \/>\n<meta property=\"og:title\" content=\"Telefon und Broadband Satellitensysteme - Combotech\" \/>\n<meta property=\"og:description\" content=\"Der Einsatz von Satellitensystemen in den Bereichen Unterhaltung (via Pay-TV) und Internetzugang (\u00fcber den so genannten &#8222;Satellite Broadband&#8220;) gewinnt von Tag zu Tag an Boden...\" \/>\n<meta property=\"og:url\" content=\"https:\/\/combotech.gr\/de\/telefon-broadband-satellitensysteme\/\" \/>\n<meta property=\"og:site_name\" content=\"Combotech\" \/>\n<meta property=\"article:modified_time\" content=\"2020-01-29T11:08:04+00:00\" \/>\n<meta name=\"twitter:label1\" content=\"Gesch\u00e4tzte Lesezeit\" \/>\n\t<meta name=\"twitter:data1\" content=\"2 Minuten\" \/>\n<script type=\"application\/ld+json\" class=\"yoast-schema-graph\">{\"@context\":\"https:\/\/schema.org\",\"@graph\":[{\"@type\":\"WebPage\",\"@id\":\"https:\/\/combotech.gr\/de\/telefon-broadband-satellitensysteme\/\",\"url\":\"https:\/\/combotech.gr\/de\/telefon-broadband-satellitensysteme\/\",\"name\":\"Telefon und Broadband Satellitensysteme - Combotech\",\"isPartOf\":{\"@id\":\"https:\/\/combotech.gr\/#website\"},\"datePublished\":\"2015-12-08T10:49:54+00:00\",\"dateModified\":\"2020-01-29T11:08:04+00:00\",\"breadcrumb\":{\"@id\":\"https:\/\/combotech.gr\/de\/telefon-broadband-satellitensysteme\/#breadcrumb\"},\"inLanguage\":\"de-DE\",\"potentialAction\":[{\"@type\":\"ReadAction\",\"target\":[\"https:\/\/combotech.gr\/de\/telefon-broadband-satellitensysteme\/\"]}]},{\"@type\":\"BreadcrumbList\",\"@id\":\"https:\/\/combotech.gr\/de\/telefon-broadband-satellitensysteme\/#breadcrumb\",\"itemListElement\":[{\"@type\":\"ListItem\",\"position\":1,\"name\":\"Home\",\"item\":\"https:\/\/combotech.gr\/\"},{\"@type\":\"ListItem\",\"position\":2,\"name\":\"Telefon und Broadband Satellitensysteme\"}]},{\"@type\":\"WebSite\",\"@id\":\"https:\/\/combotech.gr\/#website\",\"url\":\"https:\/\/combotech.gr\/\",\"name\":\"Combotech\",\"description\":\"\u03c4\u03b7\u03bb\u03ad\u03c6\u03c9\u03bd\u03bf | \u03b4\u03b9\u03b1\u03b4\u03af\u03ba\u03c4\u03c5\u03bf |\u03b4\u03bf\u03c1\u03c5\u03c6\u03bf\u03c1\u03b9\u03ba\u03ac | \u03bf\u03c0\u03c4\u03b9\u03ba\u03ad\u03c2 \u03af\u03bd\u03b5\u03c2\",\"publisher\":{\"@id\":\"https:\/\/combotech.gr\/#organization\"},\"potentialAction\":[{\"@type\":\"SearchAction\",\"target\":{\"@type\":\"EntryPoint\",\"urlTemplate\":\"https:\/\/combotech.gr\/?s={search_term_string}\"},\"query-input\":\"required name=search_term_string\"}],\"inLanguage\":\"de-DE\"},{\"@type\":\"Organization\",\"@id\":\"https:\/\/combotech.gr\/#organization\",\"name\":\"Combotech\",\"url\":\"https:\/\/combotech.gr\/\",\"logo\":{\"@type\":\"ImageObject\",\"inLanguage\":\"de-DE\",\"@id\":\"https:\/\/combotech.gr\/#\/schema\/logo\/image\/\",\"url\":\"https:\/\/combotech.gr\/wp-content\/uploads\/2014\/11\/favicon.png\",\"contentUrl\":\"https:\/\/combotech.gr\/wp-content\/uploads\/2014\/11\/favicon.png\",\"width\":150,\"height\":150,\"caption\":\"Combotech\"},\"image\":{\"@id\":\"https:\/\/combotech.gr\/#\/schema\/logo\/image\/\"}}]}<\/script>\n<!-- \/ Yoast SEO plugin. -->","yoast_head_json":{"title":"Telefon und Broadband Satellitensysteme - Combotech","robots":{"index":"index","follow":"follow","max-snippet":"max-snippet:-1","max-image-preview":"max-image-preview:large","max-video-preview":"max-video-preview:-1"},"canonical":"https:\/\/combotech.gr\/de\/telefon-broadband-satellitensysteme\/","og_locale":"de_DE","og_type":"article","og_title":"Telefon und Broadband Satellitensysteme - Combotech","og_description":"Der Einsatz von Satellitensystemen in den Bereichen Unterhaltung (via Pay-TV) und Internetzugang (\u00fcber den so genannten &#8222;Satellite Broadband&#8220;) gewinnt von Tag zu Tag an Boden...","og_url":"https:\/\/combotech.gr\/de\/telefon-broadband-satellitensysteme\/","og_site_name":"Combotech","article_modified_time":"2020-01-29T11:08:04+00:00","twitter_misc":{"Gesch\u00e4tzte Lesezeit":"2 Minuten"},"schema":{"@context":"https:\/\/schema.org","@graph":[{"@type":"WebPage","@id":"https:\/\/combotech.gr\/de\/telefon-broadband-satellitensysteme\/","url":"https:\/\/combotech.gr\/de\/telefon-broadband-satellitensysteme\/","name":"Telefon und Broadband Satellitensysteme - Combotech","isPartOf":{"@id":"https:\/\/combotech.gr\/#website"},"datePublished":"2015-12-08T10:49:54+00:00","dateModified":"2020-01-29T11:08:04+00:00","breadcrumb":{"@id":"https:\/\/combotech.gr\/de\/telefon-broadband-satellitensysteme\/#breadcrumb"},"inLanguage":"de-DE","potentialAction":[{"@type":"ReadAction","target":["https:\/\/combotech.gr\/de\/telefon-broadband-satellitensysteme\/"]}]},{"@type":"BreadcrumbList","@id":"https:\/\/combotech.gr\/de\/telefon-broadband-satellitensysteme\/#breadcrumb","itemListElement":[{"@type":"ListItem","position":1,"name":"Home","item":"https:\/\/combotech.gr\/"},{"@type":"ListItem","position":2,"name":"Telefon und Broadband Satellitensysteme"}]},{"@type":"WebSite","@id":"https:\/\/combotech.gr\/#website","url":"https:\/\/combotech.gr\/","name":"Combotech","description":"\u03c4\u03b7\u03bb\u03ad\u03c6\u03c9\u03bd\u03bf | \u03b4\u03b9\u03b1\u03b4\u03af\u03ba\u03c4\u03c5\u03bf |\u03b4\u03bf\u03c1\u03c5\u03c6\u03bf\u03c1\u03b9\u03ba\u03ac | \u03bf\u03c0\u03c4\u03b9\u03ba\u03ad\u03c2 \u03af\u03bd\u03b5\u03c2","publisher":{"@id":"https:\/\/combotech.gr\/#organization"},"potentialAction":[{"@type":"SearchAction","target":{"@type":"EntryPoint","urlTemplate":"https:\/\/combotech.gr\/?s={search_term_string}"},"query-input":"required name=search_term_string"}],"inLanguage":"de-DE"},{"@type":"Organization","@id":"https:\/\/combotech.gr\/#organization","name":"Combotech","url":"https:\/\/combotech.gr\/","logo":{"@type":"ImageObject","inLanguage":"de-DE","@id":"https:\/\/combotech.gr\/#\/schema\/logo\/image\/","url":"https:\/\/combotech.gr\/wp-content\/uploads\/2014\/11\/favicon.png","contentUrl":"https:\/\/combotech.gr\/wp-content\/uploads\/2014\/11\/favicon.png","width":150,"height":150,"caption":"Combotech"},"image":{"@id":"https:\/\/combotech.gr\/#\/schema\/logo\/image\/"}}]}},"_links":{"self":[{"href":"https:\/\/combotech.gr\/de\/wp-json\/wp\/v2\/pages\/1134"}],"collection":[{"href":"https:\/\/combotech.gr\/de\/wp-json\/wp\/v2\/pages"}],"about":[{"href":"https:\/\/combotech.gr\/de\/wp-json\/wp\/v2\/types\/page"}],"author":[{"embeddable":true,"href":"https:\/\/combotech.gr\/de\/wp-json\/wp\/v2\/users\/1"}],"replies":[{"embeddable":true,"href":"https:\/\/combotech.gr\/de\/wp-json\/wp\/v2\/comments?post=1134"}],"version-history":[{"count":1,"href":"https:\/\/combotech.gr\/de\/wp-json\/wp\/v2\/pages\/1134\/revisions"}],"predecessor-version":[{"id":6799,"href":"https:\/\/combotech.gr\/de\/wp-json\/wp\/v2\/pages\/1134\/revisions\/6799"}],"wp:attachment":[{"href":"https:\/\/combotech.gr\/de\/wp-json\/wp\/v2\/media?parent=1134"}],"curies":[{"name":"wp","href":"https:\/\/api.w.org\/{rel}","templated":true}]}}