{"id":6318,"date":"2018-02-22T17:24:31","date_gmt":"2018-02-22T15:24:31","guid":{"rendered":"https:\/\/combotech.gr\/einrichtungen-technische-unterstuetzung\/"},"modified":"2018-02-22T17:24:31","modified_gmt":"2018-02-22T15:24:31","slug":"einrichtungen-technische-unterstuetzung","status":"publish","type":"page","link":"https:\/\/combotech.gr\/de\/einrichtungen-technische-unterstuetzung\/","title":{"rendered":"Einrichtungen Und Technische Unterst\u00fctzung"},"content":{"rendered":"[av_heading tag=&#8217;h3&#8242; padding=&#8217;10&#8216; heading=&#8217;Einrichtungen Und Technische Unterst\u00fctzung&#8216; color=&#8220; style=&#8220; custom_font=&#8220; size=&#8220; subheading_active=&#8220; subheading_size=&#8217;15&#8216; custom_class=&#8220;][\/av_heading]\n[av_hr class=&#8217;invisible&#8216; height=&#8217;20&#8216; shadow=&#8217;no-shadow&#8216; position=&#8217;center&#8216; custom_border=&#8217;av-border-thin&#8216; custom_width=&#8217;50px&#8216; custom_border_color=&#8220; custom_margin_top=&#8217;30px&#8216; custom_margin_bottom=&#8217;30px&#8216; icon_select=&#8217;yes&#8216; custom_icon_color=&#8220; icon=&#8217;ue808&#8242; font=&#8217;entypo-fontello&#8216;]\n[av_textblock size=&#8220; font_color=&#8220; color=&#8220;]\n<strong>ComboTech<\/strong> bietet Dienstleistungen \u00fcber das gesamte Spektrum einer technischen Unterst\u00fctzung von Unternehmen: von der Errichtung einer Logistikinfrastruktur bis zur entsprechenden \u00dcberwachung durch den Abschluss von Wartungsvertr\u00e4gen mit dem Ziel, alle gesch\u00e4ftliche Anforderungen in eine einzige L\u00f6sung zusammenzufassen und weiterhin den reibungslosen Ablauf der t\u00e4glichen Arbeit zu gew\u00e4hrleisten.<br \/>\n[\/av_textblock]\n[av_one_third first]\n[av_slideshow size=&#8217;shop_single&#8216; animation=&#8217;slide&#8216; autoplay=&#8217;true&#8216; interval=&#8217;5&#8242; control_layout=&#8220;]\n[av_slide id=&#8217;918&#8242;][\/av_slide]\n[av_slide slide_type=&#8217;image&#8216; id=&#8217;226&#8242; video=&#8220; mobile_image=&#8220; video_ratio=&#8220; title=&#8220; link_apply=&#8220; link=&#8217;lightbox&#8216; link_target=&#8220; video_controls=&#8220; video_mute=&#8220; video_loop=&#8220; video_autoplay=&#8220;][\/av_slide]\n[av_slide id=&#8217;925&#8242;][\/av_slide]\n[av_slide id=&#8217;919&#8242;][\/av_slide]\n[av_slide id=&#8217;915&#8242;][\/av_slide]\n[\/av_slideshow]\n[\/av_one_third]\n[av_two_third min_height=&#8220; vertical_alignment=&#8220; space=&#8220; custom_margin=&#8220; margin=&#8217;0px&#8216; padding=&#8217;0px&#8216; border=&#8220; border_color=&#8220; radius=&#8217;0px&#8216; background_color=&#8220; src=&#8220; background_position=&#8217;top left&#8216; background_repeat=&#8217;no-repeat&#8216;]\n[av_textblock size=&#8220; font_color=&#8220; color=&#8220;]\nInsbesondere nehmen die technischen Werkst\u00e4tten von <strong>ComboTech<\/strong> folgende Ma\u00dfnahmen vor:<\/p>\n<ul>\n<li>Eintreffen beim Kunden und Erstellung einer vorbereitenden Studie \u00fcber die Infrastruktur zwecks Empfehlung einer optimalen L\u00f6sung<\/li>\n<li>Verlegung einer strukturierten Verkabelung in den R\u00e4umlichkeiten des Kunden und Zertifizierung der Installation mithilfe der entsprechenden Messger\u00e4ten<\/li>\n<li>Installierung und Konfiguration der betrieblichen PC-Netzwerke und st\u00e4ndige \u00dcbernahme der Aufsicht mit Wartungsvertr\u00e4ge<\/li>\n<li>Installierung und Wartung von hochmodernen Callcentern und Upgraden &#8211; soweit m\u00f6glich \u2013 der vorhandenen Telefonie-Systeme<\/li>\n<\/ul>\n<p>Zus\u00e4tzlich bietet <strong>ComboTech<\/strong> technische Unterst\u00fctzung f\u00fcr PCs, wie z.B.:<\/p>\n<ul>\n<li>\u00abReinigung\u00bb und Re-Installation (falls erforderlich) des Original-Betriebssystems nach Auftreten von Problemen (Viren, Maleware, Stromausfall etc.)<\/li>\n<li>Datensicherung (Backup) und R\u00fcckgabe im vom Kunden gew\u00fcnschten optischen Datenspeicherungsformat<\/li>\n<li>Einrichten von Haushaltsnetzwerken (gemeinsam genutzte Dateien, Druckerfreigabe, Einrichten von Heimservern etc.)<\/li>\n<li>Installierung und Konfiguration von B\u00fcrosoftware (Office Suite)sowie von Software bzw. Konten f\u00fcr das Cloud-Speichern<\/li>\n<\/ul>\n<p><a href=\"\/?page_id=1125\">Kontaktieren Sie<\/a> uns und stellen Sie fest, wie wir Ihnen bei der Behebung der t\u00e4glichen Probleme helfen, f\u00fcr Sie Zeit sparen und vom Potenzial der technischen Ausr\u00fcstung Ihres Betriebs umfassend Gebrauch machen k\u00f6nnen.<br \/>\n[\/av_textblock]\n[\/av_two_third][av_one_fifth first]\n[av_image src=&#8217;http:\/\/www.getsocial.gr\/combotech\/wp-content\/uploads\/2014\/11\/optics1.png&#8216; attachment=&#8217;254&#8242; attachment_size=&#8217;full&#8216; align=&#8217;center&#8216; styling=&#8220; hover=&#8220; link=&#8217;page,1127&#8242; target=&#8220; caption=&#8220; font_size=&#8220; appearance=&#8220; overlay_opacity=&#8217;0.4&#8242; overlay_color=&#8217;#000000&#8242; overlay_text_color=&#8217;#ffffff&#8216; animation=&#8217;bottom-to-top&#8216;][\/av_image]\n[av_textblock size=&#8220; font_color=&#8217;custom&#8216; color=&#8217;#5887AB&#8216;]\n<h4 style=\"text-align: center;\"><a title=\"\" href=\"\/?page_id=1127\">Lichtwellenleiter<\/a><\/h4>\n[\/av_textblock]\n[\/av_one_fifth]\n[av_one_fifth min_height=&#8220; vertical_alignment=&#8220; space=&#8220; custom_margin=&#8220; margin=&#8217;0px&#8216; padding=&#8217;0px&#8216; border=&#8220; border_color=&#8220; radius=&#8217;0px&#8216; background_color=&#8220; src=&#8220; background_position=&#8217;top left&#8216; background_repeat=&#8217;no-repeat&#8216;]\n[av_image src=&#8217;http:\/\/www.getsocial.gr\/combotech\/wp-content\/uploads\/2014\/11\/network1.png&#8216; attachment=&#8217;255&#8242; attachment_size=&#8217;full&#8216; align=&#8217;center&#8216; styling=&#8220; hover=&#8220; link=&#8217;page,1129&#8242; target=&#8220; caption=&#8220; font_size=&#8220; appearance=&#8220; overlay_opacity=&#8217;0.4&#8242; overlay_color=&#8217;#000000&#8242; overlay_text_color=&#8217;#ffffff&#8216; animation=&#8217;bottom-to-top&#8216;][\/av_image]\n[av_textblock size=&#8220; font_color=&#8217;custom&#8216; color=&#8217;#f58320&#8242;]\n<h4 style=\"text-align: center;\"><a title=\"\" href=\"\/?page_id=1129\">Wartung von Netzwerken und Infrastruktur<\/a><\/h4>\n[\/av_textblock]\n[\/av_one_fifth]\n[av_one_fifth min_height=&#8220; vertical_alignment=&#8220; space=&#8220; custom_margin=&#8220; margin=&#8217;0px&#8216; padding=&#8217;0px&#8216; border=&#8220; border_color=&#8220; radius=&#8217;0px&#8216; background_color=&#8220; src=&#8220; background_position=&#8217;top left&#8216; background_repeat=&#8217;no-repeat&#8216;]\n[av_image src=&#8217;http:\/\/www.getsocial.gr\/combotech\/wp-content\/uploads\/2014\/11\/support.png&#8216; attachment=&#8217;440&#8242; attachment_size=&#8217;full&#8216; align=&#8217;center&#8216; styling=&#8220; hover=&#8220; link=&#8217;page,1131&#8242; target=&#8220; caption=&#8220; font_size=&#8220; appearance=&#8220; overlay_opacity=&#8217;0.4&#8242; overlay_color=&#8217;#000000&#8242; overlay_text_color=&#8217;#ffffff&#8216; animation=&#8217;bottom-to-top&#8216;][\/av_image]\n[av_textblock size=&#8220; font_color=&#8217;custom&#8216; color=&#8217;#f58320&#8242;]\n<h4 style=\"text-align: center;\"><a title=\"\" href=\"\/?page_id=1131\">Einrichtungen &amp; Technische Unterst\u00fctzung<\/a><\/h4>\n[\/av_textblock]\n[\/av_one_fifth]\n[av_one_fifth min_height=&#8220; vertical_alignment=&#8220; space=&#8220; custom_margin=&#8220; margin=&#8217;0px&#8216; padding=&#8217;0px&#8216; border=&#8220; border_color=&#8220; radius=&#8217;0px&#8216; background_color=&#8220; src=&#8220; background_position=&#8217;top left&#8216; background_repeat=&#8217;no-repeat&#8216;]\n[av_image src=&#8217;http:\/\/www.getsocial.gr\/combotech\/wp-content\/uploads\/2014\/11\/phone2.png&#8216; attachment=&#8217;258&#8242; attachment_size=&#8217;full&#8216; align=&#8217;center&#8216; styling=&#8220; hover=&#8220; link=&#8217;page,1133&#8242; target=&#8220; caption=&#8220; font_size=&#8220; appearance=&#8220; overlay_opacity=&#8217;0.4&#8242; overlay_color=&#8217;#000000&#8242; overlay_text_color=&#8217;#ffffff&#8216; animation=&#8217;bottom-to-top&#8216;][\/av_image]\n[av_textblock size=&#8220; font_color=&#8217;custom&#8216; color=&#8217;#5887AB&#8216;]\n<h4 style=\"text-align: center;\"><a title=\"\" href=\"\/?page_id=1133\">Telefon &amp; Internet<\/a><\/h4>\n[\/av_textblock]\n[\/av_one_fifth]\n[av_one_fifth min_height=&#8220; vertical_alignment=&#8220; space=&#8220; custom_margin=&#8220; margin=&#8217;0px&#8216; padding=&#8217;0px&#8216; border=&#8220; border_color=&#8220; radius=&#8217;0px&#8216; background_color=&#8220; src=&#8220; background_position=&#8217;top left&#8216; background_repeat=&#8217;no-repeat&#8216;]\n[av_image src=&#8217;http:\/\/www.getsocial.gr\/combotech\/wp-content\/uploads\/2014\/11\/satellite1.png&#8216; attachment=&#8217;257&#8242; attachment_size=&#8217;full&#8216; align=&#8217;center&#8216; styling=&#8220; hover=&#8220; link=&#8217;page,1134&#8242; target=&#8220; caption=&#8220; font_size=&#8220; appearance=&#8220; overlay_opacity=&#8217;0.4&#8242; overlay_color=&#8217;#000000&#8242; overlay_text_color=&#8217;#ffffff&#8216; animation=&#8217;bottom-to-top&#8216;][\/av_image]\n[av_textblock size=&#8220; font_color=&#8217;custom&#8216; color=&#8217;#f58320&#8242;]\n<h4 style=\"text-align: center;\"><a title=\"\" href=\"\/?page_id=1134\">Telefon &amp; Broadband Satellitensysteme<\/a><\/h4>\n[\/av_textblock]\n[\/av_one_fifth]\n","protected":false},"excerpt":{"rendered":"<p>[av_heading tag=&#8217;h3&#8242; padding=&#8217;10&#8216; heading=&#8217;Einrichtungen Und Technische Unterst\u00fctzung&#8216; color=&#8220; style=&#8220; custom_font=&#8220; size=&#8220; subheading_active=&#8220; subheading_size=&#8217;15&#8216; custom_class=&#8220;][\/av_heading] [av_hr class=&#8217;invisible&#8216; height=&#8217;20&#8216; shadow=&#8217;no-shadow&#8216; position=&#8217;center&#8216; custom_border=&#8217;av-border-thin&#8216; custom_width=&#8217;50px&#8216; custom_border_color=&#8220; custom_margin_top=&#8217;30px&#8216; custom_margin_bottom=&#8217;30px&#8216; icon_select=&#8217;yes&#8216;&#8230;<\/p>\n","protected":false},"author":6,"featured_media":0,"parent":0,"menu_order":0,"comment_status":"closed","ping_status":"closed","template":"","meta":[],"yoast_head":"<!-- This site is optimized with the Yoast SEO plugin v20.7 - https:\/\/yoast.com\/wordpress\/plugins\/seo\/ -->\n<title>Einrichtungen Und Technische Unterst\u00fctzung - Combotech<\/title>\n<meta name=\"robots\" content=\"index, follow, max-snippet:-1, max-image-preview:large, max-video-preview:-1\" \/>\n<link rel=\"canonical\" href=\"https:\/\/combotech.gr\/de\/einrichtungen-technische-unterstuetzung\/\" \/>\n<meta property=\"og:locale\" content=\"de_DE\" \/>\n<meta property=\"og:type\" content=\"article\" \/>\n<meta property=\"og:title\" content=\"Einrichtungen Und Technische Unterst\u00fctzung - Combotech\" \/>\n<meta property=\"og:description\" content=\"[av_heading tag=&#8217;h3&#8242; padding=&#8217;10&#8216; heading=&#8217;Einrichtungen Und Technische Unterst\u00fctzung&#8216; color=&#8220; style=&#8220; custom_font=&#8220; size=&#8220; subheading_active=&#8220; subheading_size=&#8217;15&#8216; custom_class=&#8220;][\/av_heading] [av_hr class=&#8217;invisible&#8216; height=&#8217;20&#8216; shadow=&#8217;no-shadow&#8216; position=&#8217;center&#8216; custom_border=&#8217;av-border-thin&#8216; custom_width=&#8217;50px&#8216; custom_border_color=&#8220; custom_margin_top=&#8217;30px&#8216; custom_margin_bottom=&#8217;30px&#8216; icon_select=&#8217;yes&#8216;...\" \/>\n<meta property=\"og:url\" content=\"https:\/\/combotech.gr\/de\/einrichtungen-technische-unterstuetzung\/\" \/>\n<meta property=\"og:site_name\" content=\"Combotech\" \/>\n<meta name=\"twitter:label1\" content=\"Gesch\u00e4tzte Lesezeit\" \/>\n\t<meta name=\"twitter:data1\" content=\"5 Minuten\" \/>\n<script type=\"application\/ld+json\" class=\"yoast-schema-graph\">{\"@context\":\"https:\/\/schema.org\",\"@graph\":[{\"@type\":\"WebPage\",\"@id\":\"https:\/\/combotech.gr\/de\/einrichtungen-technische-unterstuetzung\/\",\"url\":\"https:\/\/combotech.gr\/de\/einrichtungen-technische-unterstuetzung\/\",\"name\":\"Einrichtungen Und Technische Unterst\u00fctzung - Combotech\",\"isPartOf\":{\"@id\":\"https:\/\/combotech.gr\/#website\"},\"datePublished\":\"2018-02-22T15:24:31+00:00\",\"dateModified\":\"2018-02-22T15:24:31+00:00\",\"breadcrumb\":{\"@id\":\"https:\/\/combotech.gr\/de\/einrichtungen-technische-unterstuetzung\/#breadcrumb\"},\"inLanguage\":\"de-DE\",\"potentialAction\":[{\"@type\":\"ReadAction\",\"target\":[\"https:\/\/combotech.gr\/de\/einrichtungen-technische-unterstuetzung\/\"]}]},{\"@type\":\"BreadcrumbList\",\"@id\":\"https:\/\/combotech.gr\/de\/einrichtungen-technische-unterstuetzung\/#breadcrumb\",\"itemListElement\":[{\"@type\":\"ListItem\",\"position\":1,\"name\":\"Home\",\"item\":\"https:\/\/combotech.gr\/\"},{\"@type\":\"ListItem\",\"position\":2,\"name\":\"Einrichtungen Und Technische Unterst\u00fctzung\"}]},{\"@type\":\"WebSite\",\"@id\":\"https:\/\/combotech.gr\/#website\",\"url\":\"https:\/\/combotech.gr\/\",\"name\":\"Combotech\",\"description\":\"\u03c4\u03b7\u03bb\u03ad\u03c6\u03c9\u03bd\u03bf | \u03b4\u03b9\u03b1\u03b4\u03af\u03ba\u03c4\u03c5\u03bf |\u03b4\u03bf\u03c1\u03c5\u03c6\u03bf\u03c1\u03b9\u03ba\u03ac | \u03bf\u03c0\u03c4\u03b9\u03ba\u03ad\u03c2 \u03af\u03bd\u03b5\u03c2\",\"publisher\":{\"@id\":\"https:\/\/combotech.gr\/#organization\"},\"potentialAction\":[{\"@type\":\"SearchAction\",\"target\":{\"@type\":\"EntryPoint\",\"urlTemplate\":\"https:\/\/combotech.gr\/?s={search_term_string}\"},\"query-input\":\"required name=search_term_string\"}],\"inLanguage\":\"de-DE\"},{\"@type\":\"Organization\",\"@id\":\"https:\/\/combotech.gr\/#organization\",\"name\":\"Combotech\",\"url\":\"https:\/\/combotech.gr\/\",\"logo\":{\"@type\":\"ImageObject\",\"inLanguage\":\"de-DE\",\"@id\":\"https:\/\/combotech.gr\/#\/schema\/logo\/image\/\",\"url\":\"https:\/\/combotech.gr\/wp-content\/uploads\/2014\/11\/favicon.png\",\"contentUrl\":\"https:\/\/combotech.gr\/wp-content\/uploads\/2014\/11\/favicon.png\",\"width\":150,\"height\":150,\"caption\":\"Combotech\"},\"image\":{\"@id\":\"https:\/\/combotech.gr\/#\/schema\/logo\/image\/\"}}]}<\/script>\n<!-- \/ Yoast SEO plugin. -->","yoast_head_json":{"title":"Einrichtungen Und Technische Unterst\u00fctzung - Combotech","robots":{"index":"index","follow":"follow","max-snippet":"max-snippet:-1","max-image-preview":"max-image-preview:large","max-video-preview":"max-video-preview:-1"},"canonical":"https:\/\/combotech.gr\/de\/einrichtungen-technische-unterstuetzung\/","og_locale":"de_DE","og_type":"article","og_title":"Einrichtungen Und Technische Unterst\u00fctzung - Combotech","og_description":"[av_heading tag=&#8217;h3&#8242; padding=&#8217;10&#8216; heading=&#8217;Einrichtungen Und Technische Unterst\u00fctzung&#8216; color=&#8220; style=&#8220; custom_font=&#8220; size=&#8220; subheading_active=&#8220; subheading_size=&#8217;15&#8216; custom_class=&#8220;][\/av_heading] [av_hr class=&#8217;invisible&#8216; height=&#8217;20&#8216; shadow=&#8217;no-shadow&#8216; position=&#8217;center&#8216; custom_border=&#8217;av-border-thin&#8216; custom_width=&#8217;50px&#8216; custom_border_color=&#8220; custom_margin_top=&#8217;30px&#8216; custom_margin_bottom=&#8217;30px&#8216; icon_select=&#8217;yes&#8216;...","og_url":"https:\/\/combotech.gr\/de\/einrichtungen-technische-unterstuetzung\/","og_site_name":"Combotech","twitter_misc":{"Gesch\u00e4tzte Lesezeit":"5 Minuten"},"schema":{"@context":"https:\/\/schema.org","@graph":[{"@type":"WebPage","@id":"https:\/\/combotech.gr\/de\/einrichtungen-technische-unterstuetzung\/","url":"https:\/\/combotech.gr\/de\/einrichtungen-technische-unterstuetzung\/","name":"Einrichtungen Und Technische Unterst\u00fctzung - Combotech","isPartOf":{"@id":"https:\/\/combotech.gr\/#website"},"datePublished":"2018-02-22T15:24:31+00:00","dateModified":"2018-02-22T15:24:31+00:00","breadcrumb":{"@id":"https:\/\/combotech.gr\/de\/einrichtungen-technische-unterstuetzung\/#breadcrumb"},"inLanguage":"de-DE","potentialAction":[{"@type":"ReadAction","target":["https:\/\/combotech.gr\/de\/einrichtungen-technische-unterstuetzung\/"]}]},{"@type":"BreadcrumbList","@id":"https:\/\/combotech.gr\/de\/einrichtungen-technische-unterstuetzung\/#breadcrumb","itemListElement":[{"@type":"ListItem","position":1,"name":"Home","item":"https:\/\/combotech.gr\/"},{"@type":"ListItem","position":2,"name":"Einrichtungen Und Technische Unterst\u00fctzung"}]},{"@type":"WebSite","@id":"https:\/\/combotech.gr\/#website","url":"https:\/\/combotech.gr\/","name":"Combotech","description":"\u03c4\u03b7\u03bb\u03ad\u03c6\u03c9\u03bd\u03bf | \u03b4\u03b9\u03b1\u03b4\u03af\u03ba\u03c4\u03c5\u03bf |\u03b4\u03bf\u03c1\u03c5\u03c6\u03bf\u03c1\u03b9\u03ba\u03ac | \u03bf\u03c0\u03c4\u03b9\u03ba\u03ad\u03c2 \u03af\u03bd\u03b5\u03c2","publisher":{"@id":"https:\/\/combotech.gr\/#organization"},"potentialAction":[{"@type":"SearchAction","target":{"@type":"EntryPoint","urlTemplate":"https:\/\/combotech.gr\/?s={search_term_string}"},"query-input":"required name=search_term_string"}],"inLanguage":"de-DE"},{"@type":"Organization","@id":"https:\/\/combotech.gr\/#organization","name":"Combotech","url":"https:\/\/combotech.gr\/","logo":{"@type":"ImageObject","inLanguage":"de-DE","@id":"https:\/\/combotech.gr\/#\/schema\/logo\/image\/","url":"https:\/\/combotech.gr\/wp-content\/uploads\/2014\/11\/favicon.png","contentUrl":"https:\/\/combotech.gr\/wp-content\/uploads\/2014\/11\/favicon.png","width":150,"height":150,"caption":"Combotech"},"image":{"@id":"https:\/\/combotech.gr\/#\/schema\/logo\/image\/"}}]}},"_links":{"self":[{"href":"https:\/\/combotech.gr\/de\/wp-json\/wp\/v2\/pages\/6318"}],"collection":[{"href":"https:\/\/combotech.gr\/de\/wp-json\/wp\/v2\/pages"}],"about":[{"href":"https:\/\/combotech.gr\/de\/wp-json\/wp\/v2\/types\/page"}],"author":[{"embeddable":true,"href":"https:\/\/combotech.gr\/de\/wp-json\/wp\/v2\/users\/6"}],"replies":[{"embeddable":true,"href":"https:\/\/combotech.gr\/de\/wp-json\/wp\/v2\/comments?post=6318"}],"version-history":[{"count":0,"href":"https:\/\/combotech.gr\/de\/wp-json\/wp\/v2\/pages\/6318\/revisions"}],"wp:attachment":[{"href":"https:\/\/combotech.gr\/de\/wp-json\/wp\/v2\/media?parent=6318"}],"curies":[{"name":"wp","href":"https:\/\/api.w.org\/{rel}","templated":true}]}}