{"id":6658,"date":"2020-01-24T16:26:46","date_gmt":"2020-01-24T14:26:46","guid":{"rendered":"https:\/\/combotech.gr\/kontakt\/"},"modified":"2020-01-24T16:26:46","modified_gmt":"2020-01-24T14:26:46","slug":"kontakt","status":"publish","type":"page","link":"https:\/\/combotech.gr\/de\/kontakt\/","title":{"rendered":"Kontakt"},"content":{"rendered":"[av_heading tag=&#8217;h3&#8242; padding=&#8217;10&#8216; heading=&#8217;Kontakt&#8216; color=&#8217;custom-color-heading&#8216; style=&#8217;blockquote modern-quote&#8216; custom_font=&#8217;#f4821f&#8216; size=&#8217;30&#8216; subheading_active=&#8220; subheading_size=&#8217;15&#8216; custom_class=&#8220;][\/av_heading]\n[av_google_map height=&#8217;400px&#8216; zoom=&#8217;16&#8216; saturation=&#8220; hue=&#8220; zoom_control=&#8217;aviaTBzoom_control&#8216;]\n[av_gmap_location address=&#8217;Sarpidonos 24&#8242; city=&#8217;Athen&#8216; country=&#8217;Griechenland&#8216; long=&#8217;23.705429200000026&#8242; lat=&#8217;37.9991938&#8242; marker=&#8220; imagesize=&#8217;40&#8216;][\/av_gmap_location]\n[\/av_google_map]\n[av_two_fifth first]\n[av_heading heading=&#8217;Kontaktdetails&#8216; tag=&#8217;h3&#8242; style=&#8217;blockquote modern-quote&#8216; size=&#8217;30&#8216; subheading_active=&#8220; subheading_size=&#8217;15&#8216; padding=&#8217;10&#8216; color=&#8217;custom-color-heading&#8216; custom_font=&#8217;#f4821f&#8216;][\/av_heading]\n[av_textblock size=&#8220; font_color=&#8220; color=&#8220;]\nBei allem, wobei wir Ihnen helfen k\u00f6nnen, aber auch f\u00fcr alles, was wir Ihrer Meinung nach f\u00fcr Sie machen k\u00f6nnen, kontaktieren Sie uns unter (+30) 21 10 10 7000 oder schicken Sie uns eine E-Mail an <a href=\"mailto:info@combotech.gr\">info@combotech.gr<\/a>.<\/p>\n<p>Alternativ k\u00f6nnen Sie Ihre Fragen an unseren B\u00fcros in <a href=\"https:\/\/www.google.com\/maps\/place\/Sarpidonos+24,+Athina+104+42,+Greece\/@37.9991938,23.7032405,17z\/data=!3m1!4b1!4m2!3m1!1s0x14a1a32d3836a883:0xefa63d985a5e6d6a?hl=de\" target=\"_blank\" rel=\"noopener noreferrer\">SarpidonosStr. 24, Athen 104 42 , Griechenland<\/a> senden.<br \/>\n[\/av_textblock]\n[\/av_two_fifth]\n[av_three_fifth min_height=&#8220; vertical_alignment=&#8220; space=&#8220; custom_margin=&#8220; margin=&#8217;0px&#8216; padding=&#8217;0px&#8216; border=&#8220; border_color=&#8220; radius=&#8217;0px&#8216; background_color=&#8220; src=&#8220; background_position=&#8217;top left&#8216; background_repeat=&#8217;no-repeat&#8216;]\n[av_heading tag=&#8217;h3&#8242; padding=&#8217;10&#8216; heading=&#8217;Kontaktieren Sie uns&#8216; color=&#8217;custom-color-heading&#8216; style=&#8217;blockquote modern-quote&#8216; custom_font=&#8217;#f4821f&#8216; size=&#8217;30&#8216; subheading_active=&#8220; subheading_size=&#8217;15&#8216; custom_class=&#8220;][\/av_heading]\n[av_hr class=&#8217;invisible&#8216; height=&#8217;10&#8216; shadow=&#8217;no-shadow&#8216; position=&#8217;center&#8216; custom_border=&#8217;av-border-thin&#8216; custom_width=&#8217;50px&#8216; custom_border_color=&#8220; custom_margin_top=&#8217;30px&#8216; custom_margin_bottom=&#8217;30px&#8216; icon_select=&#8217;yes&#8216; custom_icon_color=&#8220; icon=&#8217;ue808&#8242; font=&#8217;entypo-fontello&#8216;]\n[av_textblock size=&#8220; font_color=&#8220; color=&#8220;]\n<h4>Bitte f\u00fcllen Sie dieses Formular, um uns zu kontaktieren<\/h4>\n[\/av_textblock]\n[av_hr class=&#8217;invisible&#8216; height=&#8217;20&#8216; shadow=&#8217;no-shadow&#8216; position=&#8217;center&#8216; custom_border=&#8217;av-border-thin&#8216; custom_width=&#8217;50px&#8216; custom_border_color=&#8220; custom_margin_top=&#8217;30px&#8216; custom_margin_bottom=&#8217;30px&#8216; icon_select=&#8217;yes&#8216; custom_icon_color=&#8220; icon=&#8217;ue808&#8242; font=&#8217;entypo-fontello&#8216;]\n[av_textblock size=&#8220; font_color=&#8220; color=&#8220;]\n[ninja_forms_display_form id=9]\n[\/av_textblock]\n[\/av_three_fifth]\n","protected":false},"excerpt":{"rendered":"<p>[av_heading tag=&#8217;h3&#8242; padding=&#8217;10&#8216; heading=&#8217;Kontakt&#8216; color=&#8217;custom-color-heading&#8216; style=&#8217;blockquote modern-quote&#8216; custom_font=&#8217;#f4821f&#8216; size=&#8217;30&#8216; subheading_active=&#8220; subheading_size=&#8217;15&#8216; custom_class=&#8220;][\/av_heading] [av_google_map height=&#8217;400px&#8216; zoom=&#8217;16&#8216; saturation=&#8220; hue=&#8220; zoom_control=&#8217;aviaTBzoom_control&#8216;] [av_gmap_location address=&#8217;Sarpidonos 24&#8242; city=&#8217;Athen&#8216; country=&#8217;Griechenland&#8216; long=&#8217;23.705429200000026&#8242; lat=&#8217;37.9991938&#8242;&#8230;<\/p>\n","protected":false},"author":6,"featured_media":0,"parent":0,"menu_order":0,"comment_status":"closed","ping_status":"closed","template":"","meta":[],"yoast_head":"<!-- This site is optimized with the Yoast SEO plugin v20.7 - https:\/\/yoast.com\/wordpress\/plugins\/seo\/ -->\n<title>Kontakt - Combotech<\/title>\n<meta name=\"robots\" content=\"index, follow, max-snippet:-1, max-image-preview:large, max-video-preview:-1\" \/>\n<link rel=\"canonical\" href=\"https:\/\/combotech.gr\/de\/kontakt\/\" \/>\n<meta property=\"og:locale\" content=\"de_DE\" \/>\n<meta property=\"og:type\" content=\"article\" \/>\n<meta property=\"og:title\" content=\"Kontakt - Combotech\" \/>\n<meta property=\"og:description\" content=\"[av_heading tag=&#8217;h3&#8242; padding=&#8217;10&#8216; heading=&#8217;Kontakt&#8216; color=&#8217;custom-color-heading&#8216; style=&#8217;blockquote modern-quote&#8216; custom_font=&#8217;#f4821f&#8216; size=&#8217;30&#8216; subheading_active=&#8220; subheading_size=&#8217;15&#8216; custom_class=&#8220;][\/av_heading] [av_google_map height=&#8217;400px&#8216; zoom=&#8217;16&#8216; saturation=&#8220; hue=&#8220; zoom_control=&#8217;aviaTBzoom_control&#8216;] [av_gmap_location address=&#8217;Sarpidonos 24&#8242; city=&#8217;Athen&#8216; country=&#8217;Griechenland&#8216; long=&#8217;23.705429200000026&#8242; lat=&#8217;37.9991938&#8242;...\" \/>\n<meta property=\"og:url\" content=\"https:\/\/combotech.gr\/de\/kontakt\/\" \/>\n<meta property=\"og:site_name\" content=\"Combotech\" \/>\n<meta name=\"twitter:label1\" content=\"Gesch\u00e4tzte Lesezeit\" \/>\n\t<meta name=\"twitter:data1\" content=\"2 Minuten\" \/>\n<script type=\"application\/ld+json\" class=\"yoast-schema-graph\">{\"@context\":\"https:\/\/schema.org\",\"@graph\":[{\"@type\":\"WebPage\",\"@id\":\"https:\/\/combotech.gr\/de\/kontakt\/\",\"url\":\"https:\/\/combotech.gr\/de\/kontakt\/\",\"name\":\"Kontakt - Combotech\",\"isPartOf\":{\"@id\":\"https:\/\/combotech.gr\/#website\"},\"datePublished\":\"2020-01-24T14:26:46+00:00\",\"dateModified\":\"2020-01-24T14:26:46+00:00\",\"breadcrumb\":{\"@id\":\"https:\/\/combotech.gr\/de\/kontakt\/#breadcrumb\"},\"inLanguage\":\"de-DE\",\"potentialAction\":[{\"@type\":\"ReadAction\",\"target\":[\"https:\/\/combotech.gr\/de\/kontakt\/\"]}]},{\"@type\":\"BreadcrumbList\",\"@id\":\"https:\/\/combotech.gr\/de\/kontakt\/#breadcrumb\",\"itemListElement\":[{\"@type\":\"ListItem\",\"position\":1,\"name\":\"Home\",\"item\":\"https:\/\/combotech.gr\/\"},{\"@type\":\"ListItem\",\"position\":2,\"name\":\"Kontakt\"}]},{\"@type\":\"WebSite\",\"@id\":\"https:\/\/combotech.gr\/#website\",\"url\":\"https:\/\/combotech.gr\/\",\"name\":\"Combotech\",\"description\":\"\u03c4\u03b7\u03bb\u03ad\u03c6\u03c9\u03bd\u03bf | \u03b4\u03b9\u03b1\u03b4\u03af\u03ba\u03c4\u03c5\u03bf |\u03b4\u03bf\u03c1\u03c5\u03c6\u03bf\u03c1\u03b9\u03ba\u03ac | \u03bf\u03c0\u03c4\u03b9\u03ba\u03ad\u03c2 \u03af\u03bd\u03b5\u03c2\",\"publisher\":{\"@id\":\"https:\/\/combotech.gr\/#organization\"},\"potentialAction\":[{\"@type\":\"SearchAction\",\"target\":{\"@type\":\"EntryPoint\",\"urlTemplate\":\"https:\/\/combotech.gr\/?s={search_term_string}\"},\"query-input\":\"required name=search_term_string\"}],\"inLanguage\":\"de-DE\"},{\"@type\":\"Organization\",\"@id\":\"https:\/\/combotech.gr\/#organization\",\"name\":\"Combotech\",\"url\":\"https:\/\/combotech.gr\/\",\"logo\":{\"@type\":\"ImageObject\",\"inLanguage\":\"de-DE\",\"@id\":\"https:\/\/combotech.gr\/#\/schema\/logo\/image\/\",\"url\":\"https:\/\/combotech.gr\/wp-content\/uploads\/2014\/11\/favicon.png\",\"contentUrl\":\"https:\/\/combotech.gr\/wp-content\/uploads\/2014\/11\/favicon.png\",\"width\":150,\"height\":150,\"caption\":\"Combotech\"},\"image\":{\"@id\":\"https:\/\/combotech.gr\/#\/schema\/logo\/image\/\"}}]}<\/script>\n<!-- \/ Yoast SEO plugin. -->","yoast_head_json":{"title":"Kontakt - Combotech","robots":{"index":"index","follow":"follow","max-snippet":"max-snippet:-1","max-image-preview":"max-image-preview:large","max-video-preview":"max-video-preview:-1"},"canonical":"https:\/\/combotech.gr\/de\/kontakt\/","og_locale":"de_DE","og_type":"article","og_title":"Kontakt - Combotech","og_description":"[av_heading tag=&#8217;h3&#8242; padding=&#8217;10&#8216; heading=&#8217;Kontakt&#8216; color=&#8217;custom-color-heading&#8216; style=&#8217;blockquote modern-quote&#8216; custom_font=&#8217;#f4821f&#8216; size=&#8217;30&#8216; subheading_active=&#8220; subheading_size=&#8217;15&#8216; custom_class=&#8220;][\/av_heading] [av_google_map height=&#8217;400px&#8216; zoom=&#8217;16&#8216; saturation=&#8220; hue=&#8220; zoom_control=&#8217;aviaTBzoom_control&#8216;] [av_gmap_location address=&#8217;Sarpidonos 24&#8242; city=&#8217;Athen&#8216; country=&#8217;Griechenland&#8216; long=&#8217;23.705429200000026&#8242; lat=&#8217;37.9991938&#8242;...","og_url":"https:\/\/combotech.gr\/de\/kontakt\/","og_site_name":"Combotech","twitter_misc":{"Gesch\u00e4tzte Lesezeit":"2 Minuten"},"schema":{"@context":"https:\/\/schema.org","@graph":[{"@type":"WebPage","@id":"https:\/\/combotech.gr\/de\/kontakt\/","url":"https:\/\/combotech.gr\/de\/kontakt\/","name":"Kontakt - Combotech","isPartOf":{"@id":"https:\/\/combotech.gr\/#website"},"datePublished":"2020-01-24T14:26:46+00:00","dateModified":"2020-01-24T14:26:46+00:00","breadcrumb":{"@id":"https:\/\/combotech.gr\/de\/kontakt\/#breadcrumb"},"inLanguage":"de-DE","potentialAction":[{"@type":"ReadAction","target":["https:\/\/combotech.gr\/de\/kontakt\/"]}]},{"@type":"BreadcrumbList","@id":"https:\/\/combotech.gr\/de\/kontakt\/#breadcrumb","itemListElement":[{"@type":"ListItem","position":1,"name":"Home","item":"https:\/\/combotech.gr\/"},{"@type":"ListItem","position":2,"name":"Kontakt"}]},{"@type":"WebSite","@id":"https:\/\/combotech.gr\/#website","url":"https:\/\/combotech.gr\/","name":"Combotech","description":"\u03c4\u03b7\u03bb\u03ad\u03c6\u03c9\u03bd\u03bf | \u03b4\u03b9\u03b1\u03b4\u03af\u03ba\u03c4\u03c5\u03bf |\u03b4\u03bf\u03c1\u03c5\u03c6\u03bf\u03c1\u03b9\u03ba\u03ac | \u03bf\u03c0\u03c4\u03b9\u03ba\u03ad\u03c2 \u03af\u03bd\u03b5\u03c2","publisher":{"@id":"https:\/\/combotech.gr\/#organization"},"potentialAction":[{"@type":"SearchAction","target":{"@type":"EntryPoint","urlTemplate":"https:\/\/combotech.gr\/?s={search_term_string}"},"query-input":"required name=search_term_string"}],"inLanguage":"de-DE"},{"@type":"Organization","@id":"https:\/\/combotech.gr\/#organization","name":"Combotech","url":"https:\/\/combotech.gr\/","logo":{"@type":"ImageObject","inLanguage":"de-DE","@id":"https:\/\/combotech.gr\/#\/schema\/logo\/image\/","url":"https:\/\/combotech.gr\/wp-content\/uploads\/2014\/11\/favicon.png","contentUrl":"https:\/\/combotech.gr\/wp-content\/uploads\/2014\/11\/favicon.png","width":150,"height":150,"caption":"Combotech"},"image":{"@id":"https:\/\/combotech.gr\/#\/schema\/logo\/image\/"}}]}},"_links":{"self":[{"href":"https:\/\/combotech.gr\/de\/wp-json\/wp\/v2\/pages\/6658"}],"collection":[{"href":"https:\/\/combotech.gr\/de\/wp-json\/wp\/v2\/pages"}],"about":[{"href":"https:\/\/combotech.gr\/de\/wp-json\/wp\/v2\/types\/page"}],"author":[{"embeddable":true,"href":"https:\/\/combotech.gr\/de\/wp-json\/wp\/v2\/users\/6"}],"replies":[{"embeddable":true,"href":"https:\/\/combotech.gr\/de\/wp-json\/wp\/v2\/comments?post=6658"}],"version-history":[{"count":0,"href":"https:\/\/combotech.gr\/de\/wp-json\/wp\/v2\/pages\/6658\/revisions"}],"wp:attachment":[{"href":"https:\/\/combotech.gr\/de\/wp-json\/wp\/v2\/media?parent=6658"}],"curies":[{"name":"wp","href":"https:\/\/api.w.org\/{rel}","templated":true}]}}