{"id":1180,"date":"2015-12-08T11:47:31","date_gmt":"2015-12-08T11:47:31","guid":{"rendered":"https:\/\/combotech.gr\/fr\/?page_id=1180"},"modified":"2015-12-14T14:07:54","modified_gmt":"2015-12-14T14:07:54","slug":"%ce%b1%cf%81%cf%87%ce%b9%ce%ba%ce%ae","status":"publish","type":"page","link":"https:\/\/combotech.gr\/fr\/%ce%b1%cf%81%cf%87%ce%b9%ce%ba%ce%ae\/","title":{"rendered":"Accueil"},"content":{"rendered":"[av_slideshow_full size=&rsquo;no scaling&rsquo; stretch=\u00a0\u00bb animation=&rsquo;slide&rsquo; autoplay=&rsquo;false&rsquo; interval=&rsquo;5&prime; control_layout=&rsquo;av-control-default&rsquo; src=\u00a0\u00bb attachment=\u00a0\u00bb attachment_size=\u00a0\u00bb position=&rsquo;top left&rsquo; repeat=&rsquo;no-repeat&rsquo; attach=&rsquo;scroll&rsquo;]\n[av_slide_full id=&rsquo;1403&prime;][\/av_slide_full]\n[\/av_slideshow_full]\n[av_one_fifth first]\n[av_image src=&rsquo;http:\/\/www.getsocial.gr\/combotech\/wp-content\/uploads\/2014\/11\/optics1.png&rsquo; attachment=&rsquo;254&prime; attachment_size=&rsquo;full&rsquo; align=&rsquo;center&rsquo; styling=\u00a0\u00bb hover=\u00a0\u00bb link=&rsquo;page,1188&prime; target=\u00a0\u00bb caption=\u00a0\u00bb font_size=\u00a0\u00bb appearance=\u00a0\u00bb overlay_opacity=&rsquo;0.4&prime; overlay_color=&rsquo;#000000&prime; overlay_text_color=&rsquo;#ffffff&rsquo; animation=&rsquo;bottom-to-top&rsquo;][\/av_image]\n[av_textblock size=\u00a0\u00bb font_color=&rsquo;custom&rsquo; color=&rsquo;#5887AB&rsquo;]\n<h4 style=\"text-align: center;\"><a title=\"\" href=\"\/?page_id=1188\">Fibres Optiques<\/a><\/h4>\n[\/av_textblock]\n[\/av_one_fifth]\n[av_one_fifth min_height=\u00a0\u00bb vertical_alignment=\u00a0\u00bb space=\u00a0\u00bb custom_margin=\u00a0\u00bb margin=&rsquo;0px&rsquo; padding=&rsquo;0px&rsquo; border=\u00a0\u00bb border_color=\u00a0\u00bb radius=&rsquo;0px&rsquo; background_color=\u00a0\u00bb src=\u00a0\u00bb background_position=&rsquo;top left&rsquo; background_repeat=&rsquo;no-repeat&rsquo;]\n[av_image src=&rsquo;http:\/\/www.getsocial.gr\/combotech\/wp-content\/uploads\/2014\/11\/network1.png&rsquo; attachment=&rsquo;255&prime; attachment_size=&rsquo;full&rsquo; align=&rsquo;center&rsquo; styling=\u00a0\u00bb hover=\u00a0\u00bb link=&rsquo;page,1190&prime; target=\u00a0\u00bb caption=\u00a0\u00bb font_size=\u00a0\u00bb appearance=\u00a0\u00bb overlay_opacity=&rsquo;0.4&prime; overlay_color=&rsquo;#000000&prime; overlay_text_color=&rsquo;#ffffff&rsquo; animation=&rsquo;bottom-to-top&rsquo;][\/av_image]\n[av_textblock size=\u00a0\u00bb font_color=&rsquo;custom&rsquo; color=&rsquo;#f58320&prime;]\n<h4 style=\"text-align: center;\"><a title=\"\" href=\"\/?page_id=1190\">Maintenance des r\u00e9seaux et de l&rsquo;infrastructure<\/a><\/h4>\n[\/av_textblock]\n[\/av_one_fifth]\n[av_one_fifth min_height=\u00a0\u00bb vertical_alignment=\u00a0\u00bb space=\u00a0\u00bb custom_margin=\u00a0\u00bb margin=&rsquo;0px&rsquo; padding=&rsquo;0px&rsquo; border=\u00a0\u00bb border_color=\u00a0\u00bb radius=&rsquo;0px&rsquo; background_color=\u00a0\u00bb src=\u00a0\u00bb background_position=&rsquo;top left&rsquo; background_repeat=&rsquo;no-repeat&rsquo;]\n[av_image src=&rsquo;http:\/\/www.getsocial.gr\/combotech\/wp-content\/uploads\/2014\/11\/support.png&rsquo; attachment=&rsquo;440&prime; attachment_size=&rsquo;full&rsquo; align=&rsquo;center&rsquo; styling=\u00a0\u00bb hover=\u00a0\u00bb link=&rsquo;page,1192&prime; target=\u00a0\u00bb caption=\u00a0\u00bb font_size=\u00a0\u00bb appearance=\u00a0\u00bb overlay_opacity=&rsquo;0.4&prime; overlay_color=&rsquo;#000000&prime; overlay_text_color=&rsquo;#ffffff&rsquo; animation=&rsquo;bottom-to-top&rsquo;][\/av_image]\n[av_textblock size=\u00a0\u00bb font_color=&rsquo;custom&rsquo; color=&rsquo;#f58320&prime;]\n<h4 style=\"text-align: center;\"><a title=\"\" href=\"\/?page_id=1192\">Installations &amp; Support Technique<\/a><\/h4>\n[\/av_textblock]\n[\/av_one_fifth]\n[av_one_fifth min_height=\u00a0\u00bb vertical_alignment=\u00a0\u00bb space=\u00a0\u00bb custom_margin=\u00a0\u00bb margin=&rsquo;0px&rsquo; padding=&rsquo;0px&rsquo; border=\u00a0\u00bb border_color=\u00a0\u00bb radius=&rsquo;0px&rsquo; background_color=\u00a0\u00bb src=\u00a0\u00bb background_position=&rsquo;top left&rsquo; background_repeat=&rsquo;no-repeat&rsquo;]\n[av_image src=&rsquo;http:\/\/www.getsocial.gr\/combotech\/wp-content\/uploads\/2014\/11\/phone2.png&rsquo; attachment=&rsquo;258&prime; attachment_size=&rsquo;full&rsquo; align=&rsquo;center&rsquo; styling=\u00a0\u00bb hover=\u00a0\u00bb link=&rsquo;page,1194&prime; target=\u00a0\u00bb caption=\u00a0\u00bb font_size=\u00a0\u00bb appearance=\u00a0\u00bb overlay_opacity=&rsquo;0.4&prime; overlay_color=&rsquo;#000000&prime; overlay_text_color=&rsquo;#ffffff&rsquo; animation=&rsquo;bottom-to-top&rsquo;][\/av_image]\n[av_textblock size=\u00a0\u00bb font_color=&rsquo;custom&rsquo; color=&rsquo;#5887AB&rsquo;]\n<h4 style=\"text-align: center;\"><a title=\"\" href=\"\/?page_id=1194\">T\u00e9l\u00e9phonie &amp; Internet<\/a><\/h4>\n[\/av_textblock]\n[\/av_one_fifth]\n[av_one_fifth min_height=\u00a0\u00bb vertical_alignment=\u00a0\u00bb space=\u00a0\u00bb custom_margin=\u00a0\u00bb margin=&rsquo;0px&rsquo; padding=&rsquo;0px&rsquo; border=\u00a0\u00bb border_color=\u00a0\u00bb radius=&rsquo;0px&rsquo; background_color=\u00a0\u00bb src=\u00a0\u00bb background_position=&rsquo;top left&rsquo; background_repeat=&rsquo;no-repeat&rsquo;]\n[av_image src=&rsquo;http:\/\/www.getsocial.gr\/combotech\/wp-content\/uploads\/2014\/11\/satellite1.png&rsquo; attachment=&rsquo;257&prime; attachment_size=&rsquo;full&rsquo; align=&rsquo;center&rsquo; styling=\u00a0\u00bb hover=\u00a0\u00bb link=&rsquo;page,1195&prime; target=\u00a0\u00bb caption=\u00a0\u00bb font_size=\u00a0\u00bb appearance=\u00a0\u00bb overlay_opacity=&rsquo;0.4&prime; overlay_color=&rsquo;#000000&prime; overlay_text_color=&rsquo;#ffffff&rsquo; animation=&rsquo;bottom-to-top&rsquo;][\/av_image]\n[av_textblock size=\u00a0\u00bb font_color=&rsquo;custom&rsquo; color=&rsquo;#f58320&prime;]\n<h4 style=\"text-align: center;\"><a title=\"\" href=\"\/?page_id=1195\">T\u00e9l\u00e9phonie &amp; Syst\u00e8mes \u00e0 Satellites \u00e0 large bande<\/a><\/h4>\n[\/av_textblock]\n[\/av_one_fifth]\n[av_heading tag=&rsquo;h3&prime; padding=&rsquo;10&rsquo; heading=&rsquo;Client\u00e8le&rsquo; color=\u00a0\u00bb style=\u00a0\u00bb custom_font=\u00a0\u00bb size=\u00a0\u00bb subheading_active=\u00a0\u00bb subheading_size=&rsquo;15&rsquo; custom_class=\u00a0\u00bb][\/av_heading]\n[av_partner columns=&rsquo;4&prime; heading=\u00a0\u00bb size=&rsquo;no scaling&rsquo; border=&rsquo;av-border-deactivate&rsquo; type=&rsquo;slider&rsquo; animation=&rsquo;slide&rsquo; navigation=&rsquo;arrows&rsquo; autoplay=&rsquo;true&rsquo; interval=&rsquo;4&prime;]\n[av_partner_logo id=&rsquo;739&prime; hover=\u00a0\u00bb link=\u00a0\u00bb linktitle=\u00a0\u00bb link_target=\u00a0\u00bb]\n[av_partner_logo id=&rsquo;718&prime; hover=\u00a0\u00bb link=\u00a0\u00bb linktitle=\u00a0\u00bb link_target=\u00a0\u00bb]\n[av_partner_logo id=&rsquo;412&prime; hover=\u00a0\u00bb link=\u00a0\u00bb linktitle=\u00a0\u00bb link_target=\u00a0\u00bb]\n[av_partner_logo id=&rsquo;407&prime; hover=\u00a0\u00bb link=\u00a0\u00bb linktitle=\u00a0\u00bb link_target=\u00a0\u00bb]\n[av_partner_logo id=&rsquo;1283&prime; hover=\u00a0\u00bb link=\u00a0\u00bb linktitle=\u00a0\u00bb link_target=\u00a0\u00bb]\n[av_partner_logo id=&rsquo;1405&prime; hover=\u00a0\u00bb link=\u00a0\u00bb linktitle=\u00a0\u00bb link_target=\u00a0\u00bb]\n[av_partner_logo id=&rsquo;420&prime; hover=\u00a0\u00bb link=\u00a0\u00bb linktitle=\u00a0\u00bb link_target=\u00a0\u00bb]\n[av_partner_logo id=&rsquo;421&prime; hover=\u00a0\u00bb link=\u00a0\u00bb linktitle=\u00a0\u00bb link_target=\u00a0\u00bb]\n[av_partner_logo id=&rsquo;741&prime; hover=\u00a0\u00bb link=\u00a0\u00bb linktitle=\u00a0\u00bb link_target=\u00a0\u00bb]\n[av_partner_logo id=&rsquo;419&prime; hover=\u00a0\u00bb link=\u00a0\u00bb linktitle=\u00a0\u00bb link_target=\u00a0\u00bb]\n[av_partner_logo id=&rsquo;418&prime; hover=\u00a0\u00bb link=\u00a0\u00bb linktitle=\u00a0\u00bb link_target=\u00a0\u00bb]\n[av_partner_logo id=&rsquo;417&prime; hover=\u00a0\u00bb link=\u00a0\u00bb linktitle=\u00a0\u00bb link_target=\u00a0\u00bb]\n[av_partner_logo id=&rsquo;416&prime; hover=\u00a0\u00bb link=\u00a0\u00bb linktitle=\u00a0\u00bb link_target=\u00a0\u00bb]\n[av_partner_logo id=&rsquo;738&prime; hover=\u00a0\u00bb link=\u00a0\u00bb linktitle=\u00a0\u00bb link_target=\u00a0\u00bb]\n[av_partner_logo id=&rsquo;415&prime; hover=\u00a0\u00bb link=\u00a0\u00bb linktitle=\u00a0\u00bb link_target=\u00a0\u00bb]\n[av_partner_logo id=&rsquo;413&prime; hover=\u00a0\u00bb link=\u00a0\u00bb linktitle=\u00a0\u00bb link_target=\u00a0\u00bb]\n[av_partner_logo id=&rsquo;411&prime; hover=\u00a0\u00bb link=\u00a0\u00bb linktitle=\u00a0\u00bb link_target=\u00a0\u00bb]\n[av_partner_logo id=&rsquo;410&prime; hover=\u00a0\u00bb link=\u00a0\u00bb linktitle=\u00a0\u00bb link_target=\u00a0\u00bb]\n[av_partner_logo id=&rsquo;409&prime; hover=\u00a0\u00bb link=\u00a0\u00bb linktitle=\u00a0\u00bb link_target=\u00a0\u00bb]\n[av_partner_logo id=&rsquo;408&prime; hover=\u00a0\u00bb link=\u00a0\u00bb linktitle=\u00a0\u00bb link_target=\u00a0\u00bb]\n[av_partner_logo id=&rsquo;405&prime; hover=\u00a0\u00bb link=\u00a0\u00bb linktitle=\u00a0\u00bb link_target=\u00a0\u00bb]\n[av_partner_logo id=&rsquo;404&prime; hover=\u00a0\u00bb link=\u00a0\u00bb linktitle=\u00a0\u00bb link_target=\u00a0\u00bb]\n[av_partner_logo id=&rsquo;1277&prime; hover=\u00a0\u00bb link=\u00a0\u00bb linktitle=\u00a0\u00bb link_target=\u00a0\u00bb]\n[av_partner_logo id=&rsquo;403&prime; hover=\u00a0\u00bb link=\u00a0\u00bb linktitle=\u00a0\u00bb link_target=\u00a0\u00bb]\n[av_partner_logo id=&rsquo;402&prime; hover=\u00a0\u00bb link=\u00a0\u00bb linktitle=\u00a0\u00bb link_target=\u00a0\u00bb]\n[av_partner_logo id=&rsquo;401&prime; hover=\u00a0\u00bb link=\u00a0\u00bb linktitle=\u00a0\u00bb link_target=\u00a0\u00bb]\n[av_partner_logo id=&rsquo;400&prime; hover=\u00a0\u00bb link=\u00a0\u00bb linktitle=\u00a0\u00bb link_target=\u00a0\u00bb]\n[av_partner_logo id=&rsquo;399&prime; hover=\u00a0\u00bb link=\u00a0\u00bb linktitle=\u00a0\u00bb link_target=\u00a0\u00bb]\n[av_partner_logo id=&rsquo;1404&prime; hover=\u00a0\u00bb link=\u00a0\u00bb linktitle=\u00a0\u00bb link_target=\u00a0\u00bb]\n[av_partner_logo id=&rsquo;397&prime; hover=\u00a0\u00bb link=\u00a0\u00bb linktitle=\u00a0\u00bb link_target=\u00a0\u00bb]\n[av_partner_logo id=&rsquo;396&prime; hover=\u00a0\u00bb link=\u00a0\u00bb linktitle=\u00a0\u00bb link_target=\u00a0\u00bb]\n[av_partner_logo id=&rsquo;395&prime; hover=\u00a0\u00bb link=\u00a0\u00bb linktitle=\u00a0\u00bb link_target=\u00a0\u00bb]\n[av_partner_logo id=&rsquo;394&prime; hover=\u00a0\u00bb link=\u00a0\u00bb linktitle=\u00a0\u00bb link_target=\u00a0\u00bb]\n[av_partner_logo id=&rsquo;423&prime; hover=\u00a0\u00bb link=\u00a0\u00bb linktitle=\u00a0\u00bb link_target=\u00a0\u00bb]\n[av_partner_logo id=&rsquo;740&prime; hover=\u00a0\u00bb link=\u00a0\u00bb linktitle=\u00a0\u00bb link_target=\u00a0\u00bb]\n[av_partner_logo id=&rsquo;737&prime; hover=\u00a0\u00bb link=\u00a0\u00bb linktitle=\u00a0\u00bb link_target=\u00a0\u00bb]\n[av_partner_logo id=&rsquo;736&prime; hover=\u00a0\u00bb link=\u00a0\u00bb linktitle=\u00a0\u00bb link_target=\u00a0\u00bb]\n[av_partner_logo id=&rsquo;1406&prime; hover=\u00a0\u00bb link=\u00a0\u00bb linktitle=\u00a0\u00bb link_target=\u00a0\u00bb]\n[av_partner_logo id=&rsquo;1290&prime; hover=\u00a0\u00bb link=\u00a0\u00bb linktitle=\u00a0\u00bb link_target=\u00a0\u00bb]\n[av_partner_logo id=&rsquo;422&prime; hover=\u00a0\u00bb link=\u00a0\u00bb linktitle=\u00a0\u00bb link_target=\u00a0\u00bb]\n[av_partner_logo id=&rsquo;1289&prime; hover=\u00a0\u00bb link=\u00a0\u00bb linktitle=\u00a0\u00bb link_target=\u00a0\u00bb]\n[av_partner_logo id=&rsquo;1288&prime; hover=\u00a0\u00bb link=\u00a0\u00bb linktitle=\u00a0\u00bb link_target=\u00a0\u00bb]\n[av_partner_logo id=&rsquo;1287&prime; hover=\u00a0\u00bb link=\u00a0\u00bb linktitle=\u00a0\u00bb link_target=\u00a0\u00bb]\n[av_partner_logo id=&rsquo;1286&prime; hover=\u00a0\u00bb link=\u00a0\u00bb linktitle=\u00a0\u00bb link_target=\u00a0\u00bb]\n[av_partner_logo id=&rsquo;1285&prime; hover=\u00a0\u00bb link=\u00a0\u00bb linktitle=\u00a0\u00bb link_target=\u00a0\u00bb]\n[av_partner_logo id=&rsquo;1282&prime; hover=\u00a0\u00bb link=\u00a0\u00bb linktitle=\u00a0\u00bb link_target=\u00a0\u00bb]\n[av_partner_logo id=&rsquo;1281&prime; hover=\u00a0\u00bb link=\u00a0\u00bb linktitle=\u00a0\u00bb link_target=\u00a0\u00bb]\n[av_partner_logo id=&rsquo;1280&prime; hover=\u00a0\u00bb link=\u00a0\u00bb linktitle=\u00a0\u00bb link_target=\u00a0\u00bb]\n[av_partner_logo id=&rsquo;1279&prime; hover=\u00a0\u00bb link=\u00a0\u00bb linktitle=\u00a0\u00bb link_target=\u00a0\u00bb]\n[av_partner_logo id=&rsquo;1276&prime; hover=\u00a0\u00bb link=\u00a0\u00bb linktitle=\u00a0\u00bb link_target=\u00a0\u00bb]\n[\/av_partner]\n","protected":false},"excerpt":{"rendered":"<p>[av_slideshow_full size=&rsquo;no scaling&rsquo; stretch=\u00a0\u00bb animation=&rsquo;slide&rsquo; autoplay=&rsquo;false&rsquo; interval=&rsquo;5&prime; control_layout=&rsquo;av-control-default&rsquo; src=\u00a0\u00bb attachment=\u00a0\u00bb attachment_size=\u00a0\u00bb position=&rsquo;top left&rsquo; repeat=&rsquo;no-repeat&rsquo; attach=&rsquo;scroll&rsquo;] [av_slide_full id=&rsquo;1403&prime;][\/av_slide_full] [\/av_slideshow_full] [av_one_fifth first] [av_image src=&rsquo;http:\/\/www.getsocial.gr\/combotech\/wp-content\/uploads\/2014\/11\/optics1.png&rsquo; attachment=&rsquo;254&prime; attachment_size=&rsquo;full&rsquo; align=&rsquo;center&rsquo;&#8230;<\/p>\n","protected":false},"author":1,"featured_media":0,"parent":0,"menu_order":0,"comment_status":"closed","ping_status":"closed","template":"","meta":[],"yoast_head":"<!-- This site is optimized with the Yoast SEO plugin v20.7 - https:\/\/yoast.com\/wordpress\/plugins\/seo\/ -->\n<title>Accueil - Combotech<\/title>\n<meta name=\"robots\" content=\"index, follow, max-snippet:-1, max-image-preview:large, max-video-preview:-1\" \/>\n<link rel=\"canonical\" href=\"https:\/\/combotech.gr\/fr\/\u03b1\u03c1\u03c7\u03b9\u03ba\u03ae\/\" \/>\n<meta property=\"og:locale\" content=\"fr_FR\" \/>\n<meta property=\"og:type\" content=\"article\" \/>\n<meta property=\"og:title\" content=\"Accueil - Combotech\" \/>\n<meta property=\"og:description\" content=\"[av_slideshow_full size=&rsquo;no scaling&rsquo; stretch=\u00a0\u00bb animation=&rsquo;slide&rsquo; autoplay=&rsquo;false&rsquo; interval=&rsquo;5&prime; control_layout=&rsquo;av-control-default&rsquo; src=\u00a0\u00bb attachment=\u00a0\u00bb attachment_size=\u00a0\u00bb position=&rsquo;top left&rsquo; repeat=&rsquo;no-repeat&rsquo; attach=&rsquo;scroll&rsquo;] [av_slide_full id=&rsquo;1403&prime;][\/av_slide_full] [\/av_slideshow_full] [av_one_fifth first] [av_image src=&rsquo;http:\/\/www.getsocial.gr\/combotech\/wp-content\/uploads\/2014\/11\/optics1.png&rsquo; attachment=&rsquo;254&prime; attachment_size=&rsquo;full&rsquo; align=&rsquo;center&rsquo;...\" \/>\n<meta property=\"og:url\" content=\"https:\/\/combotech.gr\/fr\/\u03b1\u03c1\u03c7\u03b9\u03ba\u03ae\/\" \/>\n<meta property=\"og:site_name\" content=\"Combotech\" \/>\n<meta property=\"article:modified_time\" content=\"2015-12-14T14:07:54+00:00\" \/>\n<meta name=\"twitter:label1\" content=\"Dur\u00e9e de lecture estim\u00e9e\" \/>\n\t<meta name=\"twitter:data1\" content=\"7 minutes\" \/>\n<script type=\"application\/ld+json\" class=\"yoast-schema-graph\">{\"@context\":\"https:\/\/schema.org\",\"@graph\":[{\"@type\":\"WebPage\",\"@id\":\"https:\/\/combotech.gr\/fr\/%ce%b1%cf%81%cf%87%ce%b9%ce%ba%ce%ae\/\",\"url\":\"https:\/\/combotech.gr\/fr\/%ce%b1%cf%81%cf%87%ce%b9%ce%ba%ce%ae\/\",\"name\":\"Accueil - Combotech\",\"isPartOf\":{\"@id\":\"https:\/\/combotech.gr\/#website\"},\"datePublished\":\"2015-12-08T11:47:31+00:00\",\"dateModified\":\"2015-12-14T14:07:54+00:00\",\"breadcrumb\":{\"@id\":\"https:\/\/combotech.gr\/fr\/%ce%b1%cf%81%cf%87%ce%b9%ce%ba%ce%ae\/#breadcrumb\"},\"inLanguage\":\"fr-FR\",\"potentialAction\":[{\"@type\":\"ReadAction\",\"target\":[\"https:\/\/combotech.gr\/fr\/%ce%b1%cf%81%cf%87%ce%b9%ce%ba%ce%ae\/\"]}]},{\"@type\":\"BreadcrumbList\",\"@id\":\"https:\/\/combotech.gr\/fr\/%ce%b1%cf%81%cf%87%ce%b9%ce%ba%ce%ae\/#breadcrumb\",\"itemListElement\":[{\"@type\":\"ListItem\",\"position\":1,\"name\":\"Home\",\"item\":\"https:\/\/combotech.gr\/\"},{\"@type\":\"ListItem\",\"position\":2,\"name\":\"Accueil\"}]},{\"@type\":\"WebSite\",\"@id\":\"https:\/\/combotech.gr\/#website\",\"url\":\"https:\/\/combotech.gr\/\",\"name\":\"Combotech\",\"description\":\"\u03c4\u03b7\u03bb\u03ad\u03c6\u03c9\u03bd\u03bf | \u03b4\u03b9\u03b1\u03b4\u03af\u03ba\u03c4\u03c5\u03bf |\u03b4\u03bf\u03c1\u03c5\u03c6\u03bf\u03c1\u03b9\u03ba\u03ac | \u03bf\u03c0\u03c4\u03b9\u03ba\u03ad\u03c2 \u03af\u03bd\u03b5\u03c2\",\"publisher\":{\"@id\":\"https:\/\/combotech.gr\/#organization\"},\"potentialAction\":[{\"@type\":\"SearchAction\",\"target\":{\"@type\":\"EntryPoint\",\"urlTemplate\":\"https:\/\/combotech.gr\/?s={search_term_string}\"},\"query-input\":\"required name=search_term_string\"}],\"inLanguage\":\"fr-FR\"},{\"@type\":\"Organization\",\"@id\":\"https:\/\/combotech.gr\/#organization\",\"name\":\"Combotech\",\"url\":\"https:\/\/combotech.gr\/\",\"logo\":{\"@type\":\"ImageObject\",\"inLanguage\":\"fr-FR\",\"@id\":\"https:\/\/combotech.gr\/#\/schema\/logo\/image\/\",\"url\":\"https:\/\/combotech.gr\/wp-content\/uploads\/2014\/11\/favicon.png\",\"contentUrl\":\"https:\/\/combotech.gr\/wp-content\/uploads\/2014\/11\/favicon.png\",\"width\":150,\"height\":150,\"caption\":\"Combotech\"},\"image\":{\"@id\":\"https:\/\/combotech.gr\/#\/schema\/logo\/image\/\"}}]}<\/script>\n<!-- \/ Yoast SEO plugin. -->","yoast_head_json":{"title":"Accueil - Combotech","robots":{"index":"index","follow":"follow","max-snippet":"max-snippet:-1","max-image-preview":"max-image-preview:large","max-video-preview":"max-video-preview:-1"},"canonical":"https:\/\/combotech.gr\/fr\/\u03b1\u03c1\u03c7\u03b9\u03ba\u03ae\/","og_locale":"fr_FR","og_type":"article","og_title":"Accueil - Combotech","og_description":"[av_slideshow_full size=&rsquo;no scaling&rsquo; stretch=\u00a0\u00bb animation=&rsquo;slide&rsquo; autoplay=&rsquo;false&rsquo; interval=&rsquo;5&prime; control_layout=&rsquo;av-control-default&rsquo; src=\u00a0\u00bb attachment=\u00a0\u00bb attachment_size=\u00a0\u00bb position=&rsquo;top left&rsquo; repeat=&rsquo;no-repeat&rsquo; attach=&rsquo;scroll&rsquo;] [av_slide_full id=&rsquo;1403&prime;][\/av_slide_full] [\/av_slideshow_full] [av_one_fifth first] [av_image src=&rsquo;http:\/\/www.getsocial.gr\/combotech\/wp-content\/uploads\/2014\/11\/optics1.png&rsquo; attachment=&rsquo;254&prime; attachment_size=&rsquo;full&rsquo; align=&rsquo;center&rsquo;...","og_url":"https:\/\/combotech.gr\/fr\/\u03b1\u03c1\u03c7\u03b9\u03ba\u03ae\/","og_site_name":"Combotech","article_modified_time":"2015-12-14T14:07:54+00:00","twitter_misc":{"Dur\u00e9e de lecture estim\u00e9e":"7 minutes"},"schema":{"@context":"https:\/\/schema.org","@graph":[{"@type":"WebPage","@id":"https:\/\/combotech.gr\/fr\/%ce%b1%cf%81%cf%87%ce%b9%ce%ba%ce%ae\/","url":"https:\/\/combotech.gr\/fr\/%ce%b1%cf%81%cf%87%ce%b9%ce%ba%ce%ae\/","name":"Accueil - Combotech","isPartOf":{"@id":"https:\/\/combotech.gr\/#website"},"datePublished":"2015-12-08T11:47:31+00:00","dateModified":"2015-12-14T14:07:54+00:00","breadcrumb":{"@id":"https:\/\/combotech.gr\/fr\/%ce%b1%cf%81%cf%87%ce%b9%ce%ba%ce%ae\/#breadcrumb"},"inLanguage":"fr-FR","potentialAction":[{"@type":"ReadAction","target":["https:\/\/combotech.gr\/fr\/%ce%b1%cf%81%cf%87%ce%b9%ce%ba%ce%ae\/"]}]},{"@type":"BreadcrumbList","@id":"https:\/\/combotech.gr\/fr\/%ce%b1%cf%81%cf%87%ce%b9%ce%ba%ce%ae\/#breadcrumb","itemListElement":[{"@type":"ListItem","position":1,"name":"Home","item":"https:\/\/combotech.gr\/"},{"@type":"ListItem","position":2,"name":"Accueil"}]},{"@type":"WebSite","@id":"https:\/\/combotech.gr\/#website","url":"https:\/\/combotech.gr\/","name":"Combotech","description":"\u03c4\u03b7\u03bb\u03ad\u03c6\u03c9\u03bd\u03bf | \u03b4\u03b9\u03b1\u03b4\u03af\u03ba\u03c4\u03c5\u03bf |\u03b4\u03bf\u03c1\u03c5\u03c6\u03bf\u03c1\u03b9\u03ba\u03ac | \u03bf\u03c0\u03c4\u03b9\u03ba\u03ad\u03c2 \u03af\u03bd\u03b5\u03c2","publisher":{"@id":"https:\/\/combotech.gr\/#organization"},"potentialAction":[{"@type":"SearchAction","target":{"@type":"EntryPoint","urlTemplate":"https:\/\/combotech.gr\/?s={search_term_string}"},"query-input":"required name=search_term_string"}],"inLanguage":"fr-FR"},{"@type":"Organization","@id":"https:\/\/combotech.gr\/#organization","name":"Combotech","url":"https:\/\/combotech.gr\/","logo":{"@type":"ImageObject","inLanguage":"fr-FR","@id":"https:\/\/combotech.gr\/#\/schema\/logo\/image\/","url":"https:\/\/combotech.gr\/wp-content\/uploads\/2014\/11\/favicon.png","contentUrl":"https:\/\/combotech.gr\/wp-content\/uploads\/2014\/11\/favicon.png","width":150,"height":150,"caption":"Combotech"},"image":{"@id":"https:\/\/combotech.gr\/#\/schema\/logo\/image\/"}}]}},"_links":{"self":[{"href":"https:\/\/combotech.gr\/fr\/wp-json\/wp\/v2\/pages\/1180"}],"collection":[{"href":"https:\/\/combotech.gr\/fr\/wp-json\/wp\/v2\/pages"}],"about":[{"href":"https:\/\/combotech.gr\/fr\/wp-json\/wp\/v2\/types\/page"}],"author":[{"embeddable":true,"href":"https:\/\/combotech.gr\/fr\/wp-json\/wp\/v2\/users\/1"}],"replies":[{"embeddable":true,"href":"https:\/\/combotech.gr\/fr\/wp-json\/wp\/v2\/comments?post=1180"}],"version-history":[{"count":0,"href":"https:\/\/combotech.gr\/fr\/wp-json\/wp\/v2\/pages\/1180\/revisions"}],"wp:attachment":[{"href":"https:\/\/combotech.gr\/fr\/wp-json\/wp\/v2\/media?parent=1180"}],"curies":[{"name":"wp","href":"https:\/\/api.w.org\/{rel}","templated":true}]}}