{"id":1182,"date":"2015-12-08T11:51:23","date_gmt":"2015-12-08T11:51:23","guid":{"rendered":"https:\/\/combotech.gr\/fr\/?page_id=1182"},"modified":"2020-01-29T12:22:13","modified_gmt":"2020-01-29T10:22:13","slug":"societe","status":"publish","type":"page","link":"https:\/\/combotech.gr\/fr\/societe\/","title":{"rendered":"Soci\u00e9t\u00e9"},"content":{"rendered":"<h3>Soci\u00e9t\u00e9<\/h3>\n<p><strong>ComboTech<\/strong> offre des services techniques sp\u00e9cialis\u00e9s sur l&rsquo;installation et la maintenance des fibres optiques, des technologies de la communication, de l&rsquo;Internet et des syst\u00e8mes \u00e0 satellites.<\/p>\n<p>En utilisant un personnel hautement qualifi\u00e9 et certifi\u00e9, des moyens techniques avanc\u00e9s et une gamme d&rsquo;\u00e9quipement compl\u00e8te, nous offrons des services dans les fibres optiques, dans la communication d\u2019entreprises et de m\u00e9nages, des services d&rsquo;acc\u00e8s \u00e0 l\u2019Internet et des syst\u00e8mes de divertissement. En plus de cela, nous fournissons \u00e9galement l\u2019installation et la maintenance de centres et de r\u00e9seaux de t\u00e9l\u00e9communications, m\u00eame dans les endroits les plus recul\u00e9s de la Gr\u00e8ce. \u00c0 l&rsquo;heure actuelle, notre entreprise est le plus grand fournisseur de tels services dans le pays, avec une pr\u00e9sence locale et d&rsquo;importants projets dans toutes les grandes villes de Gr\u00e8ce.<\/p>\n<p><strong>ComboTech est le partenaire commercial fiable dont vous avez besoin.<\/strong><\/p>\n<p><strong>ComboTech<\/strong> est fi\u00e8re d&rsquo;offrir des services sp\u00e9cialis\u00e9s (pour l\u2019entreprise ainsi que pour l&rsquo;utilisateur final) qui conviennent au spectre entier des technologies de communication modernes et du support technique.<\/p>\n<p>Notre personnel hautement qualifi\u00e9 et les moyens techniques de pointe nous permettent de rendre des services directement li\u00e9s \u00e0 la technologie des fibres optiques, \u00e0 la communication d\u2019entreprises et de m\u00e9nages, \u00e0 l&rsquo;acc\u00e8s \u00e0 l\u2019Internet et \u00e0 la maintenance de l&rsquo;infrastructure des n\u0153uds et des r\u00e9seaux de t\u00e9l\u00e9communication. En ce moment, <strong>ComboTech<\/strong> est le plus grand entrepreneur desdits services en Gr\u00e8ce, avec une pr\u00e9sence et des projets importants dans toutes les grandes villes grecques.<\/p>\n<p>Avec nos propres \u00e9quipes de travail techniques, des techniciens de t\u00e9l\u00e9communications partout en Gr\u00e8ce (chacun avec une exp\u00e9rience av\u00e9r\u00e9e minimale de cinq ans) et une \u00e9quipe de support solide, tous travaillant aux c\u00f4t\u00e9s :<\/p>\n<ul>\n<li>d\u2019un syst\u00e8me d&rsquo;assistance t\u00e9l\u00e9phonique enti\u00e8rement automatis\u00e9<\/li>\n<li>d\u2019un logiciel de gestion de projets, de rendez-vous, de calendrier d&rsquo;ex\u00e9cution de t\u00e2ches et d\u2019entreposage de mat\u00e9riaux pleinement param\u00e9tr\u00e9<\/li>\n<li>d\u2019une base de donn\u00e9es \u00e9tendue avec une illustration compl\u00e8te des besoins et des conditions particuli\u00e8res de chaque client que nous avons visit\u00e9,<\/li>\n<\/ul>\n<p><strong>ComboTech <\/strong>r\u00e9alise m\u00eame les projets d&rsquo;affaires les plus exigeants, des besoins les plus simples d&rsquo;un utilisateur final jusqu&rsquo;aux projets les plus ambitieux de la client\u00e8le d&rsquo;affaires.<\/p>\n","protected":false},"excerpt":{"rendered":"<p>Soci\u00e9t\u00e9 ComboTech offre des services techniques sp\u00e9cialis\u00e9s sur l&rsquo;installation et la maintenance des fibres optiques, des technologies de la communication, de l&rsquo;Internet et des syst\u00e8mes&#8230;<\/p>\n","protected":false},"author":1,"featured_media":0,"parent":0,"menu_order":0,"comment_status":"closed","ping_status":"closed","template":"","meta":[],"yoast_head":"<!-- This site is optimized with the Yoast SEO plugin v20.7 - https:\/\/yoast.com\/wordpress\/plugins\/seo\/ -->\n<title>Soci\u00e9t\u00e9 - Combotech<\/title>\n<meta name=\"robots\" content=\"index, follow, max-snippet:-1, max-image-preview:large, max-video-preview:-1\" \/>\n<link rel=\"canonical\" href=\"https:\/\/combotech.gr\/fr\/societe\/\" \/>\n<meta property=\"og:locale\" content=\"fr_FR\" \/>\n<meta property=\"og:type\" content=\"article\" \/>\n<meta property=\"og:title\" content=\"Soci\u00e9t\u00e9 - Combotech\" \/>\n<meta property=\"og:description\" content=\"Soci\u00e9t\u00e9 ComboTech offre des services techniques sp\u00e9cialis\u00e9s sur l&rsquo;installation et la maintenance des fibres optiques, des technologies de la communication, de l&rsquo;Internet et des syst\u00e8mes...\" \/>\n<meta property=\"og:url\" content=\"https:\/\/combotech.gr\/fr\/societe\/\" \/>\n<meta property=\"og:site_name\" content=\"Combotech\" \/>\n<meta property=\"article:modified_time\" content=\"2020-01-29T10:22:13+00:00\" \/>\n<meta name=\"twitter:label1\" content=\"Dur\u00e9e de lecture estim\u00e9e\" \/>\n\t<meta name=\"twitter:data1\" content=\"2 minutes\" \/>\n<script type=\"application\/ld+json\" class=\"yoast-schema-graph\">{\"@context\":\"https:\/\/schema.org\",\"@graph\":[{\"@type\":\"WebPage\",\"@id\":\"https:\/\/combotech.gr\/fr\/societe\/\",\"url\":\"https:\/\/combotech.gr\/fr\/societe\/\",\"name\":\"Soci\u00e9t\u00e9 - Combotech\",\"isPartOf\":{\"@id\":\"https:\/\/combotech.gr\/#website\"},\"datePublished\":\"2015-12-08T11:51:23+00:00\",\"dateModified\":\"2020-01-29T10:22:13+00:00\",\"breadcrumb\":{\"@id\":\"https:\/\/combotech.gr\/fr\/societe\/#breadcrumb\"},\"inLanguage\":\"fr-FR\",\"potentialAction\":[{\"@type\":\"ReadAction\",\"target\":[\"https:\/\/combotech.gr\/fr\/societe\/\"]}]},{\"@type\":\"BreadcrumbList\",\"@id\":\"https:\/\/combotech.gr\/fr\/societe\/#breadcrumb\",\"itemListElement\":[{\"@type\":\"ListItem\",\"position\":1,\"name\":\"Home\",\"item\":\"https:\/\/combotech.gr\/\"},{\"@type\":\"ListItem\",\"position\":2,\"name\":\"Soci\u00e9t\u00e9\"}]},{\"@type\":\"WebSite\",\"@id\":\"https:\/\/combotech.gr\/#website\",\"url\":\"https:\/\/combotech.gr\/\",\"name\":\"Combotech\",\"description\":\"\u03c4\u03b7\u03bb\u03ad\u03c6\u03c9\u03bd\u03bf | \u03b4\u03b9\u03b1\u03b4\u03af\u03ba\u03c4\u03c5\u03bf |\u03b4\u03bf\u03c1\u03c5\u03c6\u03bf\u03c1\u03b9\u03ba\u03ac | \u03bf\u03c0\u03c4\u03b9\u03ba\u03ad\u03c2 \u03af\u03bd\u03b5\u03c2\",\"publisher\":{\"@id\":\"https:\/\/combotech.gr\/#organization\"},\"potentialAction\":[{\"@type\":\"SearchAction\",\"target\":{\"@type\":\"EntryPoint\",\"urlTemplate\":\"https:\/\/combotech.gr\/?s={search_term_string}\"},\"query-input\":\"required name=search_term_string\"}],\"inLanguage\":\"fr-FR\"},{\"@type\":\"Organization\",\"@id\":\"https:\/\/combotech.gr\/#organization\",\"name\":\"Combotech\",\"url\":\"https:\/\/combotech.gr\/\",\"logo\":{\"@type\":\"ImageObject\",\"inLanguage\":\"fr-FR\",\"@id\":\"https:\/\/combotech.gr\/#\/schema\/logo\/image\/\",\"url\":\"https:\/\/combotech.gr\/wp-content\/uploads\/2014\/11\/favicon.png\",\"contentUrl\":\"https:\/\/combotech.gr\/wp-content\/uploads\/2014\/11\/favicon.png\",\"width\":150,\"height\":150,\"caption\":\"Combotech\"},\"image\":{\"@id\":\"https:\/\/combotech.gr\/#\/schema\/logo\/image\/\"}}]}<\/script>\n<!-- \/ Yoast SEO plugin. -->","yoast_head_json":{"title":"Soci\u00e9t\u00e9 - Combotech","robots":{"index":"index","follow":"follow","max-snippet":"max-snippet:-1","max-image-preview":"max-image-preview:large","max-video-preview":"max-video-preview:-1"},"canonical":"https:\/\/combotech.gr\/fr\/societe\/","og_locale":"fr_FR","og_type":"article","og_title":"Soci\u00e9t\u00e9 - Combotech","og_description":"Soci\u00e9t\u00e9 ComboTech offre des services techniques sp\u00e9cialis\u00e9s sur l&rsquo;installation et la maintenance des fibres optiques, des technologies de la communication, de l&rsquo;Internet et des syst\u00e8mes...","og_url":"https:\/\/combotech.gr\/fr\/societe\/","og_site_name":"Combotech","article_modified_time":"2020-01-29T10:22:13+00:00","twitter_misc":{"Dur\u00e9e de lecture estim\u00e9e":"2 minutes"},"schema":{"@context":"https:\/\/schema.org","@graph":[{"@type":"WebPage","@id":"https:\/\/combotech.gr\/fr\/societe\/","url":"https:\/\/combotech.gr\/fr\/societe\/","name":"Soci\u00e9t\u00e9 - Combotech","isPartOf":{"@id":"https:\/\/combotech.gr\/#website"},"datePublished":"2015-12-08T11:51:23+00:00","dateModified":"2020-01-29T10:22:13+00:00","breadcrumb":{"@id":"https:\/\/combotech.gr\/fr\/societe\/#breadcrumb"},"inLanguage":"fr-FR","potentialAction":[{"@type":"ReadAction","target":["https:\/\/combotech.gr\/fr\/societe\/"]}]},{"@type":"BreadcrumbList","@id":"https:\/\/combotech.gr\/fr\/societe\/#breadcrumb","itemListElement":[{"@type":"ListItem","position":1,"name":"Home","item":"https:\/\/combotech.gr\/"},{"@type":"ListItem","position":2,"name":"Soci\u00e9t\u00e9"}]},{"@type":"WebSite","@id":"https:\/\/combotech.gr\/#website","url":"https:\/\/combotech.gr\/","name":"Combotech","description":"\u03c4\u03b7\u03bb\u03ad\u03c6\u03c9\u03bd\u03bf | \u03b4\u03b9\u03b1\u03b4\u03af\u03ba\u03c4\u03c5\u03bf |\u03b4\u03bf\u03c1\u03c5\u03c6\u03bf\u03c1\u03b9\u03ba\u03ac | \u03bf\u03c0\u03c4\u03b9\u03ba\u03ad\u03c2 \u03af\u03bd\u03b5\u03c2","publisher":{"@id":"https:\/\/combotech.gr\/#organization"},"potentialAction":[{"@type":"SearchAction","target":{"@type":"EntryPoint","urlTemplate":"https:\/\/combotech.gr\/?s={search_term_string}"},"query-input":"required name=search_term_string"}],"inLanguage":"fr-FR"},{"@type":"Organization","@id":"https:\/\/combotech.gr\/#organization","name":"Combotech","url":"https:\/\/combotech.gr\/","logo":{"@type":"ImageObject","inLanguage":"fr-FR","@id":"https:\/\/combotech.gr\/#\/schema\/logo\/image\/","url":"https:\/\/combotech.gr\/wp-content\/uploads\/2014\/11\/favicon.png","contentUrl":"https:\/\/combotech.gr\/wp-content\/uploads\/2014\/11\/favicon.png","width":150,"height":150,"caption":"Combotech"},"image":{"@id":"https:\/\/combotech.gr\/#\/schema\/logo\/image\/"}}]}},"_links":{"self":[{"href":"https:\/\/combotech.gr\/fr\/wp-json\/wp\/v2\/pages\/1182"}],"collection":[{"href":"https:\/\/combotech.gr\/fr\/wp-json\/wp\/v2\/pages"}],"about":[{"href":"https:\/\/combotech.gr\/fr\/wp-json\/wp\/v2\/types\/page"}],"author":[{"embeddable":true,"href":"https:\/\/combotech.gr\/fr\/wp-json\/wp\/v2\/users\/1"}],"replies":[{"embeddable":true,"href":"https:\/\/combotech.gr\/fr\/wp-json\/wp\/v2\/comments?post=1182"}],"version-history":[{"count":1,"href":"https:\/\/combotech.gr\/fr\/wp-json\/wp\/v2\/pages\/1182\/revisions"}],"predecessor-version":[{"id":6759,"href":"https:\/\/combotech.gr\/fr\/wp-json\/wp\/v2\/pages\/1182\/revisions\/6759"}],"wp:attachment":[{"href":"https:\/\/combotech.gr\/fr\/wp-json\/wp\/v2\/media?parent=1182"}],"curies":[{"name":"wp","href":"https:\/\/api.w.org\/{rel}","templated":true}]}}