{"id":1183,"date":"2015-12-08T11:50:04","date_gmt":"2015-12-08T11:50:04","guid":{"rendered":"https:\/\/combotech.gr\/fr\/?page_id=1183"},"modified":"2020-01-29T12:34:52","modified_gmt":"2020-01-29T10:34:52","slug":"contact","status":"publish","type":"page","link":"https:\/\/combotech.gr\/fr\/contact\/","title":{"rendered":"Contact"},"content":{"rendered":"<p>Pour toutes les t\u00e2ches que nous pourrions vous aider avec, mais aussi pour tout ce que vous pourriez penser afin que nous fassions pour vous, s&rsquo;il vous pla\u00eet contactez-nous par t\u00e9l\u00e9phone au (+30) 21 10 10 7000, ou envoyez-nous un email \u00e0 l&rsquo;adresse <a href=\"mailto:info@combotech.gr\">info@combotech.gr<\/a>.<\/p>\n<p>Alternativement, vous pouvez envoyer vos questions \u00e0 nos bureaux, <a href=\"https:\/\/www.google.com\/maps\/place\/Koromila+7,+Peristeri+121+33\/@38.0121794,23.7066757,17z\/data=!3m1!4b1!4m5!3m4!1s0x14a1a3240fdbc001:0xa5fb799fb64079d0!8m2!3d38.0121794!4d23.7088644\">rue Koromila 7, Ath\u00e8nes 12133, Gr\u00e8ce<\/a>.<\/p>\n<p>&nbsp;<\/p>\n","protected":false},"excerpt":{"rendered":"<p>Pour toutes les t\u00e2ches que nous pourrions vous aider avec, mais aussi pour tout ce que vous pourriez penser afin que nous fassions pour vous,&#8230;<\/p>\n","protected":false},"author":1,"featured_media":0,"parent":0,"menu_order":0,"comment_status":"closed","ping_status":"closed","template":"","meta":[],"yoast_head":"<!-- This site is optimized with the Yoast SEO plugin v20.7 - https:\/\/yoast.com\/wordpress\/plugins\/seo\/ -->\n<title>Contact - Combotech<\/title>\n<meta name=\"robots\" content=\"index, follow, max-snippet:-1, max-image-preview:large, max-video-preview:-1\" \/>\n<link rel=\"canonical\" href=\"https:\/\/combotech.gr\/fr\/contact\/\" \/>\n<meta property=\"og:locale\" content=\"fr_FR\" \/>\n<meta property=\"og:type\" content=\"article\" \/>\n<meta property=\"og:title\" content=\"Contact - Combotech\" \/>\n<meta property=\"og:description\" content=\"Pour toutes les t\u00e2ches que nous pourrions vous aider avec, mais aussi pour tout ce que vous pourriez penser afin que nous fassions pour vous,...\" \/>\n<meta property=\"og:url\" content=\"https:\/\/combotech.gr\/fr\/contact\/\" \/>\n<meta property=\"og:site_name\" content=\"Combotech\" \/>\n<meta property=\"article:modified_time\" content=\"2020-01-29T10:34:52+00:00\" \/>\n<script type=\"application\/ld+json\" class=\"yoast-schema-graph\">{\"@context\":\"https:\/\/schema.org\",\"@graph\":[{\"@type\":\"WebPage\",\"@id\":\"https:\/\/combotech.gr\/fr\/contact\/\",\"url\":\"https:\/\/combotech.gr\/fr\/contact\/\",\"name\":\"Contact - Combotech\",\"isPartOf\":{\"@id\":\"https:\/\/combotech.gr\/#website\"},\"datePublished\":\"2015-12-08T11:50:04+00:00\",\"dateModified\":\"2020-01-29T10:34:52+00:00\",\"breadcrumb\":{\"@id\":\"https:\/\/combotech.gr\/fr\/contact\/#breadcrumb\"},\"inLanguage\":\"fr-FR\",\"potentialAction\":[{\"@type\":\"ReadAction\",\"target\":[\"https:\/\/combotech.gr\/fr\/contact\/\"]}]},{\"@type\":\"BreadcrumbList\",\"@id\":\"https:\/\/combotech.gr\/fr\/contact\/#breadcrumb\",\"itemListElement\":[{\"@type\":\"ListItem\",\"position\":1,\"name\":\"Home\",\"item\":\"https:\/\/combotech.gr\/\"},{\"@type\":\"ListItem\",\"position\":2,\"name\":\"Contact\"}]},{\"@type\":\"WebSite\",\"@id\":\"https:\/\/combotech.gr\/#website\",\"url\":\"https:\/\/combotech.gr\/\",\"name\":\"Combotech\",\"description\":\"\u03c4\u03b7\u03bb\u03ad\u03c6\u03c9\u03bd\u03bf | \u03b4\u03b9\u03b1\u03b4\u03af\u03ba\u03c4\u03c5\u03bf |\u03b4\u03bf\u03c1\u03c5\u03c6\u03bf\u03c1\u03b9\u03ba\u03ac | \u03bf\u03c0\u03c4\u03b9\u03ba\u03ad\u03c2 \u03af\u03bd\u03b5\u03c2\",\"publisher\":{\"@id\":\"https:\/\/combotech.gr\/#organization\"},\"potentialAction\":[{\"@type\":\"SearchAction\",\"target\":{\"@type\":\"EntryPoint\",\"urlTemplate\":\"https:\/\/combotech.gr\/?s={search_term_string}\"},\"query-input\":\"required name=search_term_string\"}],\"inLanguage\":\"fr-FR\"},{\"@type\":\"Organization\",\"@id\":\"https:\/\/combotech.gr\/#organization\",\"name\":\"Combotech\",\"url\":\"https:\/\/combotech.gr\/\",\"logo\":{\"@type\":\"ImageObject\",\"inLanguage\":\"fr-FR\",\"@id\":\"https:\/\/combotech.gr\/#\/schema\/logo\/image\/\",\"url\":\"https:\/\/combotech.gr\/wp-content\/uploads\/2014\/11\/favicon.png\",\"contentUrl\":\"https:\/\/combotech.gr\/wp-content\/uploads\/2014\/11\/favicon.png\",\"width\":150,\"height\":150,\"caption\":\"Combotech\"},\"image\":{\"@id\":\"https:\/\/combotech.gr\/#\/schema\/logo\/image\/\"}}]}<\/script>\n<!-- \/ Yoast SEO plugin. -->","yoast_head_json":{"title":"Contact - Combotech","robots":{"index":"index","follow":"follow","max-snippet":"max-snippet:-1","max-image-preview":"max-image-preview:large","max-video-preview":"max-video-preview:-1"},"canonical":"https:\/\/combotech.gr\/fr\/contact\/","og_locale":"fr_FR","og_type":"article","og_title":"Contact - Combotech","og_description":"Pour toutes les t\u00e2ches que nous pourrions vous aider avec, mais aussi pour tout ce que vous pourriez penser afin que nous fassions pour vous,...","og_url":"https:\/\/combotech.gr\/fr\/contact\/","og_site_name":"Combotech","article_modified_time":"2020-01-29T10:34:52+00:00","schema":{"@context":"https:\/\/schema.org","@graph":[{"@type":"WebPage","@id":"https:\/\/combotech.gr\/fr\/contact\/","url":"https:\/\/combotech.gr\/fr\/contact\/","name":"Contact - Combotech","isPartOf":{"@id":"https:\/\/combotech.gr\/#website"},"datePublished":"2015-12-08T11:50:04+00:00","dateModified":"2020-01-29T10:34:52+00:00","breadcrumb":{"@id":"https:\/\/combotech.gr\/fr\/contact\/#breadcrumb"},"inLanguage":"fr-FR","potentialAction":[{"@type":"ReadAction","target":["https:\/\/combotech.gr\/fr\/contact\/"]}]},{"@type":"BreadcrumbList","@id":"https:\/\/combotech.gr\/fr\/contact\/#breadcrumb","itemListElement":[{"@type":"ListItem","position":1,"name":"Home","item":"https:\/\/combotech.gr\/"},{"@type":"ListItem","position":2,"name":"Contact"}]},{"@type":"WebSite","@id":"https:\/\/combotech.gr\/#website","url":"https:\/\/combotech.gr\/","name":"Combotech","description":"\u03c4\u03b7\u03bb\u03ad\u03c6\u03c9\u03bd\u03bf | \u03b4\u03b9\u03b1\u03b4\u03af\u03ba\u03c4\u03c5\u03bf |\u03b4\u03bf\u03c1\u03c5\u03c6\u03bf\u03c1\u03b9\u03ba\u03ac | \u03bf\u03c0\u03c4\u03b9\u03ba\u03ad\u03c2 \u03af\u03bd\u03b5\u03c2","publisher":{"@id":"https:\/\/combotech.gr\/#organization"},"potentialAction":[{"@type":"SearchAction","target":{"@type":"EntryPoint","urlTemplate":"https:\/\/combotech.gr\/?s={search_term_string}"},"query-input":"required name=search_term_string"}],"inLanguage":"fr-FR"},{"@type":"Organization","@id":"https:\/\/combotech.gr\/#organization","name":"Combotech","url":"https:\/\/combotech.gr\/","logo":{"@type":"ImageObject","inLanguage":"fr-FR","@id":"https:\/\/combotech.gr\/#\/schema\/logo\/image\/","url":"https:\/\/combotech.gr\/wp-content\/uploads\/2014\/11\/favicon.png","contentUrl":"https:\/\/combotech.gr\/wp-content\/uploads\/2014\/11\/favicon.png","width":150,"height":150,"caption":"Combotech"},"image":{"@id":"https:\/\/combotech.gr\/#\/schema\/logo\/image\/"}}]}},"_links":{"self":[{"href":"https:\/\/combotech.gr\/fr\/wp-json\/wp\/v2\/pages\/1183"}],"collection":[{"href":"https:\/\/combotech.gr\/fr\/wp-json\/wp\/v2\/pages"}],"about":[{"href":"https:\/\/combotech.gr\/fr\/wp-json\/wp\/v2\/types\/page"}],"author":[{"embeddable":true,"href":"https:\/\/combotech.gr\/fr\/wp-json\/wp\/v2\/users\/1"}],"replies":[{"embeddable":true,"href":"https:\/\/combotech.gr\/fr\/wp-json\/wp\/v2\/comments?post=1183"}],"version-history":[{"count":1,"href":"https:\/\/combotech.gr\/fr\/wp-json\/wp\/v2\/pages\/1183\/revisions"}],"predecessor-version":[{"id":6767,"href":"https:\/\/combotech.gr\/fr\/wp-json\/wp\/v2\/pages\/1183\/revisions\/6767"}],"wp:attachment":[{"href":"https:\/\/combotech.gr\/fr\/wp-json\/wp\/v2\/media?parent=1183"}],"curies":[{"name":"wp","href":"https:\/\/api.w.org\/{rel}","templated":true}]}}