{"id":1184,"date":"2015-12-08T11:49:32","date_gmt":"2015-12-08T11:49:32","guid":{"rendered":"https:\/\/combotech.gr\/fr\/?page_id=1184"},"modified":"2015-12-11T13:35:31","modified_gmt":"2015-12-11T13:35:31","slug":"infrastructure","status":"publish","type":"page","link":"https:\/\/combotech.gr\/fr\/infrastructure\/","title":{"rendered":"Infrastructure"},"content":{"rendered":"[av_heading tag=&rsquo;h3&prime; padding=&rsquo;15&rsquo; heading=&rsquo;Infrastructure&rsquo; color=&rsquo;custom-color-heading&rsquo; style=&rsquo;blockquote modern-quote&rsquo; custom_font=&rsquo;#f47e20&prime; size=&rsquo;20&rsquo; subheading_active=\u00a0\u00bb subheading_size=&rsquo;15&rsquo; custom_class=\u00a0\u00bb][\/av_heading]\n[av_textblock size=\u00a0\u00bb font_color=\u00a0\u00bb color=\u00a0\u00bb]\n<p style=\"text-align: justify;\"><strong>ComboTech<\/strong> se sp\u00e9cialise dans les installations, l&rsquo;entretien et la gestion des l\u00e9sions dans les domaines de t\u00e9l\u00e9communications \u00e0 fibres optiques, les installations \u00e9lectriques et les n\u0153uds de t\u00e9l\u00e9communications. Il a \u00e9galement la capacit\u00e9 d&rsquo;offrir \u00e0 ses clients un soutien technique, ou selon le cas, soit en vertu de contrats de maintenance.<\/p>\n<p>En suivant le rythme des nouveaux d\u00e9veloppements, nous avons \u00e9t\u00e9 amen\u00e9s \u00e0 un constant effort d&rsquo;am\u00e9lioration de notre infrastructure.<\/p>\n<p>Ainsi, aujourd&rsquo;hui, nous sommes fiers de pr\u00e9senter :<br \/>\n[\/av_textblock]\n[av_one_half first]\n[av_slideshow size=&rsquo;no scaling&rsquo; animation=&rsquo;slide&rsquo; autoplay=&rsquo;true&rsquo; interval=&rsquo;4&prime; control_layout=\u00a0\u00bb]\n[av_slide id=&rsquo;154&prime; slide_type=\u00a0\u00bb video=&rsquo;http:\/\/&rsquo; mobile_image=\u00a0\u00bb video_ratio=&rsquo;16:9&prime; video_controls=\u00a0\u00bb video_mute=\u00a0\u00bb video_loop=\u00a0\u00bb video_autoplay=\u00a0\u00bb title=\u00a0\u00bb link_apply=\u00a0\u00bb link=\u00a0\u00bb link_target=\u00a0\u00bb][\/av_slide]\n[av_slide id=&rsquo;153&prime; slide_type=\u00a0\u00bb video=&rsquo;http:\/\/&rsquo; mobile_image=\u00a0\u00bb video_ratio=&rsquo;16:9&prime; video_controls=\u00a0\u00bb video_mute=\u00a0\u00bb video_loop=\u00a0\u00bb video_autoplay=\u00a0\u00bb title=\u00a0\u00bb link_apply=\u00a0\u00bb link=\u00a0\u00bb link_target=\u00a0\u00bb][\/av_slide]\n[av_slide id=&rsquo;152&prime; slide_type=\u00a0\u00bb video=&rsquo;http:\/\/&rsquo; mobile_image=\u00a0\u00bb video_ratio=&rsquo;16:9&prime; video_controls=\u00a0\u00bb video_mute=\u00a0\u00bb video_loop=\u00a0\u00bb video_autoplay=\u00a0\u00bb title=\u00a0\u00bb link_apply=\u00a0\u00bb link=\u00a0\u00bb link_target=\u00a0\u00bb][\/av_slide]\n[av_slide id=&rsquo;150&prime; slide_type=\u00a0\u00bb video=&rsquo;http:\/\/&rsquo; mobile_image=\u00a0\u00bb video_ratio=&rsquo;16:9&prime; video_controls=\u00a0\u00bb video_mute=\u00a0\u00bb video_loop=\u00a0\u00bb video_autoplay=\u00a0\u00bb title=\u00a0\u00bb link_apply=\u00a0\u00bb link=\u00a0\u00bb link_target=\u00a0\u00bb][\/av_slide]\n[\/av_slideshow]\n[av_textblock size=\u00a0\u00bb font_color=\u00a0\u00bb color=\u00a0\u00bb]\n[su_button url=\u00a0\u00bbhttps:\/\/combotech.gr\/fr\/fibres-optiques\/\u00a0\u00bb background=\u00a0\u00bb#F4821F\u00a0\u00bb color=\u00a0\u00bb#ffffff\u00a0\u00bb size=\u00a0\u00bb5&Prime; wide=\u00a0\u00bbyes\u00a0\u00bb icon_color=\u00a0\u00bb#8f4949&Prime;]Fibres Optiques[\/su_button][su_button url=\u00a0\u00bbhttps:\/\/combotech.gr\/fr\/maintenance-des-reseaux-et-de-linfrastructure\/\u00a0\u00bb background=\u00a0\u00bb#F4821F\u00a0\u00bb color=\u00a0\u00bb#ffffff\u00a0\u00bb size=\u00a0\u00bb5&Prime; wide=\u00a0\u00bbyes\u00a0\u00bb icon_color=\u00a0\u00bb#8f4949&Prime;]Maintenance des r\u00e9seaux et de l&rsquo;infrastructure[\/su_button][su_button url=\u00a0\u00bbhttps:\/\/combotech.gr\/fr\/installations-support-technique\/\u00a0\u00bb background=\u00a0\u00bb#F4821F\u00a0\u00bb color=\u00a0\u00bb#ffffff\u00a0\u00bb size=\u00a0\u00bb5&Prime; wide=\u00a0\u00bbyes\u00a0\u00bb icon_color=\u00a0\u00bb#8f4949&Prime;]Installations &amp; Support Technique[\/su_button][su_button url=\u00a0\u00bbhttps:\/\/combotech.gr\/fr\/telephonie-internet\/\u00a0\u00bb background=\u00a0\u00bb#F4821F\u00a0\u00bb color=\u00a0\u00bb#ffffff\u00a0\u00bb size=\u00a0\u00bb5&Prime; wide=\u00a0\u00bbyes\u00a0\u00bb icon_color=\u00a0\u00bb#8f4949&Prime;]T\u00e9l\u00e9phonie &amp; Internet[\/su_button][su_button url=\u00a0\u00bbhttps:\/\/combotech.gr\/fr\/telephonie-systemes-a-satellites-a-large-bande\/\u00a0\u00bb background=\u00a0\u00bb#F4821F\u00a0\u00bb color=\u00a0\u00bb#ffffff\u00a0\u00bb size=\u00a0\u00bb5&Prime; wide=\u00a0\u00bbyes\u00a0\u00bb icon_color=\u00a0\u00bb#8f4949&Prime;]T\u00e9l\u00e9phonie &amp; Syst\u00e8mes \u00e0 Satellites \u00e0 large bande[\/su_button]\n[su_button url=\u00a0\u00bbhttps:\/\/combotech.gr\/fr\/contact\/\u00a0\u00bb background=\u00a0\u00bb#939598&Prime; color=\u00a0\u00bb#ffffff\u00a0\u00bb size=\u00a0\u00bb7&Prime; wide=\u00a0\u00bbno\u00a0\u00bb icon_color=\u00a0\u00bb#8f4949&Prime;]Expression d&rsquo;int\u00e9r\u00eat[\/su_button]\n[\/av_textblock]\n[\/av_one_half]\n[av_one_half min_height=\u00a0\u00bb vertical_alignment=\u00a0\u00bb space=\u00a0\u00bb custom_margin=\u00a0\u00bb margin=&rsquo;0px&rsquo; padding=&rsquo;0px&rsquo; border=\u00a0\u00bb border_color=\u00a0\u00bb radius=&rsquo;0px&rsquo; background_color=\u00a0\u00bb src=\u00a0\u00bb background_position=&rsquo;top left&rsquo; background_repeat=&rsquo;no-repeat&rsquo;]\n[av_iconlist position=&rsquo;left&rsquo; font_color=\u00a0\u00bb custom_title=\u00a0\u00bb custom_content=\u00a0\u00bb color=&rsquo;custom&rsquo; custom_bg=&rsquo;#f4821f&rsquo; custom_font=\u00a0\u00bb custom_border=\u00a0\u00bb]\n[av_iconlist_item title=\u00a0\u00bb link=\u00a0\u00bb linktarget=\u00a0\u00bb linkelement=\u00a0\u00bb icon=&rsquo;ue842&prime; font=&rsquo;entypo-fontello&rsquo;]\n[su_accordion]\n[su_spoiler title=\u00a0\u00bb<strong>Un r\u00e9seau national de technique<\/strong>\u00ab\u00a0]<strong>Un r\u00e9seau technique solide en expansion dans toute la Gr\u00e8ce <\/strong>(qui fait partie de notre masse salariale et qui n\u2019est pas externalis\u00e9), avec un haut niveau d&rsquo;expertise et de sp\u00e9cialisation, des moyens techniques et des v\u00e9hicules priv\u00e9s et des \u00e9quipes de travail techniques enti\u00e8rement \u00e9quip\u00e9es qui sont capables d&rsquo;agir partout \u00e0 l&rsquo;int\u00e9rieur de la Gr\u00e8ce.<\/p>\n[\/su_spoiler]\n[\/su_accordion]\n[\/av_iconlist_item]\n[av_iconlist_item title=\u00a0\u00bb link=\u00a0\u00bb linktarget=\u00a0\u00bb linkelement=\u00a0\u00bb icon=&rsquo;ue851&prime; font=&rsquo;entypo-fontello&rsquo;]\n[su_accordion]\n[su_spoiler title=\u00a0\u00bb<strong>CT Support Logiciel<\/strong>\u00ab\u00a0]<strong>Notre propre et exclusif logiciel CRM. <\/strong>La plate-forme \u00ab\u00a0<strong>CT Support\u2122<\/strong>\u00bb a litt\u00e9ralement \u00e9t\u00e9 cr\u00e9\u00e9e \u00e0 partir de z\u00e9ro et gouverne toutes les phases de nos activit\u00e9s quotidiennes : de l&rsquo;attribution des t\u00e2ches aux techniciens jusqu\u2019\u00e0 la supervision de notre entrep\u00f4t et de nos proc\u00e9dures de facturation. Elle est totalement bas\u00e9e sur le Web, permettant un acc\u00e8s facile et \u00e9loign\u00e9 \u00e0 partir de n\u2019importe quel endroit o\u00f9 une connexion \u00e0 l\u2019Internet est disponible.[\/su_spoiler]\n[\/su_accordion]\n[\/av_iconlist_item]\n[av_iconlist_item title=\u00a0\u00bb link=\u00a0\u00bb linktarget=\u00a0\u00bb linkelement=\u00a0\u00bb icon=&rsquo;ue844&prime; font=&rsquo;entypo-fontello&rsquo;]\n[su_accordion]\n[su_spoiler title=\u00a0\u00bb<strong>Un syst\u00e8me de planification de l&#8217;emploi<\/strong>\u00ab\u00a0]<strong>Une plate-forme de planification des t\u00e2ches bas\u00e9e sur la position GPS et la gestion de flotte<\/strong> afin de minimiser le temps de r\u00e9ponse et les t\u00e2ches de groupe par des crit\u00e8res bas\u00e9s sur la localisation, tout en satisfaisant les projets imm\u00e9diats qui pourraient survenir, mais en m\u00eame temps en maintenant le contr\u00f4le total sur la qualit\u00e9 et le temps de r\u00e9ponse.<\/p>\n[\/su_spoiler]\n[\/su_accordion]\n[\/av_iconlist_item]\n[av_iconlist_item title=\u00a0\u00bb link=\u00a0\u00bb linktarget=\u00a0\u00bb linkelement=\u00a0\u00bb icon=&rsquo;ue857&prime; font=&rsquo;entypo-fontello&rsquo;]\n[su_accordion]\n[su_spoiler title=\u00a0\u00bb<strong>Dispositif de t\u00e9l\u00e9communication complet<\/strong>\u00ab\u00a0]<strong>Un syst\u00e8me d&rsquo;acc\u00e8s \u00e0 la t\u00e9l\u00e9phonie et \u00e0 l\u2019Internet complet<\/strong>, utilisant des lignes lou\u00e9es pour l&rsquo;Internet, des serveurs d\u00e9di\u00e9s pour le courriel\/la sauvegarde\/les bases de donn\u00e9es, ainsi qu&rsquo;un centre de t\u00e9l\u00e9phonie num\u00e9rique \u00ab\u00a0Asterisk\u00a0\u00bb, tous accompagn\u00e9s d&rsquo;un syst\u00e8me de sauvegarde de t\u00e9l\u00e9phonie GSM pour les cas d&rsquo;urgence. Et tout cela log\u00e9 dans nos propres locaux, directement supervis\u00e9s et contr\u00f4l\u00e9s par nos techniciens internes.[\/su_spoiler]\n[\/su_accordion]\n[\/av_iconlist_item]\n[\/av_iconlist]\n[\/av_one_half]\n[av_google_map height=&rsquo;500px&rsquo; zoom=&rsquo;auto&rsquo; saturation=&rsquo;-100&prime; hue=\u00a0\u00bb]\n[av_gmap_location address=&rsquo;Ath\u00e8nes&rsquo; city=&rsquo;Ath\u00e8nes &lsquo; country=&rsquo;Gr\u00e8ce&rsquo; long=&rsquo;23.729359899999963&prime; lat=&rsquo;37.983917&prime; tooltip_display=&rsquo;aviaTBaviaTBtooltip_display&rsquo; marker=&rsquo;319&prime; imagesize=&rsquo;40&rsquo;]\nRue Sarpidonos 24, Ath\u00e8nes 10442<br \/>\nT\u00e9l. +30 21 10 10 7000<br \/>\n[\/av_gmap_location]\n[av_gmap_location address=&rsquo;Thessalonique&rsquo; city=&rsquo;Thessalonique&rsquo; country=&rsquo;Gr\u00e8ce&rsquo; long=&rsquo;22.944419100000005&prime; lat=&rsquo;40.6400629&prime; tooltip_display=&rsquo;aviaTBaviaTBtooltip_display&rsquo; marker=&rsquo;319&prime; imagesize=&rsquo;40&rsquo;]\nRue Proektasi Olympiados K6<br \/>\nEvosmos 56224 Thessalonique, T\u00e9l. +30 23 10 68 5318<br \/>\n[\/av_gmap_location]\n[av_gmap_location address=&rsquo;Ioannina&rsquo; city=\u00a0\u00bb country=\u00a0\u00bb long=&rsquo;20.853746600000022&prime; lat=&rsquo;39.66502880000001&prime; marker=&rsquo;320&prime; imagesize=&rsquo;30&rsquo; tooltip_display=\u00a0\u00bb][\/av_gmap_location]\n[av_gmap_location address=&rsquo;Patra&rsquo; city=\u00a0\u00bb country=\u00a0\u00bb long=&rsquo;21.734574000000066&prime; lat=&rsquo;38.2466395&prime; marker=&rsquo;320&prime; imagesize=&rsquo;30&rsquo; tooltip_display=\u00a0\u00bb][\/av_gmap_location]\n[av_gmap_location address=&rsquo;Kavala&rsquo; city=\u00a0\u00bb country=\u00a0\u00bb long=&rsquo;24.412866000000008&prime; lat=&rsquo;40.937607&prime; marker=&rsquo;320&prime; imagesize=&rsquo;30&rsquo; tooltip_display=\u00a0\u00bb][\/av_gmap_location]\n[av_gmap_location address=&rsquo;H\u00e9raklion&rsquo; city=\u00a0\u00bb country=\u00a0\u00bb long=&rsquo;25.144212599999946&prime; lat=&rsquo;35.3387352&prime; marker=&rsquo;320&prime; imagesize=&rsquo;30&rsquo; tooltip_display=\u00a0\u00bb][\/av_gmap_location]\n[av_gmap_location address=&rsquo;Larissa&rsquo; city=\u00a0\u00bb country=\u00a0\u00bb long=&rsquo;22.419125399999984&prime; lat=&rsquo;39.63902239999999&prime; marker=&rsquo;320&prime; imagesize=&rsquo;30&rsquo; tooltip_display=\u00a0\u00bb][\/av_gmap_location]\n[av_gmap_location address=&rsquo;Alexandroupolis&rsquo; city=\u00a0\u00bb country=\u00a0\u00bb long=&rsquo;25.873962000000006&prime; lat=&rsquo;40.8457193&prime; marker=&rsquo;320&prime; imagesize=&rsquo;30&rsquo; tooltip_display=\u00a0\u00bb][\/av_gmap_location]\n[\/av_google_map]\n","protected":false},"excerpt":{"rendered":"<p>[av_heading tag=&rsquo;h3&prime; padding=&rsquo;15&rsquo; heading=&rsquo;Infrastructure&rsquo; color=&rsquo;custom-color-heading&rsquo; style=&rsquo;blockquote modern-quote&rsquo; custom_font=&rsquo;#f47e20&prime; size=&rsquo;20&rsquo; subheading_active=\u00a0\u00bb subheading_size=&rsquo;15&rsquo; custom_class=\u00a0\u00bb][\/av_heading] [av_textblock size=\u00a0\u00bb font_color=\u00a0\u00bb color=\u00a0\u00bb] ComboTech se sp\u00e9cialise dans les installations, l&rsquo;entretien et la&#8230;<\/p>\n","protected":false},"author":1,"featured_media":0,"parent":0,"menu_order":0,"comment_status":"closed","ping_status":"closed","template":"","meta":[],"yoast_head":"<!-- This site is optimized with the Yoast SEO plugin v20.7 - https:\/\/yoast.com\/wordpress\/plugins\/seo\/ -->\n<title>Infrastructure - Combotech<\/title>\n<meta name=\"robots\" content=\"index, follow, max-snippet:-1, max-image-preview:large, max-video-preview:-1\" \/>\n<link rel=\"canonical\" href=\"https:\/\/combotech.gr\/fr\/infrastructure\/\" \/>\n<meta property=\"og:locale\" content=\"fr_FR\" \/>\n<meta property=\"og:type\" content=\"article\" \/>\n<meta property=\"og:title\" content=\"Infrastructure - Combotech\" \/>\n<meta property=\"og:description\" content=\"[av_heading tag=&rsquo;h3&prime; padding=&rsquo;15&rsquo; heading=&rsquo;Infrastructure&rsquo; color=&rsquo;custom-color-heading&rsquo; style=&rsquo;blockquote modern-quote&rsquo; custom_font=&rsquo;#f47e20&prime; size=&rsquo;20&rsquo; subheading_active=\u00a0\u00bb subheading_size=&rsquo;15&rsquo; custom_class=\u00a0\u00bb][\/av_heading] [av_textblock size=\u00a0\u00bb font_color=\u00a0\u00bb color=\u00a0\u00bb] ComboTech se sp\u00e9cialise dans les installations, l&rsquo;entretien et la...\" \/>\n<meta property=\"og:url\" content=\"https:\/\/combotech.gr\/fr\/infrastructure\/\" \/>\n<meta property=\"og:site_name\" content=\"Combotech\" \/>\n<meta property=\"article:modified_time\" content=\"2015-12-11T13:35:31+00:00\" \/>\n<meta name=\"twitter:label1\" content=\"Dur\u00e9e de lecture estim\u00e9e\" \/>\n\t<meta name=\"twitter:data1\" content=\"6 minutes\" \/>\n<script type=\"application\/ld+json\" class=\"yoast-schema-graph\">{\"@context\":\"https:\/\/schema.org\",\"@graph\":[{\"@type\":\"WebPage\",\"@id\":\"https:\/\/combotech.gr\/fr\/infrastructure\/\",\"url\":\"https:\/\/combotech.gr\/fr\/infrastructure\/\",\"name\":\"Infrastructure - Combotech\",\"isPartOf\":{\"@id\":\"https:\/\/combotech.gr\/#website\"},\"datePublished\":\"2015-12-08T11:49:32+00:00\",\"dateModified\":\"2015-12-11T13:35:31+00:00\",\"breadcrumb\":{\"@id\":\"https:\/\/combotech.gr\/fr\/infrastructure\/#breadcrumb\"},\"inLanguage\":\"fr-FR\",\"potentialAction\":[{\"@type\":\"ReadAction\",\"target\":[\"https:\/\/combotech.gr\/fr\/infrastructure\/\"]}]},{\"@type\":\"BreadcrumbList\",\"@id\":\"https:\/\/combotech.gr\/fr\/infrastructure\/#breadcrumb\",\"itemListElement\":[{\"@type\":\"ListItem\",\"position\":1,\"name\":\"Home\",\"item\":\"https:\/\/combotech.gr\/\"},{\"@type\":\"ListItem\",\"position\":2,\"name\":\"Infrastructure\"}]},{\"@type\":\"WebSite\",\"@id\":\"https:\/\/combotech.gr\/#website\",\"url\":\"https:\/\/combotech.gr\/\",\"name\":\"Combotech\",\"description\":\"\u03c4\u03b7\u03bb\u03ad\u03c6\u03c9\u03bd\u03bf | \u03b4\u03b9\u03b1\u03b4\u03af\u03ba\u03c4\u03c5\u03bf |\u03b4\u03bf\u03c1\u03c5\u03c6\u03bf\u03c1\u03b9\u03ba\u03ac | \u03bf\u03c0\u03c4\u03b9\u03ba\u03ad\u03c2 \u03af\u03bd\u03b5\u03c2\",\"publisher\":{\"@id\":\"https:\/\/combotech.gr\/#organization\"},\"potentialAction\":[{\"@type\":\"SearchAction\",\"target\":{\"@type\":\"EntryPoint\",\"urlTemplate\":\"https:\/\/combotech.gr\/?s={search_term_string}\"},\"query-input\":\"required name=search_term_string\"}],\"inLanguage\":\"fr-FR\"},{\"@type\":\"Organization\",\"@id\":\"https:\/\/combotech.gr\/#organization\",\"name\":\"Combotech\",\"url\":\"https:\/\/combotech.gr\/\",\"logo\":{\"@type\":\"ImageObject\",\"inLanguage\":\"fr-FR\",\"@id\":\"https:\/\/combotech.gr\/#\/schema\/logo\/image\/\",\"url\":\"https:\/\/combotech.gr\/wp-content\/uploads\/2014\/11\/favicon.png\",\"contentUrl\":\"https:\/\/combotech.gr\/wp-content\/uploads\/2014\/11\/favicon.png\",\"width\":150,\"height\":150,\"caption\":\"Combotech\"},\"image\":{\"@id\":\"https:\/\/combotech.gr\/#\/schema\/logo\/image\/\"}}]}<\/script>\n<!-- \/ Yoast SEO plugin. -->","yoast_head_json":{"title":"Infrastructure - Combotech","robots":{"index":"index","follow":"follow","max-snippet":"max-snippet:-1","max-image-preview":"max-image-preview:large","max-video-preview":"max-video-preview:-1"},"canonical":"https:\/\/combotech.gr\/fr\/infrastructure\/","og_locale":"fr_FR","og_type":"article","og_title":"Infrastructure - Combotech","og_description":"[av_heading tag=&rsquo;h3&prime; padding=&rsquo;15&rsquo; heading=&rsquo;Infrastructure&rsquo; color=&rsquo;custom-color-heading&rsquo; style=&rsquo;blockquote modern-quote&rsquo; custom_font=&rsquo;#f47e20&prime; size=&rsquo;20&rsquo; subheading_active=\u00a0\u00bb subheading_size=&rsquo;15&rsquo; custom_class=\u00a0\u00bb][\/av_heading] [av_textblock size=\u00a0\u00bb font_color=\u00a0\u00bb color=\u00a0\u00bb] ComboTech se sp\u00e9cialise dans les installations, l&rsquo;entretien et la...","og_url":"https:\/\/combotech.gr\/fr\/infrastructure\/","og_site_name":"Combotech","article_modified_time":"2015-12-11T13:35:31+00:00","twitter_misc":{"Dur\u00e9e de lecture estim\u00e9e":"6 minutes"},"schema":{"@context":"https:\/\/schema.org","@graph":[{"@type":"WebPage","@id":"https:\/\/combotech.gr\/fr\/infrastructure\/","url":"https:\/\/combotech.gr\/fr\/infrastructure\/","name":"Infrastructure - Combotech","isPartOf":{"@id":"https:\/\/combotech.gr\/#website"},"datePublished":"2015-12-08T11:49:32+00:00","dateModified":"2015-12-11T13:35:31+00:00","breadcrumb":{"@id":"https:\/\/combotech.gr\/fr\/infrastructure\/#breadcrumb"},"inLanguage":"fr-FR","potentialAction":[{"@type":"ReadAction","target":["https:\/\/combotech.gr\/fr\/infrastructure\/"]}]},{"@type":"BreadcrumbList","@id":"https:\/\/combotech.gr\/fr\/infrastructure\/#breadcrumb","itemListElement":[{"@type":"ListItem","position":1,"name":"Home","item":"https:\/\/combotech.gr\/"},{"@type":"ListItem","position":2,"name":"Infrastructure"}]},{"@type":"WebSite","@id":"https:\/\/combotech.gr\/#website","url":"https:\/\/combotech.gr\/","name":"Combotech","description":"\u03c4\u03b7\u03bb\u03ad\u03c6\u03c9\u03bd\u03bf | \u03b4\u03b9\u03b1\u03b4\u03af\u03ba\u03c4\u03c5\u03bf |\u03b4\u03bf\u03c1\u03c5\u03c6\u03bf\u03c1\u03b9\u03ba\u03ac | \u03bf\u03c0\u03c4\u03b9\u03ba\u03ad\u03c2 \u03af\u03bd\u03b5\u03c2","publisher":{"@id":"https:\/\/combotech.gr\/#organization"},"potentialAction":[{"@type":"SearchAction","target":{"@type":"EntryPoint","urlTemplate":"https:\/\/combotech.gr\/?s={search_term_string}"},"query-input":"required name=search_term_string"}],"inLanguage":"fr-FR"},{"@type":"Organization","@id":"https:\/\/combotech.gr\/#organization","name":"Combotech","url":"https:\/\/combotech.gr\/","logo":{"@type":"ImageObject","inLanguage":"fr-FR","@id":"https:\/\/combotech.gr\/#\/schema\/logo\/image\/","url":"https:\/\/combotech.gr\/wp-content\/uploads\/2014\/11\/favicon.png","contentUrl":"https:\/\/combotech.gr\/wp-content\/uploads\/2014\/11\/favicon.png","width":150,"height":150,"caption":"Combotech"},"image":{"@id":"https:\/\/combotech.gr\/#\/schema\/logo\/image\/"}}]}},"_links":{"self":[{"href":"https:\/\/combotech.gr\/fr\/wp-json\/wp\/v2\/pages\/1184"}],"collection":[{"href":"https:\/\/combotech.gr\/fr\/wp-json\/wp\/v2\/pages"}],"about":[{"href":"https:\/\/combotech.gr\/fr\/wp-json\/wp\/v2\/types\/page"}],"author":[{"embeddable":true,"href":"https:\/\/combotech.gr\/fr\/wp-json\/wp\/v2\/users\/1"}],"replies":[{"embeddable":true,"href":"https:\/\/combotech.gr\/fr\/wp-json\/wp\/v2\/comments?post=1184"}],"version-history":[{"count":0,"href":"https:\/\/combotech.gr\/fr\/wp-json\/wp\/v2\/pages\/1184\/revisions"}],"wp:attachment":[{"href":"https:\/\/combotech.gr\/fr\/wp-json\/wp\/v2\/media?parent=1184"}],"curies":[{"name":"wp","href":"https:\/\/api.w.org\/{rel}","templated":true}]}}