{"id":1188,"date":"2015-12-08T11:52:29","date_gmt":"2015-12-08T11:52:29","guid":{"rendered":"https:\/\/combotech.gr\/fr\/?page_id=1188"},"modified":"2020-01-29T12:40:43","modified_gmt":"2020-01-29T10:40:43","slug":"fibres-optiques","status":"publish","type":"page","link":"https:\/\/combotech.gr\/fr\/fibres-optiques\/","title":{"rendered":"Fibres Optiques"},"content":{"rendered":"<p>Les fibres optiques et leurs applications dans les projets de t\u00e9l\u00e9communication et dans les solutions de connectivit\u00e9 d&rsquo;affaires s\u2019accroissent rapidement. Les vitesses de connexion haussent, tandis qu\u2019au m\u00eame moment les entreprises ont besoin de nouveaux moyens pour assembler tous leurs syst\u00e8mes communicationnels en une seule plateforme unifi\u00e9e et directement g\u00e9rable.<\/p>\n<p>Dans la perspective de ce besoin, d\u00e8s ses premiers mois de fonctionnement, <strong>ComboTech<\/strong> a cr\u00e9\u00e9 un D\u00e9partement Fibres Optiques sp\u00e9cialis\u00e9, compos\u00e9 de professionnels exp\u00e9riment\u00e9s, qui constitue d\u00e9sormais sa pierre angulaire.<\/p>\n<p>Aujourd&rsquo;hui, nous sommes fiers de r\u00e9aliser, sur une base mensuelle, plus de 10 projets concomitants\u2026 :<\/p>\n<ul>\n<li>pour les plus grands fournisseurs et les plus grandes entreprises de t\u00e9l\u00e9communications,<\/li>\n<li>avec des \u00e9quipes techniques hautement sp\u00e9cialis\u00e9es et enti\u00e8rement \u00e9quip\u00e9es dans les plus grandes villes de la Gr\u00e8ce,<\/li>\n<li>en maintenant des temps de r\u00e9ponse minimaux et<\/li>\n<li>en d\u00e9pannant m\u00eame dans les endroits les plus recul\u00e9s du r\u00e9seau m\u00e9tropolitain de fibres optiques de la Gr\u00e8ce.<\/li>\n<\/ul>\n<p>L\u2019\u00e9quipe Fibres Optiques de <strong>ComboTech<\/strong> entreprend et r\u00e9alise le projet dans tous ses aspects, de l&rsquo;\u00e9tude pr\u00e9liminaire et l&rsquo;octroi de licences jusqu\u2019\u00e0 la certification du r\u00e9sultat final, toujours en suivant les demandes du client.<\/p>\n<p>Plus pr\u00e9cis\u00e9ment, le D\u00e9partement Fibres Optiques de <strong>ComboTech<\/strong>, en utilisant son personnel hautement qualifi\u00e9 et de l&rsquo;\u00e9quipement de haut de gamme (raccordeurs, OTDR, wattm\u00e8tres), entreprend :<\/p>\n<ul>\n<li>Des \u00e9tudes pour des travaux d&rsquo;installation de fibres optiques<\/li>\n<li>Des travaux de creusage, d\u2019excavation et de nivellement en appliquant les techniques les plus modernes<\/li>\n<li>Le creusage de tranch\u00e9es jusqu&rsquo;\u00e0 une largeur extr\u00eamement limit\u00e9e (\u00abmini- trenching\u00bb)<\/li>\n<li>La fourniture et l\u2019installation de c\u00e2blage avec la technique de soufflage de fibre optique (\u00abblown fiber\u00bb), minimisant ainsi le temps d&rsquo;installation tout en maintenant un haut niveau de qualit\u00e9 dans le r\u00e9sultat final<\/li>\n<li>La terminaison et la connexion de la fibre au terminal exploitant\/client<\/li>\n<li>La certification du r\u00e9sultat<\/li>\n<\/ul>\n<p><a href=\"\/?page_id=120\">S&rsquo;il vous pla\u00eet contactez-nous<\/a> et demandez-nous comment les applications de fibres optiques peuvent aider votre entreprise \u00e0 am\u00e9liorer ses syst\u00e8mes de t\u00e9l\u00e9phonie et d&rsquo;Internet.<\/p>\n<h4 style=\"text-align: center;\"><a title=\"\" href=\"\/?page_id=1188\">Fibres Optiques<\/a><\/h4>\n<p>&nbsp;<\/p>\n<h4 style=\"text-align: center;\"><a title=\"\" href=\"\/?page_id=1190\">Maintenance des r\u00e9seaux et de l&rsquo;infrastructure<\/a><\/h4>\n<p>&nbsp;<\/p>\n<h4 style=\"text-align: center;\"><a title=\"\" href=\"\/?page_id=1192\">Installations &amp; Support Technique<\/a><\/h4>\n<p>&nbsp;<\/p>\n<h4 style=\"text-align: center;\"><a title=\"\" href=\"\/?page_id=1194\">T\u00e9l\u00e9phonie &amp; Internet<\/a><\/h4>\n<p>&nbsp;<\/p>\n<h4 style=\"text-align: center;\"><a title=\"\" href=\"\/?page_id=1195\">T\u00e9l\u00e9phonie &amp; Syst\u00e8mes \u00e0 Satellites \u00e0 large bande<\/a><\/h4>\n<p>&nbsp;<\/p>\n","protected":false},"excerpt":{"rendered":"<p>Les fibres optiques et leurs applications dans les projets de t\u00e9l\u00e9communication et dans les solutions de connectivit\u00e9 d&rsquo;affaires s\u2019accroissent rapidement. Les vitesses de connexion haussent,&#8230;<\/p>\n","protected":false},"author":1,"featured_media":0,"parent":0,"menu_order":0,"comment_status":"closed","ping_status":"closed","template":"","meta":[],"yoast_head":"<!-- This site is optimized with the Yoast SEO plugin v20.7 - https:\/\/yoast.com\/wordpress\/plugins\/seo\/ -->\n<title>Fibres Optiques - Combotech<\/title>\n<meta name=\"robots\" content=\"index, follow, max-snippet:-1, max-image-preview:large, max-video-preview:-1\" \/>\n<link rel=\"canonical\" href=\"https:\/\/combotech.gr\/fr\/fibres-optiques\/\" \/>\n<meta property=\"og:locale\" content=\"fr_FR\" \/>\n<meta property=\"og:type\" content=\"article\" \/>\n<meta property=\"og:title\" content=\"Fibres Optiques - Combotech\" \/>\n<meta property=\"og:description\" content=\"Les fibres optiques et leurs applications dans les projets de t\u00e9l\u00e9communication et dans les solutions de connectivit\u00e9 d&rsquo;affaires s\u2019accroissent rapidement. Les vitesses de connexion haussent,...\" \/>\n<meta property=\"og:url\" content=\"https:\/\/combotech.gr\/fr\/fibres-optiques\/\" \/>\n<meta property=\"og:site_name\" content=\"Combotech\" \/>\n<meta property=\"article:modified_time\" content=\"2020-01-29T10:40:43+00:00\" \/>\n<meta name=\"twitter:label1\" content=\"Dur\u00e9e de lecture estim\u00e9e\" \/>\n\t<meta name=\"twitter:data1\" content=\"2 minutes\" \/>\n<script type=\"application\/ld+json\" class=\"yoast-schema-graph\">{\"@context\":\"https:\/\/schema.org\",\"@graph\":[{\"@type\":\"WebPage\",\"@id\":\"https:\/\/combotech.gr\/fr\/fibres-optiques\/\",\"url\":\"https:\/\/combotech.gr\/fr\/fibres-optiques\/\",\"name\":\"Fibres Optiques - Combotech\",\"isPartOf\":{\"@id\":\"https:\/\/combotech.gr\/#website\"},\"datePublished\":\"2015-12-08T11:52:29+00:00\",\"dateModified\":\"2020-01-29T10:40:43+00:00\",\"breadcrumb\":{\"@id\":\"https:\/\/combotech.gr\/fr\/fibres-optiques\/#breadcrumb\"},\"inLanguage\":\"fr-FR\",\"potentialAction\":[{\"@type\":\"ReadAction\",\"target\":[\"https:\/\/combotech.gr\/fr\/fibres-optiques\/\"]}]},{\"@type\":\"BreadcrumbList\",\"@id\":\"https:\/\/combotech.gr\/fr\/fibres-optiques\/#breadcrumb\",\"itemListElement\":[{\"@type\":\"ListItem\",\"position\":1,\"name\":\"Home\",\"item\":\"https:\/\/combotech.gr\/\"},{\"@type\":\"ListItem\",\"position\":2,\"name\":\"Fibres Optiques\"}]},{\"@type\":\"WebSite\",\"@id\":\"https:\/\/combotech.gr\/#website\",\"url\":\"https:\/\/combotech.gr\/\",\"name\":\"Combotech\",\"description\":\"\u03c4\u03b7\u03bb\u03ad\u03c6\u03c9\u03bd\u03bf | \u03b4\u03b9\u03b1\u03b4\u03af\u03ba\u03c4\u03c5\u03bf |\u03b4\u03bf\u03c1\u03c5\u03c6\u03bf\u03c1\u03b9\u03ba\u03ac | \u03bf\u03c0\u03c4\u03b9\u03ba\u03ad\u03c2 \u03af\u03bd\u03b5\u03c2\",\"publisher\":{\"@id\":\"https:\/\/combotech.gr\/#organization\"},\"potentialAction\":[{\"@type\":\"SearchAction\",\"target\":{\"@type\":\"EntryPoint\",\"urlTemplate\":\"https:\/\/combotech.gr\/?s={search_term_string}\"},\"query-input\":\"required name=search_term_string\"}],\"inLanguage\":\"fr-FR\"},{\"@type\":\"Organization\",\"@id\":\"https:\/\/combotech.gr\/#organization\",\"name\":\"Combotech\",\"url\":\"https:\/\/combotech.gr\/\",\"logo\":{\"@type\":\"ImageObject\",\"inLanguage\":\"fr-FR\",\"@id\":\"https:\/\/combotech.gr\/#\/schema\/logo\/image\/\",\"url\":\"https:\/\/combotech.gr\/wp-content\/uploads\/2014\/11\/favicon.png\",\"contentUrl\":\"https:\/\/combotech.gr\/wp-content\/uploads\/2014\/11\/favicon.png\",\"width\":150,\"height\":150,\"caption\":\"Combotech\"},\"image\":{\"@id\":\"https:\/\/combotech.gr\/#\/schema\/logo\/image\/\"}}]}<\/script>\n<!-- \/ Yoast SEO plugin. -->","yoast_head_json":{"title":"Fibres Optiques - Combotech","robots":{"index":"index","follow":"follow","max-snippet":"max-snippet:-1","max-image-preview":"max-image-preview:large","max-video-preview":"max-video-preview:-1"},"canonical":"https:\/\/combotech.gr\/fr\/fibres-optiques\/","og_locale":"fr_FR","og_type":"article","og_title":"Fibres Optiques - Combotech","og_description":"Les fibres optiques et leurs applications dans les projets de t\u00e9l\u00e9communication et dans les solutions de connectivit\u00e9 d&rsquo;affaires s\u2019accroissent rapidement. Les vitesses de connexion haussent,...","og_url":"https:\/\/combotech.gr\/fr\/fibres-optiques\/","og_site_name":"Combotech","article_modified_time":"2020-01-29T10:40:43+00:00","twitter_misc":{"Dur\u00e9e de lecture estim\u00e9e":"2 minutes"},"schema":{"@context":"https:\/\/schema.org","@graph":[{"@type":"WebPage","@id":"https:\/\/combotech.gr\/fr\/fibres-optiques\/","url":"https:\/\/combotech.gr\/fr\/fibres-optiques\/","name":"Fibres Optiques - Combotech","isPartOf":{"@id":"https:\/\/combotech.gr\/#website"},"datePublished":"2015-12-08T11:52:29+00:00","dateModified":"2020-01-29T10:40:43+00:00","breadcrumb":{"@id":"https:\/\/combotech.gr\/fr\/fibres-optiques\/#breadcrumb"},"inLanguage":"fr-FR","potentialAction":[{"@type":"ReadAction","target":["https:\/\/combotech.gr\/fr\/fibres-optiques\/"]}]},{"@type":"BreadcrumbList","@id":"https:\/\/combotech.gr\/fr\/fibres-optiques\/#breadcrumb","itemListElement":[{"@type":"ListItem","position":1,"name":"Home","item":"https:\/\/combotech.gr\/"},{"@type":"ListItem","position":2,"name":"Fibres Optiques"}]},{"@type":"WebSite","@id":"https:\/\/combotech.gr\/#website","url":"https:\/\/combotech.gr\/","name":"Combotech","description":"\u03c4\u03b7\u03bb\u03ad\u03c6\u03c9\u03bd\u03bf | \u03b4\u03b9\u03b1\u03b4\u03af\u03ba\u03c4\u03c5\u03bf |\u03b4\u03bf\u03c1\u03c5\u03c6\u03bf\u03c1\u03b9\u03ba\u03ac | \u03bf\u03c0\u03c4\u03b9\u03ba\u03ad\u03c2 \u03af\u03bd\u03b5\u03c2","publisher":{"@id":"https:\/\/combotech.gr\/#organization"},"potentialAction":[{"@type":"SearchAction","target":{"@type":"EntryPoint","urlTemplate":"https:\/\/combotech.gr\/?s={search_term_string}"},"query-input":"required name=search_term_string"}],"inLanguage":"fr-FR"},{"@type":"Organization","@id":"https:\/\/combotech.gr\/#organization","name":"Combotech","url":"https:\/\/combotech.gr\/","logo":{"@type":"ImageObject","inLanguage":"fr-FR","@id":"https:\/\/combotech.gr\/#\/schema\/logo\/image\/","url":"https:\/\/combotech.gr\/wp-content\/uploads\/2014\/11\/favicon.png","contentUrl":"https:\/\/combotech.gr\/wp-content\/uploads\/2014\/11\/favicon.png","width":150,"height":150,"caption":"Combotech"},"image":{"@id":"https:\/\/combotech.gr\/#\/schema\/logo\/image\/"}}]}},"_links":{"self":[{"href":"https:\/\/combotech.gr\/fr\/wp-json\/wp\/v2\/pages\/1188"}],"collection":[{"href":"https:\/\/combotech.gr\/fr\/wp-json\/wp\/v2\/pages"}],"about":[{"href":"https:\/\/combotech.gr\/fr\/wp-json\/wp\/v2\/types\/page"}],"author":[{"embeddable":true,"href":"https:\/\/combotech.gr\/fr\/wp-json\/wp\/v2\/users\/1"}],"replies":[{"embeddable":true,"href":"https:\/\/combotech.gr\/fr\/wp-json\/wp\/v2\/comments?post=1188"}],"version-history":[{"count":2,"href":"https:\/\/combotech.gr\/fr\/wp-json\/wp\/v2\/pages\/1188\/revisions"}],"predecessor-version":[{"id":6774,"href":"https:\/\/combotech.gr\/fr\/wp-json\/wp\/v2\/pages\/1188\/revisions\/6774"}],"wp:attachment":[{"href":"https:\/\/combotech.gr\/fr\/wp-json\/wp\/v2\/media?parent=1188"}],"curies":[{"name":"wp","href":"https:\/\/api.w.org\/{rel}","templated":true}]}}