{"id":1190,"date":"2015-12-08T11:53:35","date_gmt":"2015-12-08T11:53:35","guid":{"rendered":"https:\/\/combotech.gr\/fr\/?page_id=1190"},"modified":"2020-01-29T12:47:21","modified_gmt":"2020-01-29T10:47:21","slug":"maintenance-des-reseaux-et-de-linfrastructure","status":"publish","type":"page","link":"https:\/\/combotech.gr\/fr\/maintenance-des-reseaux-et-de-linfrastructure\/","title":{"rendered":"Maintenance des r\u00e9seaux et de l&rsquo;infrastructure"},"content":{"rendered":"<p>Avec un groupe de techniciens de l&rsquo;infrastructure et des travailleurs de l&rsquo;\u00e9lectricit\u00e9 et de la m\u00e9canique, <strong>ComboTech<\/strong> peut offrir des services de soutien pr\u00e9ventifs et correctifs :<\/p>\n<ul>\n<li>aux installations techniques des entreprises<\/li>\n<li>aux sites techniques \u00e9loign\u00e9s<\/li>\n<li>aux centres de t\u00e9l\u00e9communications, aux cabines isol\u00e9es et g\u00e9n\u00e9ralement<\/li>\n<li>partout o\u00f9 il y a des installations qui n\u00e9cessitent une maintenance r\u00e9guli\u00e8re, comme :\n<ul>\n<li>les g\u00e9n\u00e9rateurs de puissance<\/li>\n<li>les climatiseurs<\/li>\n<li>les terminaux de ligne terrestre<\/li>\n<li>les installations de r\u00e9seau (racks, serveurs, etc.)<\/li>\n<\/ul>\n<\/li>\n<\/ul>\n<p>Op\u00e9rant principalement sur une base de contrat (ainsi que par cas individuel), <strong>ComboTech<\/strong> proc\u00e8de \u00e0 des v\u00e9rifications pr\u00e9liminaires et propose les solutions optimales au client de mani\u00e8re \u00e0 \u00e9viter de futurs probl\u00e8mes. En m\u00eame temps, l\u2019entreprise entreprend \u00e9galement des actions correctives, m\u00eame dans des limites de temps de r\u00e9ponse pr\u00e9-convenues, si la nature du client l&rsquo;exige.<\/p>\n<p>Nous sommes en mesure d&rsquo;agir partout en Gr\u00e8ce, avec des \u00e9quipes de travail localement bas\u00e9es, m\u00eame dans les r\u00e9gions les plus recul\u00e9es de notre pays.<\/p>\n<p><a href=\"\/?page_id=120\">Contactez-nous<\/a> et d\u00e9couvrez comment nous pouvons vous aider \u00e0 maintenir vos installations.<\/p>\n<h4 style=\"text-align: center;\"><a title=\"\" href=\"\/?page_id=1188\">Fibres Optiques<\/a><\/h4>\n<p>&nbsp;<\/p>\n<h4 style=\"text-align: center;\"><a title=\"\" href=\"\/?page_id=1190\">Maintenance des r\u00e9seaux et de l&rsquo;infrastructure<\/a><\/h4>\n<p>&nbsp;<\/p>\n<h4 style=\"text-align: center;\"><a title=\"\" href=\"\/?page_id=1192\">Installations &amp; Support Technique<\/a><\/h4>\n<p>&nbsp;<\/p>\n<h4 style=\"text-align: center;\"><a title=\"\" href=\"\/?page_id=1194\">T\u00e9l\u00e9phonie &amp; Internet<\/a><\/h4>\n<p>&nbsp;<\/p>\n<h4 style=\"text-align: center;\"><a title=\"\" href=\"\/?page_id=1195\">T\u00e9l\u00e9phonie &amp; Syst\u00e8mes \u00e0 Satellites \u00e0 large bande<\/a><\/h4>\n<p>&nbsp;<\/p>\n","protected":false},"excerpt":{"rendered":"<p>Avec un groupe de techniciens de l&rsquo;infrastructure et des travailleurs de l&rsquo;\u00e9lectricit\u00e9 et de la m\u00e9canique, ComboTech peut offrir des services de soutien pr\u00e9ventifs et&#8230;<\/p>\n","protected":false},"author":1,"featured_media":0,"parent":0,"menu_order":0,"comment_status":"closed","ping_status":"closed","template":"","meta":[],"yoast_head":"<!-- This site is optimized with the Yoast SEO plugin v20.7 - https:\/\/yoast.com\/wordpress\/plugins\/seo\/ -->\n<title>Maintenance des r\u00e9seaux et de l&#039;infrastructure - Combotech<\/title>\n<meta name=\"robots\" content=\"index, follow, max-snippet:-1, max-image-preview:large, max-video-preview:-1\" \/>\n<link rel=\"canonical\" href=\"https:\/\/combotech.gr\/fr\/maintenance-des-reseaux-et-de-linfrastructure\/\" \/>\n<meta property=\"og:locale\" content=\"fr_FR\" \/>\n<meta property=\"og:type\" content=\"article\" \/>\n<meta property=\"og:title\" content=\"Maintenance des r\u00e9seaux et de l&#039;infrastructure - Combotech\" \/>\n<meta property=\"og:description\" content=\"Avec un groupe de techniciens de l&rsquo;infrastructure et des travailleurs de l&rsquo;\u00e9lectricit\u00e9 et de la m\u00e9canique, ComboTech peut offrir des services de soutien pr\u00e9ventifs et...\" \/>\n<meta property=\"og:url\" content=\"https:\/\/combotech.gr\/fr\/maintenance-des-reseaux-et-de-linfrastructure\/\" \/>\n<meta property=\"og:site_name\" content=\"Combotech\" \/>\n<meta property=\"article:modified_time\" content=\"2020-01-29T10:47:21+00:00\" \/>\n<meta name=\"twitter:label1\" content=\"Dur\u00e9e de lecture estim\u00e9e\" \/>\n\t<meta name=\"twitter:data1\" content=\"1 minute\" \/>\n<script type=\"application\/ld+json\" class=\"yoast-schema-graph\">{\"@context\":\"https:\/\/schema.org\",\"@graph\":[{\"@type\":\"WebPage\",\"@id\":\"https:\/\/combotech.gr\/fr\/maintenance-des-reseaux-et-de-linfrastructure\/\",\"url\":\"https:\/\/combotech.gr\/fr\/maintenance-des-reseaux-et-de-linfrastructure\/\",\"name\":\"Maintenance des r\u00e9seaux et de l'infrastructure - Combotech\",\"isPartOf\":{\"@id\":\"https:\/\/combotech.gr\/#website\"},\"datePublished\":\"2015-12-08T11:53:35+00:00\",\"dateModified\":\"2020-01-29T10:47:21+00:00\",\"breadcrumb\":{\"@id\":\"https:\/\/combotech.gr\/fr\/maintenance-des-reseaux-et-de-linfrastructure\/#breadcrumb\"},\"inLanguage\":\"fr-FR\",\"potentialAction\":[{\"@type\":\"ReadAction\",\"target\":[\"https:\/\/combotech.gr\/fr\/maintenance-des-reseaux-et-de-linfrastructure\/\"]}]},{\"@type\":\"BreadcrumbList\",\"@id\":\"https:\/\/combotech.gr\/fr\/maintenance-des-reseaux-et-de-linfrastructure\/#breadcrumb\",\"itemListElement\":[{\"@type\":\"ListItem\",\"position\":1,\"name\":\"Home\",\"item\":\"https:\/\/combotech.gr\/\"},{\"@type\":\"ListItem\",\"position\":2,\"name\":\"Maintenance des r\u00e9seaux et de l&rsquo;infrastructure\"}]},{\"@type\":\"WebSite\",\"@id\":\"https:\/\/combotech.gr\/#website\",\"url\":\"https:\/\/combotech.gr\/\",\"name\":\"Combotech\",\"description\":\"\u03c4\u03b7\u03bb\u03ad\u03c6\u03c9\u03bd\u03bf | \u03b4\u03b9\u03b1\u03b4\u03af\u03ba\u03c4\u03c5\u03bf |\u03b4\u03bf\u03c1\u03c5\u03c6\u03bf\u03c1\u03b9\u03ba\u03ac | \u03bf\u03c0\u03c4\u03b9\u03ba\u03ad\u03c2 \u03af\u03bd\u03b5\u03c2\",\"publisher\":{\"@id\":\"https:\/\/combotech.gr\/#organization\"},\"potentialAction\":[{\"@type\":\"SearchAction\",\"target\":{\"@type\":\"EntryPoint\",\"urlTemplate\":\"https:\/\/combotech.gr\/?s={search_term_string}\"},\"query-input\":\"required name=search_term_string\"}],\"inLanguage\":\"fr-FR\"},{\"@type\":\"Organization\",\"@id\":\"https:\/\/combotech.gr\/#organization\",\"name\":\"Combotech\",\"url\":\"https:\/\/combotech.gr\/\",\"logo\":{\"@type\":\"ImageObject\",\"inLanguage\":\"fr-FR\",\"@id\":\"https:\/\/combotech.gr\/#\/schema\/logo\/image\/\",\"url\":\"https:\/\/combotech.gr\/wp-content\/uploads\/2014\/11\/favicon.png\",\"contentUrl\":\"https:\/\/combotech.gr\/wp-content\/uploads\/2014\/11\/favicon.png\",\"width\":150,\"height\":150,\"caption\":\"Combotech\"},\"image\":{\"@id\":\"https:\/\/combotech.gr\/#\/schema\/logo\/image\/\"}}]}<\/script>\n<!-- \/ Yoast SEO plugin. -->","yoast_head_json":{"title":"Maintenance des r\u00e9seaux et de l'infrastructure - Combotech","robots":{"index":"index","follow":"follow","max-snippet":"max-snippet:-1","max-image-preview":"max-image-preview:large","max-video-preview":"max-video-preview:-1"},"canonical":"https:\/\/combotech.gr\/fr\/maintenance-des-reseaux-et-de-linfrastructure\/","og_locale":"fr_FR","og_type":"article","og_title":"Maintenance des r\u00e9seaux et de l'infrastructure - Combotech","og_description":"Avec un groupe de techniciens de l&rsquo;infrastructure et des travailleurs de l&rsquo;\u00e9lectricit\u00e9 et de la m\u00e9canique, ComboTech peut offrir des services de soutien pr\u00e9ventifs et...","og_url":"https:\/\/combotech.gr\/fr\/maintenance-des-reseaux-et-de-linfrastructure\/","og_site_name":"Combotech","article_modified_time":"2020-01-29T10:47:21+00:00","twitter_misc":{"Dur\u00e9e de lecture estim\u00e9e":"1 minute"},"schema":{"@context":"https:\/\/schema.org","@graph":[{"@type":"WebPage","@id":"https:\/\/combotech.gr\/fr\/maintenance-des-reseaux-et-de-linfrastructure\/","url":"https:\/\/combotech.gr\/fr\/maintenance-des-reseaux-et-de-linfrastructure\/","name":"Maintenance des r\u00e9seaux et de l'infrastructure - Combotech","isPartOf":{"@id":"https:\/\/combotech.gr\/#website"},"datePublished":"2015-12-08T11:53:35+00:00","dateModified":"2020-01-29T10:47:21+00:00","breadcrumb":{"@id":"https:\/\/combotech.gr\/fr\/maintenance-des-reseaux-et-de-linfrastructure\/#breadcrumb"},"inLanguage":"fr-FR","potentialAction":[{"@type":"ReadAction","target":["https:\/\/combotech.gr\/fr\/maintenance-des-reseaux-et-de-linfrastructure\/"]}]},{"@type":"BreadcrumbList","@id":"https:\/\/combotech.gr\/fr\/maintenance-des-reseaux-et-de-linfrastructure\/#breadcrumb","itemListElement":[{"@type":"ListItem","position":1,"name":"Home","item":"https:\/\/combotech.gr\/"},{"@type":"ListItem","position":2,"name":"Maintenance des r\u00e9seaux et de l&rsquo;infrastructure"}]},{"@type":"WebSite","@id":"https:\/\/combotech.gr\/#website","url":"https:\/\/combotech.gr\/","name":"Combotech","description":"\u03c4\u03b7\u03bb\u03ad\u03c6\u03c9\u03bd\u03bf | \u03b4\u03b9\u03b1\u03b4\u03af\u03ba\u03c4\u03c5\u03bf |\u03b4\u03bf\u03c1\u03c5\u03c6\u03bf\u03c1\u03b9\u03ba\u03ac | \u03bf\u03c0\u03c4\u03b9\u03ba\u03ad\u03c2 \u03af\u03bd\u03b5\u03c2","publisher":{"@id":"https:\/\/combotech.gr\/#organization"},"potentialAction":[{"@type":"SearchAction","target":{"@type":"EntryPoint","urlTemplate":"https:\/\/combotech.gr\/?s={search_term_string}"},"query-input":"required name=search_term_string"}],"inLanguage":"fr-FR"},{"@type":"Organization","@id":"https:\/\/combotech.gr\/#organization","name":"Combotech","url":"https:\/\/combotech.gr\/","logo":{"@type":"ImageObject","inLanguage":"fr-FR","@id":"https:\/\/combotech.gr\/#\/schema\/logo\/image\/","url":"https:\/\/combotech.gr\/wp-content\/uploads\/2014\/11\/favicon.png","contentUrl":"https:\/\/combotech.gr\/wp-content\/uploads\/2014\/11\/favicon.png","width":150,"height":150,"caption":"Combotech"},"image":{"@id":"https:\/\/combotech.gr\/#\/schema\/logo\/image\/"}}]}},"_links":{"self":[{"href":"https:\/\/combotech.gr\/fr\/wp-json\/wp\/v2\/pages\/1190"}],"collection":[{"href":"https:\/\/combotech.gr\/fr\/wp-json\/wp\/v2\/pages"}],"about":[{"href":"https:\/\/combotech.gr\/fr\/wp-json\/wp\/v2\/types\/page"}],"author":[{"embeddable":true,"href":"https:\/\/combotech.gr\/fr\/wp-json\/wp\/v2\/users\/1"}],"replies":[{"embeddable":true,"href":"https:\/\/combotech.gr\/fr\/wp-json\/wp\/v2\/comments?post=1190"}],"version-history":[{"count":1,"href":"https:\/\/combotech.gr\/fr\/wp-json\/wp\/v2\/pages\/1190\/revisions"}],"predecessor-version":[{"id":6780,"href":"https:\/\/combotech.gr\/fr\/wp-json\/wp\/v2\/pages\/1190\/revisions\/6780"}],"wp:attachment":[{"href":"https:\/\/combotech.gr\/fr\/wp-json\/wp\/v2\/media?parent=1190"}],"curies":[{"name":"wp","href":"https:\/\/api.w.org\/{rel}","templated":true}]}}