{"id":1192,"date":"2015-12-08T11:54:47","date_gmt":"2015-12-08T11:54:47","guid":{"rendered":"https:\/\/combotech.gr\/fr\/?page_id=1192"},"modified":"2020-01-29T12:54:09","modified_gmt":"2020-01-29T10:54:09","slug":"installations-support-technique-2","status":"publish","type":"page","link":"https:\/\/combotech.gr\/fr\/installations-support-technique-2\/","title":{"rendered":"Installations &#038; Support Technique"},"content":{"rendered":"<p><strong>ComboTech<\/strong> offre des services couvrant tout le spectre de support technique de l&rsquo;entreprise (de l&rsquo;installation d&rsquo;\u00e9l\u00e9ments d&rsquo;infrastructure jusqu\u2019\u00e0 leur supervision) par le biais de contrats de maintenance. L&rsquo;objectif est de concentrer l&rsquo;ensemble des besoins de l\u2019entreprise \u00e0 un seul partenaire, une solution unique, de mani\u00e8re \u00e0 assurer le bon fonctionnement des op\u00e9rations quotidiennes.<\/p>\n<p>Les \u00e9quipes techniques de <strong>ComboTech<\/strong> :<\/p>\n<ul>\n<li>Se dirigent vers les locaux du client et r\u00e9alisent l&rsquo;\u00e9tude pr\u00e9liminaire de l&rsquo;infrastructure afin de proposer la solution optimale<\/li>\n<li>Installent le c\u00e2blage de puissance structur\u00e9 dans les locaux du client et certifient l&rsquo;installation avec les dispositifs de mesure correspondants<\/li>\n<li>Placent et configurent les r\u00e9seaux PC de l\u2019entreprise et entreprennent leur surveillance<\/li>\n<li>Installent et entretiennent des commutateurs t\u00e9l\u00e9phoniques de l&rsquo;\u00e9tat de l&rsquo;art et mettent \u00e0 niveau (si possible) les syst\u00e8mes de t\u00e9l\u00e9phonie existants<\/li>\n<\/ul>\n<p>En plus de cela, <strong>ComboTech<\/strong> fournit des services de support technique mat\u00e9riel\/logiciel de haut niveau, comme :<\/p>\n<ul>\n<li>\u00abNettoyage\u00bb et r\u00e9installation (si n\u00e9cessaire) des syst\u00e8mes d&rsquo;exploitation initiaux \u00e0 la suite d&rsquo;un probl\u00e8me (virus, probl\u00e8me de disque, panne de courant, etc.)<\/li>\n<li>Prise de sauvegarde des fichiers et remise de moyens optiques que le client exige (en toute forme)<\/li>\n<li>Mise en place de r\u00e9seaux domestiques et de ressources partag\u00e9es (fichiers communs, partage d\u2019imprimantes, configuration de routeurs, etc.)<\/li>\n<li>Installation de la suite Office et d&rsquo;autres applications, ainsi que configuration de comptes pour l&rsquo;informatique en nuage et pour le stockage<\/li>\n<\/ul>\n<p><a href=\"\/?page_id=120\">S&rsquo;il vous pla\u00eet contactez-nous<\/a> et voyez comment nous pouvons vous aider dans vos probl\u00e8mes quotidiens, comment nous pouvons vous faire \u00e9conomiser du temps et aider votre \u00e9quipement \u00e0 atteindre son plein potentiel.<\/p>\n<h4 style=\"text-align: center;\"><a title=\"\" href=\"\/?page_id=1188\">Fibres Optiques<\/a><\/h4>\n<p>&nbsp;<\/p>\n<h4 style=\"text-align: center;\"><a title=\"\" href=\"\/?page_id=1190\">Maintenance des r\u00e9seaux et de l&rsquo;infrastructure<\/a><\/h4>\n<p>&nbsp;<\/p>\n<h4 style=\"text-align: center;\"><a title=\"\" href=\"\/?page_id=1192\">Installations &amp; Support Technique<\/a><\/h4>\n<p>&nbsp;<\/p>\n<h4 style=\"text-align: center;\"><a title=\"\" href=\"\/?page_id=1194\">T\u00e9l\u00e9phonie &amp; Internet<\/a><\/h4>\n<p>&nbsp;<\/p>\n<h4 style=\"text-align: center;\"><a title=\"\" href=\"\/?page_id=1195\">T\u00e9l\u00e9phonie &amp; Syst\u00e8mes \u00e0 Satellites \u00e0 large bande<\/a><\/h4>\n<p>&nbsp;<\/p>\n","protected":false},"excerpt":{"rendered":"<p>ComboTech offre des services couvrant tout le spectre de support technique de l&rsquo;entreprise (de l&rsquo;installation d&rsquo;\u00e9l\u00e9ments d&rsquo;infrastructure jusqu\u2019\u00e0 leur supervision) par le biais de contrats&#8230;<\/p>\n","protected":false},"author":1,"featured_media":0,"parent":0,"menu_order":0,"comment_status":"closed","ping_status":"closed","template":"","meta":[],"yoast_head":"<!-- This site is optimized with the Yoast SEO plugin v20.7 - https:\/\/yoast.com\/wordpress\/plugins\/seo\/ -->\n<title>Installations &amp; Support Technique - Combotech<\/title>\n<meta name=\"robots\" content=\"index, follow, max-snippet:-1, max-image-preview:large, max-video-preview:-1\" \/>\n<link rel=\"canonical\" href=\"https:\/\/combotech.gr\/fr\/installations-support-technique-2\/\" \/>\n<meta property=\"og:locale\" content=\"fr_FR\" \/>\n<meta property=\"og:type\" content=\"article\" \/>\n<meta property=\"og:title\" content=\"Installations &amp; Support Technique - Combotech\" \/>\n<meta property=\"og:description\" content=\"ComboTech offre des services couvrant tout le spectre de support technique de l&rsquo;entreprise (de l&rsquo;installation d&rsquo;\u00e9l\u00e9ments d&rsquo;infrastructure jusqu\u2019\u00e0 leur supervision) par le biais de contrats...\" \/>\n<meta property=\"og:url\" content=\"https:\/\/combotech.gr\/fr\/installations-support-technique-2\/\" \/>\n<meta property=\"og:site_name\" content=\"Combotech\" \/>\n<meta property=\"article:modified_time\" content=\"2020-01-29T10:54:09+00:00\" \/>\n<meta name=\"twitter:label1\" content=\"Dur\u00e9e de lecture estim\u00e9e\" \/>\n\t<meta name=\"twitter:data1\" content=\"2 minutes\" \/>\n<script type=\"application\/ld+json\" class=\"yoast-schema-graph\">{\"@context\":\"https:\/\/schema.org\",\"@graph\":[{\"@type\":\"WebPage\",\"@id\":\"https:\/\/combotech.gr\/fr\/installations-support-technique-2\/\",\"url\":\"https:\/\/combotech.gr\/fr\/installations-support-technique-2\/\",\"name\":\"Installations & Support Technique - Combotech\",\"isPartOf\":{\"@id\":\"https:\/\/combotech.gr\/#website\"},\"datePublished\":\"2015-12-08T11:54:47+00:00\",\"dateModified\":\"2020-01-29T10:54:09+00:00\",\"breadcrumb\":{\"@id\":\"https:\/\/combotech.gr\/fr\/installations-support-technique-2\/#breadcrumb\"},\"inLanguage\":\"fr-FR\",\"potentialAction\":[{\"@type\":\"ReadAction\",\"target\":[\"https:\/\/combotech.gr\/fr\/installations-support-technique-2\/\"]}]},{\"@type\":\"BreadcrumbList\",\"@id\":\"https:\/\/combotech.gr\/fr\/installations-support-technique-2\/#breadcrumb\",\"itemListElement\":[{\"@type\":\"ListItem\",\"position\":1,\"name\":\"Home\",\"item\":\"https:\/\/combotech.gr\/\"},{\"@type\":\"ListItem\",\"position\":2,\"name\":\"Installations &#038; Support Technique\"}]},{\"@type\":\"WebSite\",\"@id\":\"https:\/\/combotech.gr\/#website\",\"url\":\"https:\/\/combotech.gr\/\",\"name\":\"Combotech\",\"description\":\"\u03c4\u03b7\u03bb\u03ad\u03c6\u03c9\u03bd\u03bf | \u03b4\u03b9\u03b1\u03b4\u03af\u03ba\u03c4\u03c5\u03bf |\u03b4\u03bf\u03c1\u03c5\u03c6\u03bf\u03c1\u03b9\u03ba\u03ac | \u03bf\u03c0\u03c4\u03b9\u03ba\u03ad\u03c2 \u03af\u03bd\u03b5\u03c2\",\"publisher\":{\"@id\":\"https:\/\/combotech.gr\/#organization\"},\"potentialAction\":[{\"@type\":\"SearchAction\",\"target\":{\"@type\":\"EntryPoint\",\"urlTemplate\":\"https:\/\/combotech.gr\/?s={search_term_string}\"},\"query-input\":\"required name=search_term_string\"}],\"inLanguage\":\"fr-FR\"},{\"@type\":\"Organization\",\"@id\":\"https:\/\/combotech.gr\/#organization\",\"name\":\"Combotech\",\"url\":\"https:\/\/combotech.gr\/\",\"logo\":{\"@type\":\"ImageObject\",\"inLanguage\":\"fr-FR\",\"@id\":\"https:\/\/combotech.gr\/#\/schema\/logo\/image\/\",\"url\":\"https:\/\/combotech.gr\/wp-content\/uploads\/2014\/11\/favicon.png\",\"contentUrl\":\"https:\/\/combotech.gr\/wp-content\/uploads\/2014\/11\/favicon.png\",\"width\":150,\"height\":150,\"caption\":\"Combotech\"},\"image\":{\"@id\":\"https:\/\/combotech.gr\/#\/schema\/logo\/image\/\"}}]}<\/script>\n<!-- \/ Yoast SEO plugin. -->","yoast_head_json":{"title":"Installations & Support Technique - Combotech","robots":{"index":"index","follow":"follow","max-snippet":"max-snippet:-1","max-image-preview":"max-image-preview:large","max-video-preview":"max-video-preview:-1"},"canonical":"https:\/\/combotech.gr\/fr\/installations-support-technique-2\/","og_locale":"fr_FR","og_type":"article","og_title":"Installations & Support Technique - Combotech","og_description":"ComboTech offre des services couvrant tout le spectre de support technique de l&rsquo;entreprise (de l&rsquo;installation d&rsquo;\u00e9l\u00e9ments d&rsquo;infrastructure jusqu\u2019\u00e0 leur supervision) par le biais de contrats...","og_url":"https:\/\/combotech.gr\/fr\/installations-support-technique-2\/","og_site_name":"Combotech","article_modified_time":"2020-01-29T10:54:09+00:00","twitter_misc":{"Dur\u00e9e de lecture estim\u00e9e":"2 minutes"},"schema":{"@context":"https:\/\/schema.org","@graph":[{"@type":"WebPage","@id":"https:\/\/combotech.gr\/fr\/installations-support-technique-2\/","url":"https:\/\/combotech.gr\/fr\/installations-support-technique-2\/","name":"Installations & Support Technique - Combotech","isPartOf":{"@id":"https:\/\/combotech.gr\/#website"},"datePublished":"2015-12-08T11:54:47+00:00","dateModified":"2020-01-29T10:54:09+00:00","breadcrumb":{"@id":"https:\/\/combotech.gr\/fr\/installations-support-technique-2\/#breadcrumb"},"inLanguage":"fr-FR","potentialAction":[{"@type":"ReadAction","target":["https:\/\/combotech.gr\/fr\/installations-support-technique-2\/"]}]},{"@type":"BreadcrumbList","@id":"https:\/\/combotech.gr\/fr\/installations-support-technique-2\/#breadcrumb","itemListElement":[{"@type":"ListItem","position":1,"name":"Home","item":"https:\/\/combotech.gr\/"},{"@type":"ListItem","position":2,"name":"Installations &#038; Support Technique"}]},{"@type":"WebSite","@id":"https:\/\/combotech.gr\/#website","url":"https:\/\/combotech.gr\/","name":"Combotech","description":"\u03c4\u03b7\u03bb\u03ad\u03c6\u03c9\u03bd\u03bf | \u03b4\u03b9\u03b1\u03b4\u03af\u03ba\u03c4\u03c5\u03bf |\u03b4\u03bf\u03c1\u03c5\u03c6\u03bf\u03c1\u03b9\u03ba\u03ac | \u03bf\u03c0\u03c4\u03b9\u03ba\u03ad\u03c2 \u03af\u03bd\u03b5\u03c2","publisher":{"@id":"https:\/\/combotech.gr\/#organization"},"potentialAction":[{"@type":"SearchAction","target":{"@type":"EntryPoint","urlTemplate":"https:\/\/combotech.gr\/?s={search_term_string}"},"query-input":"required name=search_term_string"}],"inLanguage":"fr-FR"},{"@type":"Organization","@id":"https:\/\/combotech.gr\/#organization","name":"Combotech","url":"https:\/\/combotech.gr\/","logo":{"@type":"ImageObject","inLanguage":"fr-FR","@id":"https:\/\/combotech.gr\/#\/schema\/logo\/image\/","url":"https:\/\/combotech.gr\/wp-content\/uploads\/2014\/11\/favicon.png","contentUrl":"https:\/\/combotech.gr\/wp-content\/uploads\/2014\/11\/favicon.png","width":150,"height":150,"caption":"Combotech"},"image":{"@id":"https:\/\/combotech.gr\/#\/schema\/logo\/image\/"}}]}},"_links":{"self":[{"href":"https:\/\/combotech.gr\/fr\/wp-json\/wp\/v2\/pages\/1192"}],"collection":[{"href":"https:\/\/combotech.gr\/fr\/wp-json\/wp\/v2\/pages"}],"about":[{"href":"https:\/\/combotech.gr\/fr\/wp-json\/wp\/v2\/types\/page"}],"author":[{"embeddable":true,"href":"https:\/\/combotech.gr\/fr\/wp-json\/wp\/v2\/users\/1"}],"replies":[{"embeddable":true,"href":"https:\/\/combotech.gr\/fr\/wp-json\/wp\/v2\/comments?post=1192"}],"version-history":[{"count":1,"href":"https:\/\/combotech.gr\/fr\/wp-json\/wp\/v2\/pages\/1192\/revisions"}],"predecessor-version":[{"id":6787,"href":"https:\/\/combotech.gr\/fr\/wp-json\/wp\/v2\/pages\/1192\/revisions\/6787"}],"wp:attachment":[{"href":"https:\/\/combotech.gr\/fr\/wp-json\/wp\/v2\/media?parent=1192"}],"curies":[{"name":"wp","href":"https:\/\/api.w.org\/{rel}","templated":true}]}}