{"id":1194,"date":"2015-12-08T11:56:46","date_gmt":"2015-12-08T11:56:46","guid":{"rendered":"https:\/\/combotech.gr\/fr\/?page_id=1194"},"modified":"2020-01-29T12:57:04","modified_gmt":"2020-01-29T10:57:04","slug":"telephonie-internet","status":"publish","type":"page","link":"https:\/\/combotech.gr\/fr\/telephonie-internet\/","title":{"rendered":"T\u00e9l\u00e9phonie &#038; Internet"},"content":{"rendered":"<p>La fourniture de solutions communicationnelles fiables et l&rsquo;acc\u00e8s continu \u00e0 l&rsquo;Internet sont tous les deux, de nos jours, enti\u00e8rement entrelac\u00e9s avec le fonctionnement de l&rsquo;entreprise moderne. Cependant, il n\u2019est pas rare que les entreprises effectuent des t\u00e2ches li\u00e9es \u00e0 ces questions en ne disposant pas les ressources ad\u00e9quates ou le personnel appropri\u00e9. Dans de tels cas, elles ont besoin d&rsquo;un \u00ab partenaire fiable \u00bb.<\/p>\n<p>Les techniciens de <strong>ComboTech<\/strong> vont :<\/p>\n<ul>\n<li>mettre en place et personnaliser des r\u00e9seaux professionnels de t\u00e9l\u00e9phonie et des VPN,<\/li>\n<li>installer des connexions WiFi pour le personnel de l&rsquo;entreprise,<\/li>\n<li>poser un nouveau c\u00e2blage de t\u00e9l\u00e9phone et de puissance,<\/li>\n<li>sugg\u00e9rer des moyens pour am\u00e9liorer ou moderniser les installations existantes.<\/li>\n<\/ul>\n<p>En m\u00eame temps, <strong>ComboTech<\/strong> visite les m\u00e9nages et installe des filtres de t\u00e9l\u00e9phonie et des s\u00e9parateurs afin de faciliter la t\u00e9l\u00e9phonie et l&rsquo;acc\u00e8s \u00e0 l\u2019Internet dans toute la maison. Nos techniciens peuvent \u00e9galement configurer et personnaliser des routeurs domestiques (ports, WiFi, param\u00e8tres du pare-feu) et r\u00e9gler les p\u00e9riph\u00e9riques et les dossiers partag\u00e9s. De la plus simple jusqu\u2019\u00e0 la plus complexe des t\u00e2ches, <strong>ComboTech<\/strong> offre des solutions fiables et test\u00e9es, \u00e0 la fois pour les utilisateurs finaux des entreprises et des m\u00e9nages.<\/p>\n<p><a href=\"\/?page_id=120\">Contactez-nous<\/a> et d\u00e9couvrez comment nous pouvons vous aider \u00e0 g\u00e9rer vos op\u00e9rations quotidiennes sans heurts et comment garder votre communication et votre acc\u00e8s \u00e0 l\u2019Internet interne en toute s\u00e9curit\u00e9.<\/p>\n<h4 style=\"text-align: center;\"><a title=\"\" href=\"\/?page_id=1188\">Fibres Optiques<\/a><\/h4>\n<p>&nbsp;<\/p>\n<h4 style=\"text-align: center;\"><a title=\"\" href=\"\/?page_id=1190\">Maintenance des r\u00e9seaux et de l&rsquo;infrastructure<\/a><\/h4>\n<p>&nbsp;<\/p>\n<h4 style=\"text-align: center;\"><a title=\"\" href=\"\/?page_id=1192\">Installations &amp; Support Technique<\/a><\/h4>\n<p>&nbsp;<\/p>\n<h4 style=\"text-align: center;\"><a title=\"\" href=\"\/?page_id=1194\">T\u00e9l\u00e9phonie &amp;\u00a0Internet<\/a><\/h4>\n<p>&nbsp;<\/p>\n<h4 style=\"text-align: center;\"><a title=\"\" href=\"\/?page_id=1195\">T\u00e9l\u00e9phonie &amp; Syst\u00e8mes \u00e0 Satellites \u00e0 large bande<\/a><\/h4>\n<p>&nbsp;<\/p>\n","protected":false},"excerpt":{"rendered":"<p>La fourniture de solutions communicationnelles fiables et l&rsquo;acc\u00e8s continu \u00e0 l&rsquo;Internet sont tous les deux, de nos jours, enti\u00e8rement entrelac\u00e9s avec le fonctionnement de l&rsquo;entreprise&#8230;<\/p>\n","protected":false},"author":1,"featured_media":0,"parent":0,"menu_order":0,"comment_status":"closed","ping_status":"closed","template":"","meta":[],"yoast_head":"<!-- This site is optimized with the Yoast SEO plugin v20.7 - https:\/\/yoast.com\/wordpress\/plugins\/seo\/ -->\n<title>T\u00e9l\u00e9phonie &amp; Internet - Combotech<\/title>\n<meta name=\"robots\" content=\"index, follow, max-snippet:-1, max-image-preview:large, max-video-preview:-1\" \/>\n<link rel=\"canonical\" href=\"https:\/\/combotech.gr\/fr\/telephonie-internet\/\" \/>\n<meta property=\"og:locale\" content=\"fr_FR\" \/>\n<meta property=\"og:type\" content=\"article\" \/>\n<meta property=\"og:title\" content=\"T\u00e9l\u00e9phonie &amp; Internet - Combotech\" \/>\n<meta property=\"og:description\" content=\"La fourniture de solutions communicationnelles fiables et l&rsquo;acc\u00e8s continu \u00e0 l&rsquo;Internet sont tous les deux, de nos jours, enti\u00e8rement entrelac\u00e9s avec le fonctionnement de l&rsquo;entreprise...\" \/>\n<meta property=\"og:url\" content=\"https:\/\/combotech.gr\/fr\/telephonie-internet\/\" \/>\n<meta property=\"og:site_name\" content=\"Combotech\" \/>\n<meta property=\"article:modified_time\" content=\"2020-01-29T10:57:04+00:00\" \/>\n<meta name=\"twitter:label1\" content=\"Dur\u00e9e de lecture estim\u00e9e\" \/>\n\t<meta name=\"twitter:data1\" content=\"1 minute\" \/>\n<script type=\"application\/ld+json\" class=\"yoast-schema-graph\">{\"@context\":\"https:\/\/schema.org\",\"@graph\":[{\"@type\":\"WebPage\",\"@id\":\"https:\/\/combotech.gr\/fr\/telephonie-internet\/\",\"url\":\"https:\/\/combotech.gr\/fr\/telephonie-internet\/\",\"name\":\"T\u00e9l\u00e9phonie & Internet - Combotech\",\"isPartOf\":{\"@id\":\"https:\/\/combotech.gr\/#website\"},\"datePublished\":\"2015-12-08T11:56:46+00:00\",\"dateModified\":\"2020-01-29T10:57:04+00:00\",\"breadcrumb\":{\"@id\":\"https:\/\/combotech.gr\/fr\/telephonie-internet\/#breadcrumb\"},\"inLanguage\":\"fr-FR\",\"potentialAction\":[{\"@type\":\"ReadAction\",\"target\":[\"https:\/\/combotech.gr\/fr\/telephonie-internet\/\"]}]},{\"@type\":\"BreadcrumbList\",\"@id\":\"https:\/\/combotech.gr\/fr\/telephonie-internet\/#breadcrumb\",\"itemListElement\":[{\"@type\":\"ListItem\",\"position\":1,\"name\":\"Home\",\"item\":\"https:\/\/combotech.gr\/\"},{\"@type\":\"ListItem\",\"position\":2,\"name\":\"T\u00e9l\u00e9phonie &#038; Internet\"}]},{\"@type\":\"WebSite\",\"@id\":\"https:\/\/combotech.gr\/#website\",\"url\":\"https:\/\/combotech.gr\/\",\"name\":\"Combotech\",\"description\":\"\u03c4\u03b7\u03bb\u03ad\u03c6\u03c9\u03bd\u03bf | \u03b4\u03b9\u03b1\u03b4\u03af\u03ba\u03c4\u03c5\u03bf |\u03b4\u03bf\u03c1\u03c5\u03c6\u03bf\u03c1\u03b9\u03ba\u03ac | \u03bf\u03c0\u03c4\u03b9\u03ba\u03ad\u03c2 \u03af\u03bd\u03b5\u03c2\",\"publisher\":{\"@id\":\"https:\/\/combotech.gr\/#organization\"},\"potentialAction\":[{\"@type\":\"SearchAction\",\"target\":{\"@type\":\"EntryPoint\",\"urlTemplate\":\"https:\/\/combotech.gr\/?s={search_term_string}\"},\"query-input\":\"required name=search_term_string\"}],\"inLanguage\":\"fr-FR\"},{\"@type\":\"Organization\",\"@id\":\"https:\/\/combotech.gr\/#organization\",\"name\":\"Combotech\",\"url\":\"https:\/\/combotech.gr\/\",\"logo\":{\"@type\":\"ImageObject\",\"inLanguage\":\"fr-FR\",\"@id\":\"https:\/\/combotech.gr\/#\/schema\/logo\/image\/\",\"url\":\"https:\/\/combotech.gr\/wp-content\/uploads\/2014\/11\/favicon.png\",\"contentUrl\":\"https:\/\/combotech.gr\/wp-content\/uploads\/2014\/11\/favicon.png\",\"width\":150,\"height\":150,\"caption\":\"Combotech\"},\"image\":{\"@id\":\"https:\/\/combotech.gr\/#\/schema\/logo\/image\/\"}}]}<\/script>\n<!-- \/ Yoast SEO plugin. -->","yoast_head_json":{"title":"T\u00e9l\u00e9phonie & Internet - Combotech","robots":{"index":"index","follow":"follow","max-snippet":"max-snippet:-1","max-image-preview":"max-image-preview:large","max-video-preview":"max-video-preview:-1"},"canonical":"https:\/\/combotech.gr\/fr\/telephonie-internet\/","og_locale":"fr_FR","og_type":"article","og_title":"T\u00e9l\u00e9phonie & Internet - Combotech","og_description":"La fourniture de solutions communicationnelles fiables et l&rsquo;acc\u00e8s continu \u00e0 l&rsquo;Internet sont tous les deux, de nos jours, enti\u00e8rement entrelac\u00e9s avec le fonctionnement de l&rsquo;entreprise...","og_url":"https:\/\/combotech.gr\/fr\/telephonie-internet\/","og_site_name":"Combotech","article_modified_time":"2020-01-29T10:57:04+00:00","twitter_misc":{"Dur\u00e9e de lecture estim\u00e9e":"1 minute"},"schema":{"@context":"https:\/\/schema.org","@graph":[{"@type":"WebPage","@id":"https:\/\/combotech.gr\/fr\/telephonie-internet\/","url":"https:\/\/combotech.gr\/fr\/telephonie-internet\/","name":"T\u00e9l\u00e9phonie & Internet - Combotech","isPartOf":{"@id":"https:\/\/combotech.gr\/#website"},"datePublished":"2015-12-08T11:56:46+00:00","dateModified":"2020-01-29T10:57:04+00:00","breadcrumb":{"@id":"https:\/\/combotech.gr\/fr\/telephonie-internet\/#breadcrumb"},"inLanguage":"fr-FR","potentialAction":[{"@type":"ReadAction","target":["https:\/\/combotech.gr\/fr\/telephonie-internet\/"]}]},{"@type":"BreadcrumbList","@id":"https:\/\/combotech.gr\/fr\/telephonie-internet\/#breadcrumb","itemListElement":[{"@type":"ListItem","position":1,"name":"Home","item":"https:\/\/combotech.gr\/"},{"@type":"ListItem","position":2,"name":"T\u00e9l\u00e9phonie &#038; Internet"}]},{"@type":"WebSite","@id":"https:\/\/combotech.gr\/#website","url":"https:\/\/combotech.gr\/","name":"Combotech","description":"\u03c4\u03b7\u03bb\u03ad\u03c6\u03c9\u03bd\u03bf | \u03b4\u03b9\u03b1\u03b4\u03af\u03ba\u03c4\u03c5\u03bf |\u03b4\u03bf\u03c1\u03c5\u03c6\u03bf\u03c1\u03b9\u03ba\u03ac | \u03bf\u03c0\u03c4\u03b9\u03ba\u03ad\u03c2 \u03af\u03bd\u03b5\u03c2","publisher":{"@id":"https:\/\/combotech.gr\/#organization"},"potentialAction":[{"@type":"SearchAction","target":{"@type":"EntryPoint","urlTemplate":"https:\/\/combotech.gr\/?s={search_term_string}"},"query-input":"required name=search_term_string"}],"inLanguage":"fr-FR"},{"@type":"Organization","@id":"https:\/\/combotech.gr\/#organization","name":"Combotech","url":"https:\/\/combotech.gr\/","logo":{"@type":"ImageObject","inLanguage":"fr-FR","@id":"https:\/\/combotech.gr\/#\/schema\/logo\/image\/","url":"https:\/\/combotech.gr\/wp-content\/uploads\/2014\/11\/favicon.png","contentUrl":"https:\/\/combotech.gr\/wp-content\/uploads\/2014\/11\/favicon.png","width":150,"height":150,"caption":"Combotech"},"image":{"@id":"https:\/\/combotech.gr\/#\/schema\/logo\/image\/"}}]}},"_links":{"self":[{"href":"https:\/\/combotech.gr\/fr\/wp-json\/wp\/v2\/pages\/1194"}],"collection":[{"href":"https:\/\/combotech.gr\/fr\/wp-json\/wp\/v2\/pages"}],"about":[{"href":"https:\/\/combotech.gr\/fr\/wp-json\/wp\/v2\/types\/page"}],"author":[{"embeddable":true,"href":"https:\/\/combotech.gr\/fr\/wp-json\/wp\/v2\/users\/1"}],"replies":[{"embeddable":true,"href":"https:\/\/combotech.gr\/fr\/wp-json\/wp\/v2\/comments?post=1194"}],"version-history":[{"count":1,"href":"https:\/\/combotech.gr\/fr\/wp-json\/wp\/v2\/pages\/1194\/revisions"}],"predecessor-version":[{"id":6789,"href":"https:\/\/combotech.gr\/fr\/wp-json\/wp\/v2\/pages\/1194\/revisions\/6789"}],"wp:attachment":[{"href":"https:\/\/combotech.gr\/fr\/wp-json\/wp\/v2\/media?parent=1194"}],"curies":[{"name":"wp","href":"https:\/\/api.w.org\/{rel}","templated":true}]}}