{"id":1195,"date":"2015-12-08T11:57:47","date_gmt":"2015-12-08T11:57:47","guid":{"rendered":"https:\/\/combotech.gr\/fr\/?page_id=1195"},"modified":"2020-01-29T13:07:09","modified_gmt":"2020-01-29T11:07:09","slug":"telephonie-systemes-a-satellites-a-large-bande","status":"publish","type":"page","link":"https:\/\/combotech.gr\/fr\/telephonie-systemes-a-satellites-a-large-bande\/","title":{"rendered":"T\u00e9l\u00e9phonie &#038; Syst\u00e8mes \u00e0 Satellites \u00e0 Large Bande"},"content":{"rendered":"<p>L&rsquo;utilisation de syst\u00e8mes \u00e0 satellites dans les domaines de la t\u00e9l\u00e9vision (TV payante\/par abonnement) et de l&rsquo;acc\u00e8s \u00e0 l\u2019Internet (\u00e0 travers le soi-disant \u00ab haut d\u00e9bit par satellite \u00bb) agrandit de jour en jour, en offrant des solutions aux besoins de l&rsquo;entreprise, ainsi qu\u2019au divertissement domestique.<\/p>\n<p><strong>ComboTech<\/strong> r\u00e9alise des installations complexes de r\u00e9cepteurs de satellites \u00e0 des locaux commerciaux, avec de multiples points d\u2019affichage et avec la capacit\u00e9 d&rsquo;acc\u00e9der \u00e0 divers bouquets satellitaires. De telles installations sont plus fr\u00e9quemment rencontr\u00e9es dans des caf\u00e9s, des h\u00f4tels, des bateaux, etc.<\/p>\n<p>En plus de cela, notre entreprise installe des liaisons par satellite \u00e0 large bande, en veillant \u00e0 ce que l&rsquo;acc\u00e8s \u00e0 l\u2019Internet soit pr\u00e9sent m\u00eame dans les endroits les plus recul\u00e9s et dans les r\u00e9gions o\u00f9 aucune ligne terrestre n\u2019existe.<\/p>\n<p><strong>ComboTech<\/strong> s\u2019assure que l&rsquo;entreprise moderne est connect\u00e9e au Web, ind\u00e9pendamment de l&rsquo;endroit d\u2019o\u00f9 elle op\u00e8re.<br \/>\n[\/av_textblock]\n[\/av_two_third][av_textblock size=\u00a0\u00bb font_color=\u00a0\u00bb color=\u00a0\u00bb]\nAu niveau des m\u00e9nages, de plus en plus de familles choisissent la TV par abonnement pour leur divertissement, tandis que les familles se trouvant dans des r\u00e9gions \u00e9loign\u00e9es (principalement rurales) installent des syst\u00e8mes \u00e0 satellites afin d&rsquo;acc\u00e9der \u00e0 l&rsquo;Internet pour suivre les nouvelles et pour avoir acc\u00e8s \u00e0 leurs e-mails, \u00e0 leurs r\u00e9seaux sociaux et \u00e0 leurs achats en ligne.<\/p>\n<p><strong>ComboTech<\/strong> met en place des d\u00e9codeurs et des transpondeurs, met \u00e0 niveau des installations multi-vues existantes, installe des syst\u00e8mes pour am\u00e9liorer la r\u00e9ception terrestre (antennes num\u00e9riques) et, enfin, \u00e9tablit des liaisons avec plus d&rsquo;un satellite de mani\u00e8re \u00e0 voir des bouquets additionnelles (Hotbird &#8211; Astra &#8211; Eutelsat).<\/p>\n<p><a href=\"\/?page_id=120\">Contactez-nous<\/a> et laissez-nous vous proposer le meilleur moyen d&rsquo;acc\u00e9der \u00e0 la t\u00e9l\u00e9vision par satellite pour votre maison et d&rsquo;avoir un acc\u00e8s haut d\u00e9bit pour votre entreprise, ou permettez-nous tout simplement d\u2019am\u00e9liorer votre r\u00e9ception terrestre et de transf\u00e9rer le signal de t\u00e9l\u00e9vision dans d&rsquo;autres zones de vos locaux.<\/p>\n<h4 style=\"text-align: center;\"><a title=\"\" href=\"\/?page_id=1188\">Fibres Optiques<\/a><\/h4>\n<p>&nbsp;<\/p>\n<h4 style=\"text-align: center;\"><a title=\"\" href=\"\/?page_id=1190\">Maintenance des r\u00e9seaux et de l&rsquo;infrastructure<\/a><\/h4>\n<p>&nbsp;<\/p>\n<h4 style=\"text-align: center;\"><a title=\"\" href=\"\/?page_id=1192\">Installations &amp; Support Technique<\/a><\/h4>\n<p>&nbsp;<\/p>\n<h4 style=\"text-align: center;\"><a title=\"\" href=\"\/?page_id=1194\">T\u00e9l\u00e9phonie &amp; Internet<\/a><\/h4>\n<p>&nbsp;<\/p>\n<h4 style=\"text-align: center;\"><a title=\"\" href=\"\/?page_id=1195\">T\u00e9l\u00e9phonie &amp; Syst\u00e8mes \u00e0 Satellites \u00e0 large bande<\/a><\/h4>\n<p>&nbsp;<\/p>\n","protected":false},"excerpt":{"rendered":"<p>L&rsquo;utilisation de syst\u00e8mes \u00e0 satellites dans les domaines de la t\u00e9l\u00e9vision (TV payante\/par abonnement) et de l&rsquo;acc\u00e8s \u00e0 l\u2019Internet (\u00e0 travers le soi-disant \u00ab haut&#8230;<\/p>\n","protected":false},"author":1,"featured_media":0,"parent":0,"menu_order":0,"comment_status":"closed","ping_status":"closed","template":"","meta":[],"yoast_head":"<!-- This site is optimized with the Yoast SEO plugin v20.7 - https:\/\/yoast.com\/wordpress\/plugins\/seo\/ -->\n<title>T\u00e9l\u00e9phonie &amp; Syst\u00e8mes \u00e0 Satellites \u00e0 Large Bande - Combotech<\/title>\n<meta name=\"robots\" content=\"index, follow, max-snippet:-1, max-image-preview:large, max-video-preview:-1\" \/>\n<link rel=\"canonical\" href=\"https:\/\/combotech.gr\/fr\/telephonie-systemes-a-satellites-a-large-bande\/\" \/>\n<meta property=\"og:locale\" content=\"fr_FR\" \/>\n<meta property=\"og:type\" content=\"article\" \/>\n<meta property=\"og:title\" content=\"T\u00e9l\u00e9phonie &amp; Syst\u00e8mes \u00e0 Satellites \u00e0 Large Bande - Combotech\" \/>\n<meta property=\"og:description\" content=\"L&rsquo;utilisation de syst\u00e8mes \u00e0 satellites dans les domaines de la t\u00e9l\u00e9vision (TV payante\/par abonnement) et de l&rsquo;acc\u00e8s \u00e0 l\u2019Internet (\u00e0 travers le soi-disant \u00ab haut...\" \/>\n<meta property=\"og:url\" content=\"https:\/\/combotech.gr\/fr\/telephonie-systemes-a-satellites-a-large-bande\/\" \/>\n<meta property=\"og:site_name\" content=\"Combotech\" \/>\n<meta property=\"article:modified_time\" content=\"2020-01-29T11:07:09+00:00\" \/>\n<meta name=\"twitter:label1\" content=\"Dur\u00e9e de lecture estim\u00e9e\" \/>\n\t<meta name=\"twitter:data1\" content=\"2 minutes\" \/>\n<script type=\"application\/ld+json\" class=\"yoast-schema-graph\">{\"@context\":\"https:\/\/schema.org\",\"@graph\":[{\"@type\":\"WebPage\",\"@id\":\"https:\/\/combotech.gr\/fr\/telephonie-systemes-a-satellites-a-large-bande\/\",\"url\":\"https:\/\/combotech.gr\/fr\/telephonie-systemes-a-satellites-a-large-bande\/\",\"name\":\"T\u00e9l\u00e9phonie & Syst\u00e8mes \u00e0 Satellites \u00e0 Large Bande - Combotech\",\"isPartOf\":{\"@id\":\"https:\/\/combotech.gr\/#website\"},\"datePublished\":\"2015-12-08T11:57:47+00:00\",\"dateModified\":\"2020-01-29T11:07:09+00:00\",\"breadcrumb\":{\"@id\":\"https:\/\/combotech.gr\/fr\/telephonie-systemes-a-satellites-a-large-bande\/#breadcrumb\"},\"inLanguage\":\"fr-FR\",\"potentialAction\":[{\"@type\":\"ReadAction\",\"target\":[\"https:\/\/combotech.gr\/fr\/telephonie-systemes-a-satellites-a-large-bande\/\"]}]},{\"@type\":\"BreadcrumbList\",\"@id\":\"https:\/\/combotech.gr\/fr\/telephonie-systemes-a-satellites-a-large-bande\/#breadcrumb\",\"itemListElement\":[{\"@type\":\"ListItem\",\"position\":1,\"name\":\"Home\",\"item\":\"https:\/\/combotech.gr\/\"},{\"@type\":\"ListItem\",\"position\":2,\"name\":\"T\u00e9l\u00e9phonie &#038; Syst\u00e8mes \u00e0 Satellites \u00e0 Large Bande\"}]},{\"@type\":\"WebSite\",\"@id\":\"https:\/\/combotech.gr\/#website\",\"url\":\"https:\/\/combotech.gr\/\",\"name\":\"Combotech\",\"description\":\"\u03c4\u03b7\u03bb\u03ad\u03c6\u03c9\u03bd\u03bf | \u03b4\u03b9\u03b1\u03b4\u03af\u03ba\u03c4\u03c5\u03bf |\u03b4\u03bf\u03c1\u03c5\u03c6\u03bf\u03c1\u03b9\u03ba\u03ac | \u03bf\u03c0\u03c4\u03b9\u03ba\u03ad\u03c2 \u03af\u03bd\u03b5\u03c2\",\"publisher\":{\"@id\":\"https:\/\/combotech.gr\/#organization\"},\"potentialAction\":[{\"@type\":\"SearchAction\",\"target\":{\"@type\":\"EntryPoint\",\"urlTemplate\":\"https:\/\/combotech.gr\/?s={search_term_string}\"},\"query-input\":\"required name=search_term_string\"}],\"inLanguage\":\"fr-FR\"},{\"@type\":\"Organization\",\"@id\":\"https:\/\/combotech.gr\/#organization\",\"name\":\"Combotech\",\"url\":\"https:\/\/combotech.gr\/\",\"logo\":{\"@type\":\"ImageObject\",\"inLanguage\":\"fr-FR\",\"@id\":\"https:\/\/combotech.gr\/#\/schema\/logo\/image\/\",\"url\":\"https:\/\/combotech.gr\/wp-content\/uploads\/2014\/11\/favicon.png\",\"contentUrl\":\"https:\/\/combotech.gr\/wp-content\/uploads\/2014\/11\/favicon.png\",\"width\":150,\"height\":150,\"caption\":\"Combotech\"},\"image\":{\"@id\":\"https:\/\/combotech.gr\/#\/schema\/logo\/image\/\"}}]}<\/script>\n<!-- \/ Yoast SEO plugin. -->","yoast_head_json":{"title":"T\u00e9l\u00e9phonie & Syst\u00e8mes \u00e0 Satellites \u00e0 Large Bande - Combotech","robots":{"index":"index","follow":"follow","max-snippet":"max-snippet:-1","max-image-preview":"max-image-preview:large","max-video-preview":"max-video-preview:-1"},"canonical":"https:\/\/combotech.gr\/fr\/telephonie-systemes-a-satellites-a-large-bande\/","og_locale":"fr_FR","og_type":"article","og_title":"T\u00e9l\u00e9phonie & Syst\u00e8mes \u00e0 Satellites \u00e0 Large Bande - Combotech","og_description":"L&rsquo;utilisation de syst\u00e8mes \u00e0 satellites dans les domaines de la t\u00e9l\u00e9vision (TV payante\/par abonnement) et de l&rsquo;acc\u00e8s \u00e0 l\u2019Internet (\u00e0 travers le soi-disant \u00ab haut...","og_url":"https:\/\/combotech.gr\/fr\/telephonie-systemes-a-satellites-a-large-bande\/","og_site_name":"Combotech","article_modified_time":"2020-01-29T11:07:09+00:00","twitter_misc":{"Dur\u00e9e de lecture estim\u00e9e":"2 minutes"},"schema":{"@context":"https:\/\/schema.org","@graph":[{"@type":"WebPage","@id":"https:\/\/combotech.gr\/fr\/telephonie-systemes-a-satellites-a-large-bande\/","url":"https:\/\/combotech.gr\/fr\/telephonie-systemes-a-satellites-a-large-bande\/","name":"T\u00e9l\u00e9phonie & Syst\u00e8mes \u00e0 Satellites \u00e0 Large Bande - Combotech","isPartOf":{"@id":"https:\/\/combotech.gr\/#website"},"datePublished":"2015-12-08T11:57:47+00:00","dateModified":"2020-01-29T11:07:09+00:00","breadcrumb":{"@id":"https:\/\/combotech.gr\/fr\/telephonie-systemes-a-satellites-a-large-bande\/#breadcrumb"},"inLanguage":"fr-FR","potentialAction":[{"@type":"ReadAction","target":["https:\/\/combotech.gr\/fr\/telephonie-systemes-a-satellites-a-large-bande\/"]}]},{"@type":"BreadcrumbList","@id":"https:\/\/combotech.gr\/fr\/telephonie-systemes-a-satellites-a-large-bande\/#breadcrumb","itemListElement":[{"@type":"ListItem","position":1,"name":"Home","item":"https:\/\/combotech.gr\/"},{"@type":"ListItem","position":2,"name":"T\u00e9l\u00e9phonie &#038; Syst\u00e8mes \u00e0 Satellites \u00e0 Large Bande"}]},{"@type":"WebSite","@id":"https:\/\/combotech.gr\/#website","url":"https:\/\/combotech.gr\/","name":"Combotech","description":"\u03c4\u03b7\u03bb\u03ad\u03c6\u03c9\u03bd\u03bf | \u03b4\u03b9\u03b1\u03b4\u03af\u03ba\u03c4\u03c5\u03bf |\u03b4\u03bf\u03c1\u03c5\u03c6\u03bf\u03c1\u03b9\u03ba\u03ac | \u03bf\u03c0\u03c4\u03b9\u03ba\u03ad\u03c2 \u03af\u03bd\u03b5\u03c2","publisher":{"@id":"https:\/\/combotech.gr\/#organization"},"potentialAction":[{"@type":"SearchAction","target":{"@type":"EntryPoint","urlTemplate":"https:\/\/combotech.gr\/?s={search_term_string}"},"query-input":"required name=search_term_string"}],"inLanguage":"fr-FR"},{"@type":"Organization","@id":"https:\/\/combotech.gr\/#organization","name":"Combotech","url":"https:\/\/combotech.gr\/","logo":{"@type":"ImageObject","inLanguage":"fr-FR","@id":"https:\/\/combotech.gr\/#\/schema\/logo\/image\/","url":"https:\/\/combotech.gr\/wp-content\/uploads\/2014\/11\/favicon.png","contentUrl":"https:\/\/combotech.gr\/wp-content\/uploads\/2014\/11\/favicon.png","width":150,"height":150,"caption":"Combotech"},"image":{"@id":"https:\/\/combotech.gr\/#\/schema\/logo\/image\/"}}]}},"_links":{"self":[{"href":"https:\/\/combotech.gr\/fr\/wp-json\/wp\/v2\/pages\/1195"}],"collection":[{"href":"https:\/\/combotech.gr\/fr\/wp-json\/wp\/v2\/pages"}],"about":[{"href":"https:\/\/combotech.gr\/fr\/wp-json\/wp\/v2\/types\/page"}],"author":[{"embeddable":true,"href":"https:\/\/combotech.gr\/fr\/wp-json\/wp\/v2\/users\/1"}],"replies":[{"embeddable":true,"href":"https:\/\/combotech.gr\/fr\/wp-json\/wp\/v2\/comments?post=1195"}],"version-history":[{"count":1,"href":"https:\/\/combotech.gr\/fr\/wp-json\/wp\/v2\/pages\/1195\/revisions"}],"predecessor-version":[{"id":6798,"href":"https:\/\/combotech.gr\/fr\/wp-json\/wp\/v2\/pages\/1195\/revisions\/6798"}],"wp:attachment":[{"href":"https:\/\/combotech.gr\/fr\/wp-json\/wp\/v2\/media?parent=1195"}],"curies":[{"name":"wp","href":"https:\/\/api.w.org\/{rel}","templated":true}]}}