{"id":6660,"date":"2020-01-24T16:26:46","date_gmt":"2020-01-24T14:26:46","guid":{"rendered":"https:\/\/combotech.gr\/contact-3\/"},"modified":"2020-01-24T16:26:46","modified_gmt":"2020-01-24T14:26:46","slug":"contact-3","status":"publish","type":"page","link":"https:\/\/combotech.gr\/fr\/contact-3\/","title":{"rendered":"Contact"},"content":{"rendered":"[av_heading tag=&rsquo;h3&prime; padding=&rsquo;10&rsquo; heading=&rsquo;Contact&rsquo; color=&rsquo;custom-color-heading&rsquo; style=&rsquo;blockquote modern-quote&rsquo; custom_font=&rsquo;#f4821f&rsquo; size=&rsquo;30&rsquo; subheading_active=\u00a0\u00bb subheading_size=&rsquo;15&rsquo; custom_class=\u00a0\u00bb][\/av_heading]\n[av_google_map height=&rsquo;400px&rsquo; zoom=&rsquo;16&rsquo; saturation=\u00a0\u00bb hue=\u00a0\u00bb zoom_control=&rsquo;aviaTBzoom_control&rsquo;]\n[av_gmap_location address=&rsquo;Sarpidonos 24&prime; city=&rsquo;Ath\u00e8nes &lsquo; country=&rsquo;Gr\u00e8ce&rsquo; long=&rsquo;23.705429200000026&prime; lat=&rsquo;37.9991938&prime; marker=\u00a0\u00bb imagesize=&rsquo;40&rsquo;][\/av_gmap_location]\n[\/av_google_map]\n[av_two_fifth first]\n[av_heading tag=&rsquo;h3&prime; padding=&rsquo;10&rsquo; heading=&rsquo;Informations de contact&rsquo; color=&rsquo;custom-color-heading&rsquo; style=&rsquo;blockquote modern-quote&rsquo; custom_font=&rsquo;#f4821f&rsquo; size=&rsquo;30&rsquo; subheading_active=\u00a0\u00bb subheading_size=&rsquo;15&rsquo; custom_class=\u00a0\u00bb][\/av_heading]\n[av_textblock size=\u00a0\u00bb font_color=\u00a0\u00bb color=\u00a0\u00bb]\nPour toutes les t\u00e2ches que nous pourrions vous aider avec, mais aussi pour tout ce que vous pourriez penser afin que nous fassions pour vous, s&rsquo;il vous pla\u00eet contactez-nous par t\u00e9l\u00e9phone au (+30) 21 10 10 7000, ou envoyez-nous un email \u00e0 l&rsquo;adresse <a href=\"mailto:info@combotech.gr\">info@combotech.gr<\/a>.<\/p>\n<p>Alternativement, vous pouvez envoyer vos questions \u00e0 nos bureaux, <a href=\"https:\/\/www.google.com\/maps\/place\/Sarpidonos+24,+Athina+104+42,+Greece\/@37.9991938,23.7032405,17z\/data=!3m1!4b1!4m2!3m1!1s0x14a1a32d3836a883:0xefa63d985a5e6d6a?hl=fr\">rue Sarpidonos 24, Ath\u00e8nes 104 42, Gr\u00e8ce<\/a>.<br \/>\n[\/av_textblock]\n[\/av_two_fifth][av_three_fifth min_height=\u00a0\u00bb vertical_alignment=\u00a0\u00bb space=\u00a0\u00bb custom_margin=\u00a0\u00bb margin=&rsquo;0px&rsquo; padding=&rsquo;0px&rsquo; border=\u00a0\u00bb border_color=\u00a0\u00bb radius=&rsquo;0px&rsquo; background_color=\u00a0\u00bb src=\u00a0\u00bb background_position=&rsquo;top left&rsquo; background_repeat=&rsquo;no-repeat&rsquo;]\n[av_heading heading=&rsquo;Contactez-nous&rsquo; tag=&rsquo;h3&prime; style=&rsquo;blockquote modern-quote&rsquo; size=&rsquo;30&rsquo; subheading_active=\u00a0\u00bb subheading_size=&rsquo;15&rsquo; padding=&rsquo;10&rsquo; color=&rsquo;custom-color-heading&rsquo; custom_font=&rsquo;#f4821f&rsquo;][\/av_heading]\n[av_hr class=&rsquo;invisible&rsquo; height=&rsquo;10&rsquo; shadow=&rsquo;no-shadow&rsquo; position=&rsquo;center&rsquo; custom_border=&rsquo;av-border-thin&rsquo; custom_width=&rsquo;50px&rsquo; custom_border_color=\u00a0\u00bb custom_margin_top=&rsquo;30px&rsquo; custom_margin_bottom=&rsquo;30px&rsquo; icon_select=&rsquo;yes&rsquo; custom_icon_color=\u00a0\u00bb icon=&rsquo;ue808&prime; font=&rsquo;entypo-fontello&rsquo;]\n[av_textblock size=\u00a0\u00bb font_color=\u00a0\u00bb color=\u00a0\u00bb]\n<h4>Remplissez ce formulaire pour nous contacter s&rsquo;il vous pla\u00eet.<\/h4>\n[\/av_textblock]\n[av_hr class=&rsquo;invisible&rsquo; height=&rsquo;20&rsquo; shadow=&rsquo;no-shadow&rsquo; position=&rsquo;center&rsquo; custom_border=&rsquo;av-border-thin&rsquo; custom_width=&rsquo;50px&rsquo; custom_border_color=\u00a0\u00bb custom_margin_top=&rsquo;30px&rsquo; custom_margin_bottom=&rsquo;30px&rsquo; icon_select=&rsquo;yes&rsquo; custom_icon_color=\u00a0\u00bb icon=&rsquo;ue808&prime; font=&rsquo;entypo-fontello&rsquo;]\n[av_textblock size=\u00a0\u00bb font_color=\u00a0\u00bb color=\u00a0\u00bb]\n[ninja_forms_display_form id=10]\n[\/av_textblock]\n[\/av_three_fifth]\n","protected":false},"excerpt":{"rendered":"<p>[av_heading tag=&rsquo;h3&prime; padding=&rsquo;10&rsquo; heading=&rsquo;Contact&rsquo; color=&rsquo;custom-color-heading&rsquo; style=&rsquo;blockquote modern-quote&rsquo; custom_font=&rsquo;#f4821f&rsquo; size=&rsquo;30&rsquo; subheading_active=\u00a0\u00bb subheading_size=&rsquo;15&rsquo; custom_class=\u00a0\u00bb][\/av_heading] [av_google_map height=&rsquo;400px&rsquo; zoom=&rsquo;16&rsquo; saturation=\u00a0\u00bb hue=\u00a0\u00bb zoom_control=&rsquo;aviaTBzoom_control&rsquo;] [av_gmap_location address=&rsquo;Sarpidonos 24&prime; city=&rsquo;Ath\u00e8nes &lsquo; country=&rsquo;Gr\u00e8ce&rsquo; long=&rsquo;23.705429200000026&prime;&#8230;<\/p>\n","protected":false},"author":6,"featured_media":0,"parent":0,"menu_order":0,"comment_status":"closed","ping_status":"closed","template":"","meta":[],"yoast_head":"<!-- This site is optimized with the Yoast SEO plugin v20.7 - https:\/\/yoast.com\/wordpress\/plugins\/seo\/ -->\n<title>Contact - Combotech<\/title>\n<meta name=\"robots\" content=\"index, follow, max-snippet:-1, max-image-preview:large, max-video-preview:-1\" \/>\n<link rel=\"canonical\" href=\"https:\/\/combotech.gr\/fr\/contact-3\/\" \/>\n<meta property=\"og:locale\" content=\"fr_FR\" \/>\n<meta property=\"og:type\" content=\"article\" \/>\n<meta property=\"og:title\" content=\"Contact - Combotech\" \/>\n<meta property=\"og:description\" content=\"[av_heading tag=&rsquo;h3&prime; padding=&rsquo;10&rsquo; heading=&rsquo;Contact&rsquo; color=&rsquo;custom-color-heading&rsquo; style=&rsquo;blockquote modern-quote&rsquo; custom_font=&rsquo;#f4821f&rsquo; size=&rsquo;30&rsquo; subheading_active=\u00a0\u00bb subheading_size=&rsquo;15&rsquo; custom_class=\u00a0\u00bb][\/av_heading] [av_google_map height=&rsquo;400px&rsquo; zoom=&rsquo;16&rsquo; saturation=\u00a0\u00bb hue=\u00a0\u00bb zoom_control=&rsquo;aviaTBzoom_control&rsquo;] [av_gmap_location address=&rsquo;Sarpidonos 24&prime; city=&rsquo;Ath\u00e8nes &lsquo; country=&rsquo;Gr\u00e8ce&rsquo; long=&rsquo;23.705429200000026&prime;...\" \/>\n<meta property=\"og:url\" content=\"https:\/\/combotech.gr\/fr\/contact-3\/\" \/>\n<meta property=\"og:site_name\" content=\"Combotech\" \/>\n<meta name=\"twitter:label1\" content=\"Dur\u00e9e de lecture estim\u00e9e\" \/>\n\t<meta name=\"twitter:data1\" content=\"2 minutes\" \/>\n<script type=\"application\/ld+json\" class=\"yoast-schema-graph\">{\"@context\":\"https:\/\/schema.org\",\"@graph\":[{\"@type\":\"WebPage\",\"@id\":\"https:\/\/combotech.gr\/fr\/contact-3\/\",\"url\":\"https:\/\/combotech.gr\/fr\/contact-3\/\",\"name\":\"Contact - Combotech\",\"isPartOf\":{\"@id\":\"https:\/\/combotech.gr\/#website\"},\"datePublished\":\"2020-01-24T14:26:46+00:00\",\"dateModified\":\"2020-01-24T14:26:46+00:00\",\"breadcrumb\":{\"@id\":\"https:\/\/combotech.gr\/fr\/contact-3\/#breadcrumb\"},\"inLanguage\":\"fr-FR\",\"potentialAction\":[{\"@type\":\"ReadAction\",\"target\":[\"https:\/\/combotech.gr\/fr\/contact-3\/\"]}]},{\"@type\":\"BreadcrumbList\",\"@id\":\"https:\/\/combotech.gr\/fr\/contact-3\/#breadcrumb\",\"itemListElement\":[{\"@type\":\"ListItem\",\"position\":1,\"name\":\"Home\",\"item\":\"https:\/\/combotech.gr\/\"},{\"@type\":\"ListItem\",\"position\":2,\"name\":\"Contact\"}]},{\"@type\":\"WebSite\",\"@id\":\"https:\/\/combotech.gr\/#website\",\"url\":\"https:\/\/combotech.gr\/\",\"name\":\"Combotech\",\"description\":\"\u03c4\u03b7\u03bb\u03ad\u03c6\u03c9\u03bd\u03bf | \u03b4\u03b9\u03b1\u03b4\u03af\u03ba\u03c4\u03c5\u03bf |\u03b4\u03bf\u03c1\u03c5\u03c6\u03bf\u03c1\u03b9\u03ba\u03ac | \u03bf\u03c0\u03c4\u03b9\u03ba\u03ad\u03c2 \u03af\u03bd\u03b5\u03c2\",\"publisher\":{\"@id\":\"https:\/\/combotech.gr\/#organization\"},\"potentialAction\":[{\"@type\":\"SearchAction\",\"target\":{\"@type\":\"EntryPoint\",\"urlTemplate\":\"https:\/\/combotech.gr\/?s={search_term_string}\"},\"query-input\":\"required name=search_term_string\"}],\"inLanguage\":\"fr-FR\"},{\"@type\":\"Organization\",\"@id\":\"https:\/\/combotech.gr\/#organization\",\"name\":\"Combotech\",\"url\":\"https:\/\/combotech.gr\/\",\"logo\":{\"@type\":\"ImageObject\",\"inLanguage\":\"fr-FR\",\"@id\":\"https:\/\/combotech.gr\/#\/schema\/logo\/image\/\",\"url\":\"https:\/\/combotech.gr\/wp-content\/uploads\/2014\/11\/favicon.png\",\"contentUrl\":\"https:\/\/combotech.gr\/wp-content\/uploads\/2014\/11\/favicon.png\",\"width\":150,\"height\":150,\"caption\":\"Combotech\"},\"image\":{\"@id\":\"https:\/\/combotech.gr\/#\/schema\/logo\/image\/\"}}]}<\/script>\n<!-- \/ Yoast SEO plugin. -->","yoast_head_json":{"title":"Contact - Combotech","robots":{"index":"index","follow":"follow","max-snippet":"max-snippet:-1","max-image-preview":"max-image-preview:large","max-video-preview":"max-video-preview:-1"},"canonical":"https:\/\/combotech.gr\/fr\/contact-3\/","og_locale":"fr_FR","og_type":"article","og_title":"Contact - Combotech","og_description":"[av_heading tag=&rsquo;h3&prime; padding=&rsquo;10&rsquo; heading=&rsquo;Contact&rsquo; color=&rsquo;custom-color-heading&rsquo; style=&rsquo;blockquote modern-quote&rsquo; custom_font=&rsquo;#f4821f&rsquo; size=&rsquo;30&rsquo; subheading_active=\u00a0\u00bb subheading_size=&rsquo;15&rsquo; custom_class=\u00a0\u00bb][\/av_heading] [av_google_map height=&rsquo;400px&rsquo; zoom=&rsquo;16&rsquo; saturation=\u00a0\u00bb hue=\u00a0\u00bb zoom_control=&rsquo;aviaTBzoom_control&rsquo;] [av_gmap_location address=&rsquo;Sarpidonos 24&prime; city=&rsquo;Ath\u00e8nes &lsquo; country=&rsquo;Gr\u00e8ce&rsquo; long=&rsquo;23.705429200000026&prime;...","og_url":"https:\/\/combotech.gr\/fr\/contact-3\/","og_site_name":"Combotech","twitter_misc":{"Dur\u00e9e de lecture estim\u00e9e":"2 minutes"},"schema":{"@context":"https:\/\/schema.org","@graph":[{"@type":"WebPage","@id":"https:\/\/combotech.gr\/fr\/contact-3\/","url":"https:\/\/combotech.gr\/fr\/contact-3\/","name":"Contact - Combotech","isPartOf":{"@id":"https:\/\/combotech.gr\/#website"},"datePublished":"2020-01-24T14:26:46+00:00","dateModified":"2020-01-24T14:26:46+00:00","breadcrumb":{"@id":"https:\/\/combotech.gr\/fr\/contact-3\/#breadcrumb"},"inLanguage":"fr-FR","potentialAction":[{"@type":"ReadAction","target":["https:\/\/combotech.gr\/fr\/contact-3\/"]}]},{"@type":"BreadcrumbList","@id":"https:\/\/combotech.gr\/fr\/contact-3\/#breadcrumb","itemListElement":[{"@type":"ListItem","position":1,"name":"Home","item":"https:\/\/combotech.gr\/"},{"@type":"ListItem","position":2,"name":"Contact"}]},{"@type":"WebSite","@id":"https:\/\/combotech.gr\/#website","url":"https:\/\/combotech.gr\/","name":"Combotech","description":"\u03c4\u03b7\u03bb\u03ad\u03c6\u03c9\u03bd\u03bf | \u03b4\u03b9\u03b1\u03b4\u03af\u03ba\u03c4\u03c5\u03bf |\u03b4\u03bf\u03c1\u03c5\u03c6\u03bf\u03c1\u03b9\u03ba\u03ac | \u03bf\u03c0\u03c4\u03b9\u03ba\u03ad\u03c2 \u03af\u03bd\u03b5\u03c2","publisher":{"@id":"https:\/\/combotech.gr\/#organization"},"potentialAction":[{"@type":"SearchAction","target":{"@type":"EntryPoint","urlTemplate":"https:\/\/combotech.gr\/?s={search_term_string}"},"query-input":"required name=search_term_string"}],"inLanguage":"fr-FR"},{"@type":"Organization","@id":"https:\/\/combotech.gr\/#organization","name":"Combotech","url":"https:\/\/combotech.gr\/","logo":{"@type":"ImageObject","inLanguage":"fr-FR","@id":"https:\/\/combotech.gr\/#\/schema\/logo\/image\/","url":"https:\/\/combotech.gr\/wp-content\/uploads\/2014\/11\/favicon.png","contentUrl":"https:\/\/combotech.gr\/wp-content\/uploads\/2014\/11\/favicon.png","width":150,"height":150,"caption":"Combotech"},"image":{"@id":"https:\/\/combotech.gr\/#\/schema\/logo\/image\/"}}]}},"_links":{"self":[{"href":"https:\/\/combotech.gr\/fr\/wp-json\/wp\/v2\/pages\/6660"}],"collection":[{"href":"https:\/\/combotech.gr\/fr\/wp-json\/wp\/v2\/pages"}],"about":[{"href":"https:\/\/combotech.gr\/fr\/wp-json\/wp\/v2\/types\/page"}],"author":[{"embeddable":true,"href":"https:\/\/combotech.gr\/fr\/wp-json\/wp\/v2\/users\/6"}],"replies":[{"embeddable":true,"href":"https:\/\/combotech.gr\/fr\/wp-json\/wp\/v2\/comments?post=6660"}],"version-history":[{"count":0,"href":"https:\/\/combotech.gr\/fr\/wp-json\/wp\/v2\/pages\/6660\/revisions"}],"wp:attachment":[{"href":"https:\/\/combotech.gr\/fr\/wp-json\/wp\/v2\/media?parent=6660"}],"curies":[{"name":"wp","href":"https:\/\/api.w.org\/{rel}","templated":true}]}}